{"id":7627,"date":"2022-11-02T10:18:38","date_gmt":"2022-11-02T10:18:38","guid":{"rendered":"https:\/\/finetravelalbania.com\/tour\/albanian-culinary-tour\/"},"modified":"2026-02-04T15:05:21","modified_gmt":"2026-02-04T15:05:21","slug":"tour-culinario-albanes","status":"publish","type":"product","link":"https:\/\/finetravelalbania.com\/es\/tour\/tour-culinario-albanes\/","title":{"rendered":"Tour Culinario Alban\u00e9s"},"content":{"rendered":"\t\t<div data-elementor-type=\"wp-post\" data-elementor-id=\"7627\" class=\"elementor elementor-7627 elementor-5084\">\n\t\t\t\t\t\t<section class=\"elementor-section elementor-top-section elementor-element elementor-element-6f57720 elementor-section-boxed elementor-section-height-default elementor-section-height-default\" data-id=\"6f57720\" data-element_type=\"section\">\n\t\t\t\t\t\t<div class=\"elementor-container elementor-column-gap-default\">\n\t\t\t\t\t<div class=\"elementor-column elementor-col-100 elementor-top-column elementor-element elementor-element-de6d069\" data-id=\"de6d069\" data-element_type=\"column\">\n\t\t\t<div class=\"elementor-widget-wrap elementor-element-populated\">\n\t\t\t\t\t\t<div class=\"elementor-element elementor-element-4a41b3a elementor-widget elementor-widget-text-editor\" data-id=\"4a41b3a\" data-element_type=\"widget\" data-widget_type=\"text-editor.default\">\n\t\t\t\t<div class=\"elementor-widget-container\">\n\t\t\t\t\t\t\t\t\t<p><em>La cocina de Albania es simple pero rch en el jard\u00edn fresco a la comida de la mesa. La cocina es una mezcla de influencias de la cocina turca, italiana, griega, pero es definitivamente mediterr\u00e1nea en su n\u00facleo. Similar a la cocina griega, elimina las fuertes especias del Medio Oriente, compensando en cambio mediante el uso de hierbas mediterr\u00e1neas, haciendo que los sabores sean m\u00e1s sutiles. Un movimiento de chefs con formaci\u00f3n formal y experiencia en el extranjero, ha comenzado a revivir las viejas recetas de la cocina tradicional albanesa, y algunas se han vuelto extremadamente populares entre los lugare\u00f1os y los visitantes extranjeros.\u00a0 Este tour culinario est\u00e1 dise\u00f1ado para darle una buena idea de lo que se trata la cocina albanesa.\u00a0 <\/em><\/p><h3><strong>Precio Individual (excepto Julio y Agosto)<\/strong><\/h3><p><a href=\"#\"><strong>2199 euros <\/strong><\/a><strong>por persona<\/strong> compartiendo una habitaci\u00f3n doble o doble para un m\u00ednimo de 2 participantes de pago<\/p><p><strong>Suplemento individual = <a href=\"#\">270 euros<\/a>.\u00a0 <\/strong>(Las habitaciones individuales generalmente ser\u00e1n dobles o dobles para uso individual).<\/p><p><strong>(Nota: Trabajamos con hoteles de nivel 4* como base de partida. Cont\u00e1ctanos para un itinerario personalizado!)<\/strong><\/p><h3><strong>Precio del tour en grupo<\/strong><\/h3><p><strong>M\u00ednimo 2 pax<\/strong> \u2013 por favor cont\u00e1ctenos para una cotizaci\u00f3n r\u00e1pida BB, HB o FB e incluyendo las entradas.<\/p>\t\t\t\t\t\t\t\t<\/div>\n\t\t\t\t<\/div>\n\t\t\t\t<div class=\"elementor-element elementor-element-7009100 elementor-widget elementor-widget-text-editor\" data-id=\"7009100\" data-element_type=\"widget\" data-widget_type=\"text-editor.default\">\n\t\t\t\t<div class=\"elementor-widget-container\">\n\t\t\t\t\t\t\t\t\t<h3>Incluida:<\/h3><ul><li class=\"item-tour-included\"><p>Transporte con veh\u00edculo moderno c\u00f3modo y espacioso con aire acondicionado, incluido el servicio de recogida en el aeropuerto<\/p><\/li><li class=\"item-tour-included\"><p>2x botellas de agua por persona por d\u00eda en el veh\u00edculo<\/p><\/li><li class=\"item-tour-included\"><p>Gu\u00eda tur\u00edstico especializado en ingl\u00e9s que sirve como su conductor<\/p><\/li><li class=\"item-tour-included\"><p>Alojamiento por 7 noches en hoteles boutique de 4 * cuidadosamente solicitados, con desayuno<\/p><\/li><li class=\"item-tour-included\"><p>Traslado al aeropuerto el \u00faltimo d\u00eda<\/p><\/li><li class=\"item-tour-included\"><p>Todos los impuestos<\/p><\/li><\/ul>\t\t\t\t\t\t\t\t<\/div>\n\t\t\t\t<\/div>\n\t\t\t\t<div class=\"elementor-element elementor-element-1b0ec38 elementor-widget elementor-widget-text-editor\" data-id=\"1b0ec38\" data-element_type=\"widget\" data-widget_type=\"text-editor.default\">\n\t\t\t\t<div class=\"elementor-widget-container\">\n\t\t\t\t\t\t\t\t\t<h3>No Incluidas:<\/h3><ul><li class=\"item-tour-excluded\"><p>Billetes de avi\u00f3n<\/p><\/li><li class=\"item-tour-excluded\"><p>Almuerzos y cenas<\/p><\/li><li class=\"item-tour-excluded\"><p>Propinas \/ propina al conductor, gu\u00eda<\/p><\/li><li class=\"item-tour-excluded\"><p>Entradas (aprox. 25-30 euros PP dependiendo de los intereses)<\/p><\/li><li class=\"item-tour-excluded\"><p>Todo lo dem\u00e1s no mencionado en la secci\u00f3n incluida<\/p><\/li><\/ul>\t\t\t\t\t\t\t\t<\/div>\n\t\t\t\t<\/div>\n\t\t\t\t\t<\/div>\n\t\t<\/div>\n\t\t\t\t\t<\/div>\n\t\t<\/section>\n\t\t\t\t<\/div>\n\t\t","protected":false},"excerpt":{"rendered":"<p>La cocina de Albania es simple pero rch en el jard\u00edn fresco a la comida de la mesa. La cocina es una mezcla de influencias de la cocina turca, italiana, griega, pero es definitivamente mediterr\u00e1nea en su n\u00facleo. Similar a la cocina griega, elimina las fuertes especias del Medio Oriente, compensando en cambio mediante el [&hellip;]<\/p>\n","protected":false},"featured_media":7324,"template":"","meta":[],"product_brand":[],"product_cat":[74],"product_tag":[],"class_list":{"0":"post-7627","1":"product","2":"type-product","3":"status-publish","4":"has-post-thumbnail","6":"product_cat-albania-tours-es","8":"first","9":"instock","10":"shipping-taxable","11":"purchasable","12":"product-type-ovabrw_car_rental"},"yoast_head":"<!-- This site is optimized with the Yoast SEO plugin v26.3 - https:\/\/yoast.com\/wordpress\/plugins\/seo\/ -->\n<title>Tour Culinario Alban\u00e9s - Fine Travel Albania<\/title>\n<meta name=\"robots\" content=\"index, follow, max-snippet:-1, max-image-preview:large, max-video-preview:-1\" \/>\n<link rel=\"canonical\" href=\"https:\/\/finetravelalbania.com\/es\/tour\/tour-culinario-albanes\/\" \/>\n<meta property=\"og:locale\" content=\"es_ES\" \/>\n<meta property=\"og:type\" content=\"article\" \/>\n<meta property=\"og:title\" content=\"Tour Culinario Alban\u00e9s - Fine Travel Albania\" \/>\n<meta property=\"og:description\" content=\"La cocina de Albania es simple pero rch en el jard\u00edn fresco a la comida de la mesa. La cocina es una mezcla de influencias de la cocina turca, italiana, griega, pero es definitivamente mediterr\u00e1nea en su n\u00facleo. Similar a la cocina griega, elimina las fuertes especias del Medio Oriente, compensando en cambio mediante el [&hellip;]\" \/>\n<meta property=\"og:url\" content=\"https:\/\/finetravelalbania.com\/es\/tour\/tour-culinario-albanes\/\" \/>\n<meta property=\"og:site_name\" content=\"Fine Travel Albania\" \/>\n<meta property=\"article:modified_time\" content=\"2026-02-04T15:05:21+00:00\" \/>\n<meta property=\"og:image\" content=\"https:\/\/finetravelalbania.com\/wp-content\/uploads\/2022\/10\/foto6-min-2.jpg\" \/>\n\t<meta property=\"og:image:width\" content=\"800\" \/>\n\t<meta property=\"og:image:height\" content=\"450\" \/>\n\t<meta property=\"og:image:type\" content=\"image\/jpeg\" \/>\n<meta name=\"twitter:card\" content=\"summary_large_image\" \/>\n<meta name=\"twitter:label1\" content=\"Tiempo de lectura\" \/>\n\t<meta name=\"twitter:data1\" content=\"2 minutos\" \/>\n<script type=\"application\/ld+json\" class=\"yoast-schema-graph\">{\"@context\":\"https:\/\/schema.org\",\"@graph\":[{\"@type\":\"WebPage\",\"@id\":\"https:\/\/finetravelalbania.com\/es\/tour\/tour-culinario-albanes\/\",\"url\":\"https:\/\/finetravelalbania.com\/es\/tour\/tour-culinario-albanes\/\",\"name\":\"Tour Culinario Alban\u00e9s - Fine Travel Albania\",\"isPartOf\":{\"@id\":\"https:\/\/finetravelalbania.com\/#website\"},\"primaryImageOfPage\":{\"@id\":\"https:\/\/finetravelalbania.com\/es\/tour\/tour-culinario-albanes\/#primaryimage\"},\"image\":{\"@id\":\"https:\/\/finetravelalbania.com\/es\/tour\/tour-culinario-albanes\/#primaryimage\"},\"thumbnailUrl\":\"https:\/\/finetravelalbania.com\/wp-content\/uploads\/2022\/10\/foto6-min-2.jpg\",\"datePublished\":\"2022-11-02T10:18:38+00:00\",\"dateModified\":\"2026-02-04T15:05:21+00:00\",\"breadcrumb\":{\"@id\":\"https:\/\/finetravelalbania.com\/es\/tour\/tour-culinario-albanes\/#breadcrumb\"},\"inLanguage\":\"es\",\"potentialAction\":[{\"@type\":\"ReadAction\",\"target\":[\"https:\/\/finetravelalbania.com\/es\/tour\/tour-culinario-albanes\/\"]}]},{\"@type\":\"ImageObject\",\"inLanguage\":\"es\",\"@id\":\"https:\/\/finetravelalbania.com\/es\/tour\/tour-culinario-albanes\/#primaryimage\",\"url\":\"https:\/\/finetravelalbania.com\/wp-content\/uploads\/2022\/10\/foto6-min-2.jpg\",\"contentUrl\":\"https:\/\/finetravelalbania.com\/wp-content\/uploads\/2022\/10\/foto6-min-2.jpg\",\"width\":800,\"height\":450,\"caption\":\"Excursiones en Albania, Albania Destino, Albania Cocina, Gu\u00eda de Albania, Viaje a Albania, Albania tiempo - Fine Travel Albania\"},{\"@type\":\"BreadcrumbList\",\"@id\":\"https:\/\/finetravelalbania.com\/es\/tour\/tour-culinario-albanes\/#breadcrumb\",\"itemListElement\":[{\"@type\":\"ListItem\",\"position\":1,\"name\":\"Home\",\"item\":\"https:\/\/finetravelalbania.com\/es\/\"},{\"@type\":\"ListItem\",\"position\":2,\"name\":\"Shop\",\"item\":\"https:\/\/finetravelalbania.com\/?page_id=13\"},{\"@type\":\"ListItem\",\"position\":3,\"name\":\"Tour Culinario Alban\u00e9s\"}]},{\"@type\":\"WebSite\",\"@id\":\"https:\/\/finetravelalbania.com\/#website\",\"url\":\"https:\/\/finetravelalbania.com\/\",\"name\":\"Fine Travel Albania\",\"description\":\"Your Boutique Travel Experts!\",\"publisher\":{\"@id\":\"https:\/\/finetravelalbania.com\/#organization\"},\"potentialAction\":[{\"@type\":\"SearchAction\",\"target\":{\"@type\":\"EntryPoint\",\"urlTemplate\":\"https:\/\/finetravelalbania.com\/?s={search_term_string}\"},\"query-input\":{\"@type\":\"PropertyValueSpecification\",\"valueRequired\":true,\"valueName\":\"search_term_string\"}}],\"inLanguage\":\"es\"},{\"@type\":\"Organization\",\"@id\":\"https:\/\/finetravelalbania.com\/#organization\",\"name\":\"Fine Travel Albania\",\"url\":\"https:\/\/finetravelalbania.com\/\",\"logo\":{\"@type\":\"ImageObject\",\"inLanguage\":\"es\",\"@id\":\"https:\/\/finetravelalbania.com\/#\/schema\/logo\/image\/\",\"url\":\"https:\/\/finetravelalbania.com\/wp-content\/uploads\/2022\/11\/logo-web.png\",\"contentUrl\":\"https:\/\/finetravelalbania.com\/wp-content\/uploads\/2022\/11\/logo-web.png\",\"width\":300,\"height\":243,\"caption\":\"Fine Travel Albania\"},\"image\":{\"@id\":\"https:\/\/finetravelalbania.com\/#\/schema\/logo\/image\/\"}}]}<\/script>\n<!-- \/ Yoast SEO plugin. -->","yoast_head_json":{"title":"Tour Culinario Alban\u00e9s - Fine Travel Albania","robots":{"index":"index","follow":"follow","max-snippet":"max-snippet:-1","max-image-preview":"max-image-preview:large","max-video-preview":"max-video-preview:-1"},"canonical":"https:\/\/finetravelalbania.com\/es\/tour\/tour-culinario-albanes\/","og_locale":"es_ES","og_type":"article","og_title":"Tour Culinario Alban\u00e9s - Fine Travel Albania","og_description":"La cocina de Albania es simple pero rch en el jard\u00edn fresco a la comida de la mesa. La cocina es una mezcla de influencias de la cocina turca, italiana, griega, pero es definitivamente mediterr\u00e1nea en su n\u00facleo. Similar a la cocina griega, elimina las fuertes especias del Medio Oriente, compensando en cambio mediante el [&hellip;]","og_url":"https:\/\/finetravelalbania.com\/es\/tour\/tour-culinario-albanes\/","og_site_name":"Fine Travel Albania","article_modified_time":"2026-02-04T15:05:21+00:00","og_image":[{"width":800,"height":450,"url":"https:\/\/finetravelalbania.com\/wp-content\/uploads\/2022\/10\/foto6-min-2.jpg","type":"image\/jpeg"}],"twitter_card":"summary_large_image","twitter_misc":{"Tiempo de lectura":"2 minutos"},"schema":{"@context":"https:\/\/schema.org","@graph":[{"@type":"WebPage","@id":"https:\/\/finetravelalbania.com\/es\/tour\/tour-culinario-albanes\/","url":"https:\/\/finetravelalbania.com\/es\/tour\/tour-culinario-albanes\/","name":"Tour Culinario Alban\u00e9s - Fine Travel Albania","isPartOf":{"@id":"https:\/\/finetravelalbania.com\/#website"},"primaryImageOfPage":{"@id":"https:\/\/finetravelalbania.com\/es\/tour\/tour-culinario-albanes\/#primaryimage"},"image":{"@id":"https:\/\/finetravelalbania.com\/es\/tour\/tour-culinario-albanes\/#primaryimage"},"thumbnailUrl":"https:\/\/finetravelalbania.com\/wp-content\/uploads\/2022\/10\/foto6-min-2.jpg","datePublished":"2022-11-02T10:18:38+00:00","dateModified":"2026-02-04T15:05:21+00:00","breadcrumb":{"@id":"https:\/\/finetravelalbania.com\/es\/tour\/tour-culinario-albanes\/#breadcrumb"},"inLanguage":"es","potentialAction":[{"@type":"ReadAction","target":["https:\/\/finetravelalbania.com\/es\/tour\/tour-culinario-albanes\/"]}]},{"@type":"ImageObject","inLanguage":"es","@id":"https:\/\/finetravelalbania.com\/es\/tour\/tour-culinario-albanes\/#primaryimage","url":"https:\/\/finetravelalbania.com\/wp-content\/uploads\/2022\/10\/foto6-min-2.jpg","contentUrl":"https:\/\/finetravelalbania.com\/wp-content\/uploads\/2022\/10\/foto6-min-2.jpg","width":800,"height":450,"caption":"Excursiones en Albania, Albania Destino, Albania Cocina, Gu\u00eda de Albania, Viaje a Albania, Albania tiempo - Fine Travel Albania"},{"@type":"BreadcrumbList","@id":"https:\/\/finetravelalbania.com\/es\/tour\/tour-culinario-albanes\/#breadcrumb","itemListElement":[{"@type":"ListItem","position":1,"name":"Home","item":"https:\/\/finetravelalbania.com\/es\/"},{"@type":"ListItem","position":2,"name":"Shop","item":"https:\/\/finetravelalbania.com\/?page_id=13"},{"@type":"ListItem","position":3,"name":"Tour Culinario Alban\u00e9s"}]},{"@type":"WebSite","@id":"https:\/\/finetravelalbania.com\/#website","url":"https:\/\/finetravelalbania.com\/","name":"Fine Travel Albania","description":"Your Boutique Travel Experts!","publisher":{"@id":"https:\/\/finetravelalbania.com\/#organization"},"potentialAction":[{"@type":"SearchAction","target":{"@type":"EntryPoint","urlTemplate":"https:\/\/finetravelalbania.com\/?s={search_term_string}"},"query-input":{"@type":"PropertyValueSpecification","valueRequired":true,"valueName":"search_term_string"}}],"inLanguage":"es"},{"@type":"Organization","@id":"https:\/\/finetravelalbania.com\/#organization","name":"Fine Travel Albania","url":"https:\/\/finetravelalbania.com\/","logo":{"@type":"ImageObject","inLanguage":"es","@id":"https:\/\/finetravelalbania.com\/#\/schema\/logo\/image\/","url":"https:\/\/finetravelalbania.com\/wp-content\/uploads\/2022\/11\/logo-web.png","contentUrl":"https:\/\/finetravelalbania.com\/wp-content\/uploads\/2022\/11\/logo-web.png","width":300,"height":243,"caption":"Fine Travel Albania"},"image":{"@id":"https:\/\/finetravelalbania.com\/#\/schema\/logo\/image\/"}}]}},"_links":{"self":[{"href":"https:\/\/finetravelalbania.com\/es\/wp-json\/wp\/v2\/product\/7627","targetHints":{"allow":["GET"]}}],"collection":[{"href":"https:\/\/finetravelalbania.com\/es\/wp-json\/wp\/v2\/product"}],"about":[{"href":"https:\/\/finetravelalbania.com\/es\/wp-json\/wp\/v2\/types\/product"}],"version-history":[{"count":15,"href":"https:\/\/finetravelalbania.com\/es\/wp-json\/wp\/v2\/product\/7627\/revisions"}],"predecessor-version":[{"id":8886,"href":"https:\/\/finetravelalbania.com\/es\/wp-json\/wp\/v2\/product\/7627\/revisions\/8886"}],"wp:featuredmedia":[{"embeddable":true,"href":"https:\/\/finetravelalbania.com\/es\/wp-json\/wp\/v2\/media\/7324"}],"wp:attachment":[{"href":"https:\/\/finetravelalbania.com\/es\/wp-json\/wp\/v2\/media?parent=7627"}],"wp:term":[{"taxonomy":"product_brand","embeddable":true,"href":"https:\/\/finetravelalbania.com\/es\/wp-json\/wp\/v2\/product_brand?post=7627"},{"taxonomy":"product_cat","embeddable":true,"href":"https:\/\/finetravelalbania.com\/es\/wp-json\/wp\/v2\/product_cat?post=7627"},{"taxonomy":"product_tag","embeddable":true,"href":"https:\/\/finetravelalbania.com\/es\/wp-json\/wp\/v2\/product_tag?post=7627"}],"curies":[{"name":"wp","href":"https:\/\/api.w.org\/{rel}","templated":true}]}}