{"id":7644,"date":"2022-10-27T10:56:38","date_gmt":"2022-10-27T10:56:38","guid":{"rendered":"https:\/\/finetravelalbania.com\/tour\/captivating-albania-northern-greece-north-macedonia-10-nights-11-days\/"},"modified":"2026-02-04T16:34:52","modified_gmt":"2026-02-04T16:34:52","slug":"cautivadora-albania-norte-de-grecia-y-macedonia-del-norte","status":"publish","type":"product","link":"https:\/\/finetravelalbania.com\/es\/tour\/cautivadora-albania-norte-de-grecia-y-macedonia-del-norte\/","title":{"rendered":"Cautivadora Albania, Norte de Grecia y  Macedonia del Norte"},"content":{"rendered":"\t\t<div data-elementor-type=\"wp-post\" data-elementor-id=\"7644\" class=\"elementor elementor-7644 elementor-4994\">\n\t\t\t\t\t\t<section class=\"elementor-section elementor-top-section elementor-element elementor-element-82f08be elementor-section-boxed elementor-section-height-default elementor-section-height-default\" data-id=\"82f08be\" data-element_type=\"section\">\n\t\t\t\t\t\t<div class=\"elementor-container elementor-column-gap-default\">\n\t\t\t\t\t<div class=\"elementor-column elementor-col-100 elementor-top-column elementor-element elementor-element-61db145\" data-id=\"61db145\" data-element_type=\"column\">\n\t\t\t<div class=\"elementor-widget-wrap elementor-element-populated\">\n\t\t\t\t\t\t<div class=\"elementor-element elementor-element-c0b440f elementor-widget elementor-widget-text-editor\" data-id=\"c0b440f\" data-element_type=\"widget\" data-widget_type=\"text-editor.default\">\n\t\t\t\t<div class=\"elementor-widget-container\">\n\t\t\t\t\t\t\t\t\t<p><em>Un gran recorrido para los amantes del patrimonio cultural, explorando 3 pa\u00edses vecinos con 5 sitios del Patrimonio Mundial de la UNESCO, la mezcla religiosa y la tolerancia de la regi\u00f3n, la deliciosa cocina y la genuina hospitalidad de los habitantes.<\/em><\/p>\t\t\t\t\t\t\t\t<\/div>\n\t\t\t\t<\/div>\n\t\t\t\t<div class=\"elementor-element elementor-element-e8ff761 elementor-widget elementor-widget-text-editor\" data-id=\"e8ff761\" data-element_type=\"widget\" data-widget_type=\"text-editor.default\">\n\t\t\t\t<div class=\"elementor-widget-container\">\n\t\t\t\t\t\t\t\t\t<h3>Precio individual &#8211; excepto julio y agosto<\/h3><p><a href=\"#\"><strong>3250 euros <\/strong><\/a><strong>por persona<\/strong> compartiendo una habitaci\u00f3n doble o doble para un m\u00ednimo de 2 participantes de pago<\/p><p><strong>Suplemento individual = <a href=\"#\">450 euros<\/a>.\u00a0 <\/strong>(Las habitaciones individuales generalmente ser\u00e1n dobles o dobles para uso individual).<\/p><p><strong>(Nota: Trabajamos con hoteles de 4 estrellas como base inicial. P\u00f3ngase en contacto con nosotros para obtener un itinerario personalizado y mejoras!)<\/strong><\/p><h3>Precio del tour en grupo<\/h3><p><strong>M\u00ednimo 10 pax<\/strong> \u2013 por favor cont\u00e1ctenos para una cotizaci\u00f3n r\u00e1pida BB, HB o FB e incluyendo las entradas.<\/p>\t\t\t\t\t\t\t\t<\/div>\n\t\t\t\t<\/div>\n\t\t\t\t<div class=\"elementor-element elementor-element-f1764f5 elementor-widget elementor-widget-text-editor\" data-id=\"f1764f5\" data-element_type=\"widget\" data-widget_type=\"text-editor.default\">\n\t\t\t\t<div class=\"elementor-widget-container\">\n\t\t\t\t\t\t\t\t\t<h3>Precio individual (Cont\u00e1ctanos para un itinerario personalizado!)<\/h3><p>Nota: Trabajamos con hoteles de nivel 4* como base de partida.<\/p><h3>Precio del tour en grupo<\/h3><p><strong>M\u00ednimo 10 pax<\/strong> \u2013 por favor cont\u00e1ctenos para una cotizaci\u00f3n r\u00e1pida BB, HB o FB e incluyendo las entradas.<\/p>\t\t\t\t\t\t\t\t<\/div>\n\t\t\t\t<\/div>\n\t\t\t\t<div class=\"elementor-element elementor-element-e04260d elementor-widget elementor-widget-text-editor\" data-id=\"e04260d\" data-element_type=\"widget\" data-widget_type=\"text-editor.default\">\n\t\t\t\t<div class=\"elementor-widget-container\">\n\t\t\t\t\t\t\t\t\t<h3>Incluida:<\/h3><ul><li class=\"item-tour-included\"><p>Transporte con veh\u00edculo moderno c\u00f3modo y espacioso con aire acondicionado, incluido el servicio de recogida en el aeropuerto<\/p><\/li><li class=\"item-tour-included\"><p>2x botellas de agua por persona por d\u00eda en el veh\u00edculo<\/p><\/li><li class=\"item-tour-included\"><p>Gu\u00eda tur\u00edstico especializado en ingl\u00e9s que sirve como su conductor<\/p><\/li><li class=\"item-tour-included\"><p>Alojamiento por 10 noches en hoteles boutique de 4 * cuidadosamente solicitados, con desayuno<\/p><\/li><li class=\"item-tour-included\"><p>Traslado al aeropuerto el \u00faltimo d\u00eda<\/p><\/li><li class=\"item-tour-included\"><p>Todos los impuestos<\/p><\/li><\/ul>\t\t\t\t\t\t\t\t<\/div>\n\t\t\t\t<\/div>\n\t\t\t\t<div class=\"elementor-element elementor-element-229ae85 elementor-widget elementor-widget-text-editor\" data-id=\"229ae85\" data-element_type=\"widget\" data-widget_type=\"text-editor.default\">\n\t\t\t\t<div class=\"elementor-widget-container\">\n\t\t\t\t\t\t\t\t\t<h3>No Incluidas:<\/h3><ul><li class=\"item-tour-excluded\"><p>Billetes de avi\u00f3n<\/p><\/li><li class=\"item-tour-excluded\"><p>Almuerzos y cenas<\/p><\/li><li class=\"item-tour-excluded\"><p>Propinas \/ propina al conductor, gu\u00eda<\/p><\/li><li class=\"item-tour-excluded\"><p>Entradas a todos los sitios mencionados (Aprox. Albania 25 \u20ac, Macedonia del Norte 20 \u20ac y Kosovo 20 \u20ac)<\/p><\/li><li class=\"item-tour-excluded\"><p>Todo lo dem\u00e1s no mencionado en la secci\u00f3n incluida<\/p><\/li><\/ul>\t\t\t\t\t\t\t\t<\/div>\n\t\t\t\t<\/div>\n\t\t\t\t\t<\/div>\n\t\t<\/div>\n\t\t\t\t\t<\/div>\n\t\t<\/section>\n\t\t\t\t<\/div>\n\t\t","protected":false},"excerpt":{"rendered":"<p>Un gran recorrido para los amantes del patrimonio cultural, explorando 3 pa\u00edses vecinos con 5 sitios del Patrimonio Mundial de la UNESCO, la mezcla religiosa y la tolerancia de la regi\u00f3n, la deliciosa cocina y la genuina hospitalidad de los habitantes. Precio individual &#8211; excepto julio y agosto 3250 euros por persona compartiendo una habitaci\u00f3n [&hellip;]<\/p>\n","protected":false},"featured_media":7302,"template":"","meta":[],"product_brand":[],"product_cat":[72],"product_tag":[],"class_list":{"0":"post-7644","1":"product","2":"type-product","3":"status-publish","4":"has-post-thumbnail","6":"product_cat-balkan-es","8":"first","9":"instock","10":"shipping-taxable","11":"purchasable","12":"product-type-ovabrw_car_rental"},"yoast_head":"<!-- This site is optimized with the Yoast SEO plugin v26.3 - https:\/\/yoast.com\/wordpress\/plugins\/seo\/ -->\n<title>Cautivadora Albania, Norte de Grecia y Macedonia del Norte - Fine Travel Albania<\/title>\n<meta name=\"robots\" content=\"index, follow, max-snippet:-1, max-image-preview:large, max-video-preview:-1\" \/>\n<link rel=\"canonical\" href=\"https:\/\/finetravelalbania.com\/es\/tour\/cautivadora-albania-norte-de-grecia-y-macedonia-del-norte\/\" \/>\n<meta property=\"og:locale\" content=\"es_ES\" \/>\n<meta property=\"og:type\" content=\"article\" \/>\n<meta property=\"og:title\" content=\"Cautivadora Albania, Norte de Grecia y Macedonia del Norte - Fine Travel Albania\" \/>\n<meta property=\"og:description\" content=\"Un gran recorrido para los amantes del patrimonio cultural, explorando 3 pa\u00edses vecinos con 5 sitios del Patrimonio Mundial de la UNESCO, la mezcla religiosa y la tolerancia de la regi\u00f3n, la deliciosa cocina y la genuina hospitalidad de los habitantes. Precio individual &#8211; excepto julio y agosto 3250 euros por persona compartiendo una habitaci\u00f3n [&hellip;]\" \/>\n<meta property=\"og:url\" content=\"https:\/\/finetravelalbania.com\/es\/tour\/cautivadora-albania-norte-de-grecia-y-macedonia-del-norte\/\" \/>\n<meta property=\"og:site_name\" content=\"Fine Travel Albania\" \/>\n<meta property=\"article:modified_time\" content=\"2026-02-04T16:34:52+00:00\" \/>\n<meta property=\"og:image\" content=\"https:\/\/finetravelalbania.com\/wp-content\/uploads\/2022\/10\/foto1-min-1.jpg\" \/>\n\t<meta property=\"og:image:width\" content=\"800\" \/>\n\t<meta property=\"og:image:height\" content=\"450\" \/>\n\t<meta property=\"og:image:type\" content=\"image\/jpeg\" \/>\n<meta name=\"twitter:card\" content=\"summary_large_image\" \/>\n<meta name=\"twitter:label1\" content=\"Tiempo de lectura\" \/>\n\t<meta name=\"twitter:data1\" content=\"2 minutos\" \/>\n<script type=\"application\/ld+json\" class=\"yoast-schema-graph\">{\"@context\":\"https:\/\/schema.org\",\"@graph\":[{\"@type\":\"WebPage\",\"@id\":\"https:\/\/finetravelalbania.com\/es\/tour\/cautivadora-albania-norte-de-grecia-y-macedonia-del-norte\/\",\"url\":\"https:\/\/finetravelalbania.com\/es\/tour\/cautivadora-albania-norte-de-grecia-y-macedonia-del-norte\/\",\"name\":\"Cautivadora Albania, Norte de Grecia y Macedonia del Norte - Fine Travel Albania\",\"isPartOf\":{\"@id\":\"https:\/\/finetravelalbania.com\/#website\"},\"primaryImageOfPage\":{\"@id\":\"https:\/\/finetravelalbania.com\/es\/tour\/cautivadora-albania-norte-de-grecia-y-macedonia-del-norte\/#primaryimage\"},\"image\":{\"@id\":\"https:\/\/finetravelalbania.com\/es\/tour\/cautivadora-albania-norte-de-grecia-y-macedonia-del-norte\/#primaryimage\"},\"thumbnailUrl\":\"https:\/\/finetravelalbania.com\/wp-content\/uploads\/2022\/10\/foto1-min-1.jpg\",\"datePublished\":\"2022-10-27T10:56:38+00:00\",\"dateModified\":\"2026-02-04T16:34:52+00:00\",\"breadcrumb\":{\"@id\":\"https:\/\/finetravelalbania.com\/es\/tour\/cautivadora-albania-norte-de-grecia-y-macedonia-del-norte\/#breadcrumb\"},\"inLanguage\":\"es\",\"potentialAction\":[{\"@type\":\"ReadAction\",\"target\":[\"https:\/\/finetravelalbania.com\/es\/tour\/cautivadora-albania-norte-de-grecia-y-macedonia-del-norte\/\"]}]},{\"@type\":\"ImageObject\",\"inLanguage\":\"es\",\"@id\":\"https:\/\/finetravelalbania.com\/es\/tour\/cautivadora-albania-norte-de-grecia-y-macedonia-del-norte\/#primaryimage\",\"url\":\"https:\/\/finetravelalbania.com\/wp-content\/uploads\/2022\/10\/foto1-min-1.jpg\",\"contentUrl\":\"https:\/\/finetravelalbania.com\/wp-content\/uploads\/2022\/10\/foto1-min-1.jpg\",\"width\":800,\"height\":450,\"caption\":\"Fine Travel Albania dmc - Your Boutique Travel Experts - Albania Destination Management Company - Albania Travel and Tours\"},{\"@type\":\"BreadcrumbList\",\"@id\":\"https:\/\/finetravelalbania.com\/es\/tour\/cautivadora-albania-norte-de-grecia-y-macedonia-del-norte\/#breadcrumb\",\"itemListElement\":[{\"@type\":\"ListItem\",\"position\":1,\"name\":\"Home\",\"item\":\"https:\/\/finetravelalbania.com\/es\/\"},{\"@type\":\"ListItem\",\"position\":2,\"name\":\"Shop\",\"item\":\"https:\/\/finetravelalbania.com\/?page_id=13\"},{\"@type\":\"ListItem\",\"position\":3,\"name\":\"Cautivadora Albania, Norte de Grecia y Macedonia del Norte\"}]},{\"@type\":\"WebSite\",\"@id\":\"https:\/\/finetravelalbania.com\/#website\",\"url\":\"https:\/\/finetravelalbania.com\/\",\"name\":\"Fine Travel Albania\",\"description\":\"Your Boutique Travel Experts!\",\"publisher\":{\"@id\":\"https:\/\/finetravelalbania.com\/#organization\"},\"potentialAction\":[{\"@type\":\"SearchAction\",\"target\":{\"@type\":\"EntryPoint\",\"urlTemplate\":\"https:\/\/finetravelalbania.com\/?s={search_term_string}\"},\"query-input\":{\"@type\":\"PropertyValueSpecification\",\"valueRequired\":true,\"valueName\":\"search_term_string\"}}],\"inLanguage\":\"es\"},{\"@type\":\"Organization\",\"@id\":\"https:\/\/finetravelalbania.com\/#organization\",\"name\":\"Fine Travel Albania\",\"url\":\"https:\/\/finetravelalbania.com\/\",\"logo\":{\"@type\":\"ImageObject\",\"inLanguage\":\"es\",\"@id\":\"https:\/\/finetravelalbania.com\/#\/schema\/logo\/image\/\",\"url\":\"https:\/\/finetravelalbania.com\/wp-content\/uploads\/2022\/11\/logo-web.png\",\"contentUrl\":\"https:\/\/finetravelalbania.com\/wp-content\/uploads\/2022\/11\/logo-web.png\",\"width\":300,\"height\":243,\"caption\":\"Fine Travel Albania\"},\"image\":{\"@id\":\"https:\/\/finetravelalbania.com\/#\/schema\/logo\/image\/\"}}]}<\/script>\n<!-- \/ Yoast SEO plugin. -->","yoast_head_json":{"title":"Cautivadora Albania, Norte de Grecia y Macedonia del Norte - Fine Travel Albania","robots":{"index":"index","follow":"follow","max-snippet":"max-snippet:-1","max-image-preview":"max-image-preview:large","max-video-preview":"max-video-preview:-1"},"canonical":"https:\/\/finetravelalbania.com\/es\/tour\/cautivadora-albania-norte-de-grecia-y-macedonia-del-norte\/","og_locale":"es_ES","og_type":"article","og_title":"Cautivadora Albania, Norte de Grecia y Macedonia del Norte - Fine Travel Albania","og_description":"Un gran recorrido para los amantes del patrimonio cultural, explorando 3 pa\u00edses vecinos con 5 sitios del Patrimonio Mundial de la UNESCO, la mezcla religiosa y la tolerancia de la regi\u00f3n, la deliciosa cocina y la genuina hospitalidad de los habitantes. Precio individual &#8211; excepto julio y agosto 3250 euros por persona compartiendo una habitaci\u00f3n [&hellip;]","og_url":"https:\/\/finetravelalbania.com\/es\/tour\/cautivadora-albania-norte-de-grecia-y-macedonia-del-norte\/","og_site_name":"Fine Travel Albania","article_modified_time":"2026-02-04T16:34:52+00:00","og_image":[{"width":800,"height":450,"url":"https:\/\/finetravelalbania.com\/wp-content\/uploads\/2022\/10\/foto1-min-1.jpg","type":"image\/jpeg"}],"twitter_card":"summary_large_image","twitter_misc":{"Tiempo de lectura":"2 minutos"},"schema":{"@context":"https:\/\/schema.org","@graph":[{"@type":"WebPage","@id":"https:\/\/finetravelalbania.com\/es\/tour\/cautivadora-albania-norte-de-grecia-y-macedonia-del-norte\/","url":"https:\/\/finetravelalbania.com\/es\/tour\/cautivadora-albania-norte-de-grecia-y-macedonia-del-norte\/","name":"Cautivadora Albania, Norte de Grecia y Macedonia del Norte - Fine Travel Albania","isPartOf":{"@id":"https:\/\/finetravelalbania.com\/#website"},"primaryImageOfPage":{"@id":"https:\/\/finetravelalbania.com\/es\/tour\/cautivadora-albania-norte-de-grecia-y-macedonia-del-norte\/#primaryimage"},"image":{"@id":"https:\/\/finetravelalbania.com\/es\/tour\/cautivadora-albania-norte-de-grecia-y-macedonia-del-norte\/#primaryimage"},"thumbnailUrl":"https:\/\/finetravelalbania.com\/wp-content\/uploads\/2022\/10\/foto1-min-1.jpg","datePublished":"2022-10-27T10:56:38+00:00","dateModified":"2026-02-04T16:34:52+00:00","breadcrumb":{"@id":"https:\/\/finetravelalbania.com\/es\/tour\/cautivadora-albania-norte-de-grecia-y-macedonia-del-norte\/#breadcrumb"},"inLanguage":"es","potentialAction":[{"@type":"ReadAction","target":["https:\/\/finetravelalbania.com\/es\/tour\/cautivadora-albania-norte-de-grecia-y-macedonia-del-norte\/"]}]},{"@type":"ImageObject","inLanguage":"es","@id":"https:\/\/finetravelalbania.com\/es\/tour\/cautivadora-albania-norte-de-grecia-y-macedonia-del-norte\/#primaryimage","url":"https:\/\/finetravelalbania.com\/wp-content\/uploads\/2022\/10\/foto1-min-1.jpg","contentUrl":"https:\/\/finetravelalbania.com\/wp-content\/uploads\/2022\/10\/foto1-min-1.jpg","width":800,"height":450,"caption":"Fine Travel Albania dmc - Your Boutique Travel Experts - Albania Destination Management Company - Albania Travel and Tours"},{"@type":"BreadcrumbList","@id":"https:\/\/finetravelalbania.com\/es\/tour\/cautivadora-albania-norte-de-grecia-y-macedonia-del-norte\/#breadcrumb","itemListElement":[{"@type":"ListItem","position":1,"name":"Home","item":"https:\/\/finetravelalbania.com\/es\/"},{"@type":"ListItem","position":2,"name":"Shop","item":"https:\/\/finetravelalbania.com\/?page_id=13"},{"@type":"ListItem","position":3,"name":"Cautivadora Albania, Norte de Grecia y Macedonia del Norte"}]},{"@type":"WebSite","@id":"https:\/\/finetravelalbania.com\/#website","url":"https:\/\/finetravelalbania.com\/","name":"Fine Travel Albania","description":"Your Boutique Travel Experts!","publisher":{"@id":"https:\/\/finetravelalbania.com\/#organization"},"potentialAction":[{"@type":"SearchAction","target":{"@type":"EntryPoint","urlTemplate":"https:\/\/finetravelalbania.com\/?s={search_term_string}"},"query-input":{"@type":"PropertyValueSpecification","valueRequired":true,"valueName":"search_term_string"}}],"inLanguage":"es"},{"@type":"Organization","@id":"https:\/\/finetravelalbania.com\/#organization","name":"Fine Travel Albania","url":"https:\/\/finetravelalbania.com\/","logo":{"@type":"ImageObject","inLanguage":"es","@id":"https:\/\/finetravelalbania.com\/#\/schema\/logo\/image\/","url":"https:\/\/finetravelalbania.com\/wp-content\/uploads\/2022\/11\/logo-web.png","contentUrl":"https:\/\/finetravelalbania.com\/wp-content\/uploads\/2022\/11\/logo-web.png","width":300,"height":243,"caption":"Fine Travel Albania"},"image":{"@id":"https:\/\/finetravelalbania.com\/#\/schema\/logo\/image\/"}}]}},"_links":{"self":[{"href":"https:\/\/finetravelalbania.com\/es\/wp-json\/wp\/v2\/product\/7644","targetHints":{"allow":["GET"]}}],"collection":[{"href":"https:\/\/finetravelalbania.com\/es\/wp-json\/wp\/v2\/product"}],"about":[{"href":"https:\/\/finetravelalbania.com\/es\/wp-json\/wp\/v2\/types\/product"}],"version-history":[{"count":12,"href":"https:\/\/finetravelalbania.com\/es\/wp-json\/wp\/v2\/product\/7644\/revisions"}],"predecessor-version":[{"id":8943,"href":"https:\/\/finetravelalbania.com\/es\/wp-json\/wp\/v2\/product\/7644\/revisions\/8943"}],"wp:featuredmedia":[{"embeddable":true,"href":"https:\/\/finetravelalbania.com\/es\/wp-json\/wp\/v2\/media\/7302"}],"wp:attachment":[{"href":"https:\/\/finetravelalbania.com\/es\/wp-json\/wp\/v2\/media?parent=7644"}],"wp:term":[{"taxonomy":"product_brand","embeddable":true,"href":"https:\/\/finetravelalbania.com\/es\/wp-json\/wp\/v2\/product_brand?post=7644"},{"taxonomy":"product_cat","embeddable":true,"href":"https:\/\/finetravelalbania.com\/es\/wp-json\/wp\/v2\/product_cat?post=7644"},{"taxonomy":"product_tag","embeddable":true,"href":"https:\/\/finetravelalbania.com\/es\/wp-json\/wp\/v2\/product_tag?post=7644"}],"curies":[{"name":"wp","href":"https:\/\/api.w.org\/{rel}","templated":true}]}}