{"id":7645,"date":"2022-10-31T11:03:32","date_gmt":"2022-10-31T11:03:32","guid":{"rendered":"https:\/\/finetravelalbania.com\/tour\/heart-of-balkans-tour\/"},"modified":"2024-05-07T16:20:24","modified_gmt":"2024-05-07T16:20:24","slug":"tour-corazon-de-los-balcanes","status":"publish","type":"product","link":"https:\/\/finetravelalbania.com\/es\/tour\/tour-corazon-de-los-balcanes\/","title":{"rendered":"Tour Coraz\u00f3n de los Balcanes"},"content":{"rendered":"\t\t<div data-elementor-type=\"wp-post\" data-elementor-id=\"7645\" class=\"elementor elementor-7645 elementor-5032\">\n\t\t\t\t\t\t<section class=\"elementor-section elementor-top-section elementor-element elementor-element-7d51f6d elementor-section-boxed elementor-section-height-default elementor-section-height-default\" data-id=\"7d51f6d\" data-element_type=\"section\">\n\t\t\t\t\t\t<div class=\"elementor-container elementor-column-gap-default\">\n\t\t\t\t\t<div class=\"elementor-column elementor-col-100 elementor-top-column elementor-element elementor-element-14bbe02\" data-id=\"14bbe02\" data-element_type=\"column\">\n\t\t\t<div class=\"elementor-widget-wrap elementor-element-populated\">\n\t\t\t\t\t\t<div class=\"elementor-element elementor-element-873341d elementor-widget elementor-widget-text-editor\" data-id=\"873341d\" data-element_type=\"widget\" data-widget_type=\"text-editor.default\">\n\t\t\t\t<div class=\"elementor-widget-container\">\n\t\t\t\t\t\t\t\t\t<p>Este es probablemente el recorrido principal de los Balcanes, que tiene como objetivo tocar todas las principales atracciones y lugares en el coraz\u00f3n de los Balcanes. Este tour ofrece al viajero la posibilidad de experimentar algunos de los paisajes naturales m\u00e1s espectaculares y culturas a\u00fan \u00fanicas en este rinc\u00f3n de Europa. Fine Travel Albania ofrece la posibilidad de visitar siete pa\u00edses Montenegro, Croacia, Bosnia, Serbia, Kosovo, Macedonia y Albania, 5 capitales, un sinf\u00edn de sitios UNESO, dentro de una duraci\u00f3n de 2 semanas.<\/p><h3>Precio individual \u2013 Bajo petici\u00f3n<\/h3><p>Tenga en cuenta: para la solicitud individual trabajamos con hoteles de nivel 4 * como base de partida.<\/p><h3>Precio del tour en grupo &#8211; Bajo petici\u00f3n<\/h3><p><strong>M\u00ednimo 10 pax<\/strong> \u2013 por favor cont\u00e1ctenos para una cotizaci\u00f3n r\u00e1pida BB, HB o FB e incluyendo las entradas.<\/p>\t\t\t\t\t\t\t\t<\/div>\n\t\t\t\t<\/div>\n\t\t\t\t<div class=\"elementor-element elementor-element-ee4c328 elementor-widget elementor-widget-text-editor\" data-id=\"ee4c328\" data-element_type=\"widget\" data-widget_type=\"text-editor.default\">\n\t\t\t\t<div class=\"elementor-widget-container\">\n\t\t\t\t\t\t\t\t\t<h3>Excluded:<\/h3><ul><li class=\"item-tour-excluded\">Flight Tickets<\/li><li class=\"item-tour-excluded\">Lunches and dinners<\/li><li class=\"item-tour-excluded\">Gratuities\/Tip to Driver, Guide<\/li><li class=\"item-tour-excluded\">Entrance fees to all mentioned sites (Approx. Albania 25\u20ac, N. Macedonia 20\u20ac &amp; Kosovo 20\u20ac)<\/li><li class=\"item-tour-excluded\">Everything else not mentioned in the included section<\/li><\/ul>\t\t\t\t\t\t\t\t<\/div>\n\t\t\t\t<\/div>\n\t\t\t\t<div class=\"elementor-element elementor-element-f1b28aa elementor-widget elementor-widget-text-editor\" data-id=\"f1b28aa\" data-element_type=\"widget\" data-widget_type=\"text-editor.default\">\n\t\t\t\t<div class=\"elementor-widget-container\">\n\t\t\t\t\t\t\t\t\t<h3>Incluida:<\/h3><ul><li class=\"item-tour-included\"><p>Transporte con veh\u00edculo moderno c\u00f3modo y espacioso con aire acondicionado, incluido el servicio de recogida en el aeropuerto<\/p><\/li><li class=\"item-tour-included\"><p>2x botellas de agua por persona por d\u00eda en el veh\u00edculo<\/p><\/li><li class=\"item-tour-included\"><p>Gu\u00eda tur\u00edstico especializado en ingl\u00e9s que sirve como su conductor<\/p><\/li><li class=\"item-tour-included\"><p>Alojamiento por 5 noches en hoteles boutique de 4 * cuidadosamente solicitados, con desayuno<\/p><\/li><li class=\"item-tour-included\"><p>Traslado al aeropuerto el \u00faltimo d\u00eda<\/p><\/li><li class=\"item-tour-included\"><p>Todos los impuestos<\/p><\/li><\/ul>\t\t\t\t\t\t\t\t<\/div>\n\t\t\t\t<\/div>\n\t\t\t\t<div class=\"elementor-element elementor-element-433dc03 elementor-widget elementor-widget-text-editor\" data-id=\"433dc03\" data-element_type=\"widget\" data-widget_type=\"text-editor.default\">\n\t\t\t\t<div class=\"elementor-widget-container\">\n\t\t\t\t\t\t\t\t\t<h3>No Incluidas:<\/h3><ul><li class=\"item-tour-excluded\"><p>Billetes de avi\u00f3n<\/p><\/li><li class=\"item-tour-excluded\"><p>Almuerzos y cenas<\/p><\/li><li class=\"item-tour-excluded\"><p>Propinas \/ propina al conductor, gu\u00eda<\/p><\/li><li class=\"item-tour-excluded\"><p>Entradas a todos los sitios mencionados (Aprox. Albania 25 \u20ac, Macedonia del Norte 20 \u20ac y Kosovo 20 \u20ac)<\/p><\/li><li class=\"item-tour-excluded\"><p>Todo lo dem\u00e1s no mencionado en la secci\u00f3n incluida<\/p><\/li><\/ul>\t\t\t\t\t\t\t\t<\/div>\n\t\t\t\t<\/div>\n\t\t\t\t\t<\/div>\n\t\t<\/div>\n\t\t\t\t\t<\/div>\n\t\t<\/section>\n\t\t\t\t<\/div>\n\t\t","protected":false},"excerpt":{"rendered":"<p>Este es probablemente el recorrido principal de los Balcanes, que tiene como objetivo tocar todas las principales atracciones y lugares en el coraz\u00f3n de los Balcanes. Este tour ofrece al viajero la posibilidad de experimentar algunos de los paisajes naturales m\u00e1s espectaculares y culturas a\u00fan \u00fanicas en este rinc\u00f3n de Europa. Fine Travel Albania ofrece [&hellip;]<\/p>\n","protected":false},"featured_media":7347,"template":"","meta":[],"product_brand":[],"product_cat":[72],"product_tag":[],"class_list":{"0":"post-7645","1":"product","2":"type-product","3":"status-publish","4":"has-post-thumbnail","6":"product_cat-balkan-es","8":"first","9":"instock","10":"shipping-taxable","11":"product-type-ovabrw_car_rental"},"yoast_head":"<!-- This site is optimized with the Yoast SEO plugin v26.3 - https:\/\/yoast.com\/wordpress\/plugins\/seo\/ -->\n<title>Tour Coraz\u00f3n de los Balcanes - Fine Travel Albania<\/title>\n<meta name=\"robots\" content=\"index, follow, max-snippet:-1, max-image-preview:large, max-video-preview:-1\" \/>\n<link rel=\"canonical\" href=\"https:\/\/finetravelalbania.com\/tour\/heart-of-balkans-tour\/\" \/>\n<meta property=\"og:locale\" content=\"es_ES\" \/>\n<meta property=\"og:type\" content=\"article\" \/>\n<meta property=\"og:title\" content=\"Tour Coraz\u00f3n de los Balcanes - Fine Travel Albania\" \/>\n<meta property=\"og:description\" content=\"Este es probablemente el recorrido principal de los Balcanes, que tiene como objetivo tocar todas las principales atracciones y lugares en el coraz\u00f3n de los Balcanes. Este tour ofrece al viajero la posibilidad de experimentar algunos de los paisajes naturales m\u00e1s espectaculares y culturas a\u00fan \u00fanicas en este rinc\u00f3n de Europa. Fine Travel Albania ofrece [&hellip;]\" \/>\n<meta property=\"og:url\" content=\"https:\/\/finetravelalbania.com\/tour\/heart-of-balkans-tour\/\" \/>\n<meta property=\"og:site_name\" content=\"Fine Travel Albania\" \/>\n<meta property=\"article:modified_time\" content=\"2024-05-07T16:20:24+00:00\" \/>\n<meta property=\"og:image\" content=\"https:\/\/finetravelalbania.com\/wp-content\/uploads\/2022\/10\/bosnia-min.jpg\" \/>\n\t<meta property=\"og:image:width\" content=\"740\" \/>\n\t<meta property=\"og:image:height\" content=\"555\" \/>\n\t<meta property=\"og:image:type\" content=\"image\/jpeg\" \/>\n<meta name=\"twitter:card\" content=\"summary_large_image\" \/>\n<meta name=\"twitter:label1\" content=\"Tiempo de lectura\" \/>\n\t<meta name=\"twitter:data1\" content=\"1 minuto\" \/>\n<script type=\"application\/ld+json\" class=\"yoast-schema-graph\">{\"@context\":\"https:\/\/schema.org\",\"@graph\":[{\"@type\":\"WebPage\",\"@id\":\"https:\/\/finetravelalbania.com\/tour\/heart-of-balkans-tour\/\",\"url\":\"https:\/\/finetravelalbania.com\/tour\/heart-of-balkans-tour\/\",\"name\":\"Tour Coraz\u00f3n de los Balcanes - Fine Travel Albania\",\"isPartOf\":{\"@id\":\"https:\/\/finetravelalbania.com\/#website\"},\"primaryImageOfPage\":{\"@id\":\"https:\/\/finetravelalbania.com\/tour\/heart-of-balkans-tour\/#primaryimage\"},\"image\":{\"@id\":\"https:\/\/finetravelalbania.com\/tour\/heart-of-balkans-tour\/#primaryimage\"},\"thumbnailUrl\":\"https:\/\/finetravelalbania.com\/wp-content\/uploads\/2022\/10\/bosnia-min.jpg\",\"datePublished\":\"2022-10-31T11:03:32+00:00\",\"dateModified\":\"2024-05-07T16:20:24+00:00\",\"breadcrumb\":{\"@id\":\"https:\/\/finetravelalbania.com\/tour\/heart-of-balkans-tour\/#breadcrumb\"},\"inLanguage\":\"es\",\"potentialAction\":[{\"@type\":\"ReadAction\",\"target\":[\"https:\/\/finetravelalbania.com\/tour\/heart-of-balkans-tour\/\"]}]},{\"@type\":\"ImageObject\",\"inLanguage\":\"es\",\"@id\":\"https:\/\/finetravelalbania.com\/tour\/heart-of-balkans-tour\/#primaryimage\",\"url\":\"https:\/\/finetravelalbania.com\/wp-content\/uploads\/2022\/10\/bosnia-min.jpg\",\"contentUrl\":\"https:\/\/finetravelalbania.com\/wp-content\/uploads\/2022\/10\/bosnia-min.jpg\",\"width\":740,\"height\":555,\"caption\":\"Tour operador balc\u00e1nico, Tours en los Balcanes, Macedonia del Norte tours, Excursiones en Balcanes, Excursiones por Kosovo - Fine Travel\"},{\"@type\":\"BreadcrumbList\",\"@id\":\"https:\/\/finetravelalbania.com\/tour\/heart-of-balkans-tour\/#breadcrumb\",\"itemListElement\":[{\"@type\":\"ListItem\",\"position\":1,\"name\":\"Home\",\"item\":\"https:\/\/finetravelalbania.com\/es\/\"},{\"@type\":\"ListItem\",\"position\":2,\"name\":\"Shop\",\"item\":\"https:\/\/finetravelalbania.com\/?page_id=13\"},{\"@type\":\"ListItem\",\"position\":3,\"name\":\"Tour Coraz\u00f3n de los Balcanes\"}]},{\"@type\":\"WebSite\",\"@id\":\"https:\/\/finetravelalbania.com\/#website\",\"url\":\"https:\/\/finetravelalbania.com\/\",\"name\":\"Fine Travel Albania\",\"description\":\"Your Boutique Travel Experts!\",\"publisher\":{\"@id\":\"https:\/\/finetravelalbania.com\/#organization\"},\"potentialAction\":[{\"@type\":\"SearchAction\",\"target\":{\"@type\":\"EntryPoint\",\"urlTemplate\":\"https:\/\/finetravelalbania.com\/?s={search_term_string}\"},\"query-input\":{\"@type\":\"PropertyValueSpecification\",\"valueRequired\":true,\"valueName\":\"search_term_string\"}}],\"inLanguage\":\"es\"},{\"@type\":\"Organization\",\"@id\":\"https:\/\/finetravelalbania.com\/#organization\",\"name\":\"Fine Travel Albania\",\"url\":\"https:\/\/finetravelalbania.com\/\",\"logo\":{\"@type\":\"ImageObject\",\"inLanguage\":\"es\",\"@id\":\"https:\/\/finetravelalbania.com\/#\/schema\/logo\/image\/\",\"url\":\"https:\/\/finetravelalbania.com\/wp-content\/uploads\/2022\/11\/logo-web.png\",\"contentUrl\":\"https:\/\/finetravelalbania.com\/wp-content\/uploads\/2022\/11\/logo-web.png\",\"width\":300,\"height\":243,\"caption\":\"Fine Travel Albania\"},\"image\":{\"@id\":\"https:\/\/finetravelalbania.com\/#\/schema\/logo\/image\/\"}}]}<\/script>\n<!-- \/ Yoast SEO plugin. -->","yoast_head_json":{"title":"Tour Coraz\u00f3n de los Balcanes - Fine Travel Albania","robots":{"index":"index","follow":"follow","max-snippet":"max-snippet:-1","max-image-preview":"max-image-preview:large","max-video-preview":"max-video-preview:-1"},"canonical":"https:\/\/finetravelalbania.com\/tour\/heart-of-balkans-tour\/","og_locale":"es_ES","og_type":"article","og_title":"Tour Coraz\u00f3n de los Balcanes - Fine Travel Albania","og_description":"Este es probablemente el recorrido principal de los Balcanes, que tiene como objetivo tocar todas las principales atracciones y lugares en el coraz\u00f3n de los Balcanes. Este tour ofrece al viajero la posibilidad de experimentar algunos de los paisajes naturales m\u00e1s espectaculares y culturas a\u00fan \u00fanicas en este rinc\u00f3n de Europa. Fine Travel Albania ofrece [&hellip;]","og_url":"https:\/\/finetravelalbania.com\/tour\/heart-of-balkans-tour\/","og_site_name":"Fine Travel Albania","article_modified_time":"2024-05-07T16:20:24+00:00","og_image":[{"width":740,"height":555,"url":"https:\/\/finetravelalbania.com\/wp-content\/uploads\/2022\/10\/bosnia-min.jpg","type":"image\/jpeg"}],"twitter_card":"summary_large_image","twitter_misc":{"Tiempo de lectura":"1 minuto"},"schema":{"@context":"https:\/\/schema.org","@graph":[{"@type":"WebPage","@id":"https:\/\/finetravelalbania.com\/tour\/heart-of-balkans-tour\/","url":"https:\/\/finetravelalbania.com\/tour\/heart-of-balkans-tour\/","name":"Tour Coraz\u00f3n de los Balcanes - Fine Travel Albania","isPartOf":{"@id":"https:\/\/finetravelalbania.com\/#website"},"primaryImageOfPage":{"@id":"https:\/\/finetravelalbania.com\/tour\/heart-of-balkans-tour\/#primaryimage"},"image":{"@id":"https:\/\/finetravelalbania.com\/tour\/heart-of-balkans-tour\/#primaryimage"},"thumbnailUrl":"https:\/\/finetravelalbania.com\/wp-content\/uploads\/2022\/10\/bosnia-min.jpg","datePublished":"2022-10-31T11:03:32+00:00","dateModified":"2024-05-07T16:20:24+00:00","breadcrumb":{"@id":"https:\/\/finetravelalbania.com\/tour\/heart-of-balkans-tour\/#breadcrumb"},"inLanguage":"es","potentialAction":[{"@type":"ReadAction","target":["https:\/\/finetravelalbania.com\/tour\/heart-of-balkans-tour\/"]}]},{"@type":"ImageObject","inLanguage":"es","@id":"https:\/\/finetravelalbania.com\/tour\/heart-of-balkans-tour\/#primaryimage","url":"https:\/\/finetravelalbania.com\/wp-content\/uploads\/2022\/10\/bosnia-min.jpg","contentUrl":"https:\/\/finetravelalbania.com\/wp-content\/uploads\/2022\/10\/bosnia-min.jpg","width":740,"height":555,"caption":"Tour operador balc\u00e1nico, Tours en los Balcanes, Macedonia del Norte tours, Excursiones en Balcanes, Excursiones por Kosovo - Fine Travel"},{"@type":"BreadcrumbList","@id":"https:\/\/finetravelalbania.com\/tour\/heart-of-balkans-tour\/#breadcrumb","itemListElement":[{"@type":"ListItem","position":1,"name":"Home","item":"https:\/\/finetravelalbania.com\/es\/"},{"@type":"ListItem","position":2,"name":"Shop","item":"https:\/\/finetravelalbania.com\/?page_id=13"},{"@type":"ListItem","position":3,"name":"Tour Coraz\u00f3n de los Balcanes"}]},{"@type":"WebSite","@id":"https:\/\/finetravelalbania.com\/#website","url":"https:\/\/finetravelalbania.com\/","name":"Fine Travel Albania","description":"Your Boutique Travel Experts!","publisher":{"@id":"https:\/\/finetravelalbania.com\/#organization"},"potentialAction":[{"@type":"SearchAction","target":{"@type":"EntryPoint","urlTemplate":"https:\/\/finetravelalbania.com\/?s={search_term_string}"},"query-input":{"@type":"PropertyValueSpecification","valueRequired":true,"valueName":"search_term_string"}}],"inLanguage":"es"},{"@type":"Organization","@id":"https:\/\/finetravelalbania.com\/#organization","name":"Fine Travel Albania","url":"https:\/\/finetravelalbania.com\/","logo":{"@type":"ImageObject","inLanguage":"es","@id":"https:\/\/finetravelalbania.com\/#\/schema\/logo\/image\/","url":"https:\/\/finetravelalbania.com\/wp-content\/uploads\/2022\/11\/logo-web.png","contentUrl":"https:\/\/finetravelalbania.com\/wp-content\/uploads\/2022\/11\/logo-web.png","width":300,"height":243,"caption":"Fine Travel Albania"},"image":{"@id":"https:\/\/finetravelalbania.com\/#\/schema\/logo\/image\/"}}]}},"_links":{"self":[{"href":"https:\/\/finetravelalbania.com\/es\/wp-json\/wp\/v2\/product\/7645","targetHints":{"allow":["GET"]}}],"collection":[{"href":"https:\/\/finetravelalbania.com\/es\/wp-json\/wp\/v2\/product"}],"about":[{"href":"https:\/\/finetravelalbania.com\/es\/wp-json\/wp\/v2\/types\/product"}],"version-history":[{"count":6,"href":"https:\/\/finetravelalbania.com\/es\/wp-json\/wp\/v2\/product\/7645\/revisions"}],"predecessor-version":[{"id":7728,"href":"https:\/\/finetravelalbania.com\/es\/wp-json\/wp\/v2\/product\/7645\/revisions\/7728"}],"wp:featuredmedia":[{"embeddable":true,"href":"https:\/\/finetravelalbania.com\/es\/wp-json\/wp\/v2\/media\/7347"}],"wp:attachment":[{"href":"https:\/\/finetravelalbania.com\/es\/wp-json\/wp\/v2\/media?parent=7645"}],"wp:term":[{"taxonomy":"product_brand","embeddable":true,"href":"https:\/\/finetravelalbania.com\/es\/wp-json\/wp\/v2\/product_brand?post=7645"},{"taxonomy":"product_cat","embeddable":true,"href":"https:\/\/finetravelalbania.com\/es\/wp-json\/wp\/v2\/product_cat?post=7645"},{"taxonomy":"product_tag","embeddable":true,"href":"https:\/\/finetravelalbania.com\/es\/wp-json\/wp\/v2\/product_tag?post=7645"}],"curies":[{"name":"wp","href":"https:\/\/api.w.org\/{rel}","templated":true}]}}