{"id":7646,"date":"2022-08-09T02:35:44","date_gmt":"2022-08-09T02:35:44","guid":{"rendered":"https:\/\/finetravelalbania.com\/tour\/explore-albania-macedonia-and-kosovo\/"},"modified":"2026-02-04T16:14:08","modified_gmt":"2026-02-04T16:14:08","slug":"explorar-albania-macedonia-y-kosovo","status":"publish","type":"product","link":"https:\/\/finetravelalbania.com\/es\/tour\/explorar-albania-macedonia-y-kosovo\/","title":{"rendered":"Explorar Albania, Macedonia y Kosovo"},"content":{"rendered":"\t\t<div data-elementor-type=\"wp-post\" data-elementor-id=\"7646\" class=\"elementor elementor-7646 elementor-4377\">\n\t\t\t\t\t\t<section class=\"elementor-section elementor-top-section elementor-element elementor-element-1e4dcd12 elementor-section-boxed elementor-section-height-default elementor-section-height-default\" data-id=\"1e4dcd12\" data-element_type=\"section\">\n\t\t\t\t\t\t<div class=\"elementor-container elementor-column-gap-default\">\n\t\t\t\t\t<div class=\"elementor-column elementor-col-100 elementor-top-column elementor-element elementor-element-2e30e20f\" data-id=\"2e30e20f\" data-element_type=\"column\">\n\t\t\t<div class=\"elementor-widget-wrap elementor-element-populated\">\n\t\t\t\t\t\t<div class=\"elementor-element elementor-element-1e7ceabb elementor-widget elementor-widget-text-editor\" data-id=\"1e7ceabb\" data-element_type=\"widget\" data-widget_type=\"text-editor.default\">\n\t\t\t\t<div class=\"elementor-widget-container\">\n\t\t\t\t\t\t\t\t\t<p>Un recorrido por los tres pa\u00edses menos conocidos de los Balcanes; Albania, Macedonia y Kosovo dise\u00f1ados para explorar los aspectos m\u00e1s destacados de cada pa\u00eds en el menor tiempo posible.\u00a0<\/p>\t\t\t\t\t\t\t\t<\/div>\n\t\t\t\t<\/div>\n\t\t\t\t\t<\/div>\n\t\t<\/div>\n\t\t\t\t\t<\/div>\n\t\t<\/section>\n\t\t\t\t<section class=\"elementor-section elementor-top-section elementor-element elementor-element-18f18bf elementor-section-boxed elementor-section-height-default elementor-section-height-default\" data-id=\"18f18bf\" data-element_type=\"section\">\n\t\t\t\t\t\t<div class=\"elementor-container elementor-column-gap-default\">\n\t\t\t\t\t<div class=\"elementor-column elementor-col-100 elementor-top-column elementor-element elementor-element-9822d12\" data-id=\"9822d12\" data-element_type=\"column\">\n\t\t\t<div class=\"elementor-widget-wrap elementor-element-populated\">\n\t\t\t\t\t\t<div class=\"elementor-element elementor-element-3fabcdb elementor-widget elementor-widget-text-editor\" data-id=\"3fabcdb\" data-element_type=\"widget\" data-widget_type=\"text-editor.default\">\n\t\t\t\t<div class=\"elementor-widget-container\">\n\t\t\t\t\t\t\t\t\t<h3>Precio individual (excepto julio y agosto)<\/h3><p><a href=\"#\"><strong>2795 euros <\/strong><\/a><strong>por persona<\/strong> compartiendo una habitaci\u00f3n doble o doble para un m\u00ednimo de 2 participantes de pago<\/p><p><strong>Suplemento individual = <a href=\"#\">320 euros<\/a>.\u00a0 <\/strong>(Las habitaciones individuales generalmente ser\u00e1n dobles o dobles para uso individual).<\/p><p><strong>(Nota: Trabajamos con hoteles de nivel 4* como base de partida. Cont\u00e1ctanos para un itinerario personalizado!)<\/strong><\/p><h3>Precio del tour en grupo<\/h3><p><strong>M\u00ednimo 2 pax<\/strong> \u2013 por favor cont\u00e1ctenos para una cotizaci\u00f3n r\u00e1pida BB, HB o FB e incluyendo las entradas.<\/p>\t\t\t\t\t\t\t\t<\/div>\n\t\t\t\t<\/div>\n\t\t\t\t<div class=\"elementor-element elementor-element-eebb6b8 elementor-widget elementor-widget-text-editor\" data-id=\"eebb6b8\" data-element_type=\"widget\" data-widget_type=\"text-editor.default\">\n\t\t\t\t<div class=\"elementor-widget-container\">\n\t\t\t\t\t\t\t\t\t<h3>Incluida:<\/h3><ul><li class=\"item-tour-included\"><p>Transporte con veh\u00edculo moderno c\u00f3modo y espacioso con aire acondicionado, incluido el servicio de recogida en el aeropuerto<\/p><\/li><li class=\"item-tour-included\"><p>2x botellas de agua por persona por d\u00eda en el veh\u00edculo<\/p><\/li><li class=\"item-tour-included\"><p>Gu\u00eda tur\u00edstico especializado en ingl\u00e9s que sirve como su conductor<\/p><\/li><li class=\"item-tour-included\"><p>Alojamiento por 5 noches en hoteles boutique de 4 * cuidadosamente solicitados, con desayuno<\/p><\/li><li class=\"item-tour-included\"><p>Traslado al aeropuerto el \u00faltimo d\u00eda<\/p><\/li><li class=\"item-tour-included\"><p>Todos los impuestos<\/p><\/li><\/ul>\t\t\t\t\t\t\t\t<\/div>\n\t\t\t\t<\/div>\n\t\t\t\t<div class=\"elementor-element elementor-element-003a8e7 elementor-widget elementor-widget-text-editor\" data-id=\"003a8e7\" data-element_type=\"widget\" data-widget_type=\"text-editor.default\">\n\t\t\t\t<div class=\"elementor-widget-container\">\n\t\t\t\t\t\t\t\t\t<h3>No Incluidas:<\/h3><ul><li class=\"item-tour-excluded\"><p>Billetes de avi\u00f3n<\/p><\/li><li class=\"item-tour-excluded\"><p>Almuerzos y cenas<\/p><\/li><li class=\"item-tour-excluded\"><p>Propinas \/ propina al conductor, gu\u00eda<\/p><\/li><li class=\"item-tour-excluded\"><p>Entradas a todos los sitios mencionados (Aprox. Albania 25 \u20ac, Macedonia del Norte 20 \u20ac y Kosovo 20 \u20ac)<\/p><\/li><li class=\"item-tour-excluded\"><p>Todo lo dem\u00e1s no mencionado en la secci\u00f3n incluida<\/p><\/li><\/ul>\t\t\t\t\t\t\t\t<\/div>\n\t\t\t\t<\/div>\n\t\t\t\t\t<\/div>\n\t\t<\/div>\n\t\t\t\t\t<\/div>\n\t\t<\/section>\n\t\t\t\t<\/div>\n\t\t","protected":false},"excerpt":{"rendered":"<p>Un recorrido por los tres pa\u00edses menos conocidos de los Balcanes; Albania, Macedonia y Kosovo dise\u00f1ados para explorar los aspectos m\u00e1s destacados de cada pa\u00eds en el menor tiempo posible.\u00a0 Precio individual (excepto julio y agosto) 2795 euros por persona compartiendo una habitaci\u00f3n doble o doble para un m\u00ednimo de 2 participantes de pago Suplemento [&hellip;]<\/p>\n","protected":false},"featured_media":7321,"template":"","meta":[],"product_brand":[],"product_cat":[72],"product_tag":[],"class_list":{"0":"post-7646","1":"product","2":"type-product","3":"status-publish","4":"has-post-thumbnail","6":"product_cat-balkan-es","8":"first","9":"instock","10":"featured","11":"shipping-taxable","12":"purchasable","13":"product-type-ovabrw_car_rental"},"yoast_head":"<!-- This site is optimized with the Yoast SEO plugin v26.3 - https:\/\/yoast.com\/wordpress\/plugins\/seo\/ -->\n<title>Explorar Albania, Macedonia y Kosovo - Fine Travel Albania<\/title>\n<meta name=\"robots\" content=\"index, follow, max-snippet:-1, max-image-preview:large, max-video-preview:-1\" \/>\n<link rel=\"canonical\" href=\"https:\/\/finetravelalbania.com\/es\/tour\/explorar-albania-macedonia-y-kosovo\/\" \/>\n<meta property=\"og:locale\" content=\"es_ES\" \/>\n<meta property=\"og:type\" content=\"article\" \/>\n<meta property=\"og:title\" content=\"Explorar Albania, Macedonia y Kosovo - Fine Travel Albania\" \/>\n<meta property=\"og:description\" content=\"Un recorrido por los tres pa\u00edses menos conocidos de los Balcanes; Albania, Macedonia y Kosovo dise\u00f1ados para explorar los aspectos m\u00e1s destacados de cada pa\u00eds en el menor tiempo posible.\u00a0 Precio individual (excepto julio y agosto) 2795 euros por persona compartiendo una habitaci\u00f3n doble o doble para un m\u00ednimo de 2 participantes de pago Suplemento [&hellip;]\" \/>\n<meta property=\"og:url\" content=\"https:\/\/finetravelalbania.com\/es\/tour\/explorar-albania-macedonia-y-kosovo\/\" \/>\n<meta property=\"og:site_name\" content=\"Fine Travel Albania\" \/>\n<meta property=\"article:modified_time\" content=\"2026-02-04T16:14:08+00:00\" \/>\n<meta property=\"og:image\" content=\"https:\/\/finetravelalbania.com\/wp-content\/uploads\/2022\/08\/foto14-min.jpg\" \/>\n\t<meta property=\"og:image:width\" content=\"800\" \/>\n\t<meta property=\"og:image:height\" content=\"450\" \/>\n\t<meta property=\"og:image:type\" content=\"image\/jpeg\" \/>\n<meta name=\"twitter:card\" content=\"summary_large_image\" \/>\n<meta name=\"twitter:label1\" content=\"Tiempo de lectura\" \/>\n\t<meta name=\"twitter:data1\" content=\"1 minuto\" \/>\n<script type=\"application\/ld+json\" class=\"yoast-schema-graph\">{\"@context\":\"https:\/\/schema.org\",\"@graph\":[{\"@type\":\"WebPage\",\"@id\":\"https:\/\/finetravelalbania.com\/es\/tour\/explorar-albania-macedonia-y-kosovo\/\",\"url\":\"https:\/\/finetravelalbania.com\/es\/tour\/explorar-albania-macedonia-y-kosovo\/\",\"name\":\"Explorar Albania, Macedonia y Kosovo - Fine Travel Albania\",\"isPartOf\":{\"@id\":\"https:\/\/finetravelalbania.com\/#website\"},\"primaryImageOfPage\":{\"@id\":\"https:\/\/finetravelalbania.com\/es\/tour\/explorar-albania-macedonia-y-kosovo\/#primaryimage\"},\"image\":{\"@id\":\"https:\/\/finetravelalbania.com\/es\/tour\/explorar-albania-macedonia-y-kosovo\/#primaryimage\"},\"thumbnailUrl\":\"https:\/\/finetravelalbania.com\/wp-content\/uploads\/2022\/08\/foto14-min.jpg\",\"datePublished\":\"2022-08-09T02:35:44+00:00\",\"dateModified\":\"2026-02-04T16:14:08+00:00\",\"breadcrumb\":{\"@id\":\"https:\/\/finetravelalbania.com\/es\/tour\/explorar-albania-macedonia-y-kosovo\/#breadcrumb\"},\"inLanguage\":\"es\",\"potentialAction\":[{\"@type\":\"ReadAction\",\"target\":[\"https:\/\/finetravelalbania.com\/es\/tour\/explorar-albania-macedonia-y-kosovo\/\"]}]},{\"@type\":\"ImageObject\",\"inLanguage\":\"es\",\"@id\":\"https:\/\/finetravelalbania.com\/es\/tour\/explorar-albania-macedonia-y-kosovo\/#primaryimage\",\"url\":\"https:\/\/finetravelalbania.com\/wp-content\/uploads\/2022\/08\/foto14-min.jpg\",\"contentUrl\":\"https:\/\/finetravelalbania.com\/wp-content\/uploads\/2022\/08\/foto14-min.jpg\",\"width\":800,\"height\":450,\"caption\":\"Excursiones en Albania, Albania Destino, Albania Cocina, Gu\u00eda de Albania, Viaje a Albania, Albania tiempo - Fine Travel Albania\"},{\"@type\":\"BreadcrumbList\",\"@id\":\"https:\/\/finetravelalbania.com\/es\/tour\/explorar-albania-macedonia-y-kosovo\/#breadcrumb\",\"itemListElement\":[{\"@type\":\"ListItem\",\"position\":1,\"name\":\"Home\",\"item\":\"https:\/\/finetravelalbania.com\/es\/\"},{\"@type\":\"ListItem\",\"position\":2,\"name\":\"Shop\",\"item\":\"https:\/\/finetravelalbania.com\/?page_id=13\"},{\"@type\":\"ListItem\",\"position\":3,\"name\":\"Explorar Albania, Macedonia y Kosovo\"}]},{\"@type\":\"WebSite\",\"@id\":\"https:\/\/finetravelalbania.com\/#website\",\"url\":\"https:\/\/finetravelalbania.com\/\",\"name\":\"Fine Travel Albania\",\"description\":\"Your Boutique Travel Experts!\",\"publisher\":{\"@id\":\"https:\/\/finetravelalbania.com\/#organization\"},\"potentialAction\":[{\"@type\":\"SearchAction\",\"target\":{\"@type\":\"EntryPoint\",\"urlTemplate\":\"https:\/\/finetravelalbania.com\/?s={search_term_string}\"},\"query-input\":{\"@type\":\"PropertyValueSpecification\",\"valueRequired\":true,\"valueName\":\"search_term_string\"}}],\"inLanguage\":\"es\"},{\"@type\":\"Organization\",\"@id\":\"https:\/\/finetravelalbania.com\/#organization\",\"name\":\"Fine Travel Albania\",\"url\":\"https:\/\/finetravelalbania.com\/\",\"logo\":{\"@type\":\"ImageObject\",\"inLanguage\":\"es\",\"@id\":\"https:\/\/finetravelalbania.com\/#\/schema\/logo\/image\/\",\"url\":\"https:\/\/finetravelalbania.com\/wp-content\/uploads\/2022\/11\/logo-web.png\",\"contentUrl\":\"https:\/\/finetravelalbania.com\/wp-content\/uploads\/2022\/11\/logo-web.png\",\"width\":300,\"height\":243,\"caption\":\"Fine Travel Albania\"},\"image\":{\"@id\":\"https:\/\/finetravelalbania.com\/#\/schema\/logo\/image\/\"}}]}<\/script>\n<!-- \/ Yoast SEO plugin. -->","yoast_head_json":{"title":"Explorar Albania, Macedonia y Kosovo - Fine Travel Albania","robots":{"index":"index","follow":"follow","max-snippet":"max-snippet:-1","max-image-preview":"max-image-preview:large","max-video-preview":"max-video-preview:-1"},"canonical":"https:\/\/finetravelalbania.com\/es\/tour\/explorar-albania-macedonia-y-kosovo\/","og_locale":"es_ES","og_type":"article","og_title":"Explorar Albania, Macedonia y Kosovo - Fine Travel Albania","og_description":"Un recorrido por los tres pa\u00edses menos conocidos de los Balcanes; Albania, Macedonia y Kosovo dise\u00f1ados para explorar los aspectos m\u00e1s destacados de cada pa\u00eds en el menor tiempo posible.\u00a0 Precio individual (excepto julio y agosto) 2795 euros por persona compartiendo una habitaci\u00f3n doble o doble para un m\u00ednimo de 2 participantes de pago Suplemento [&hellip;]","og_url":"https:\/\/finetravelalbania.com\/es\/tour\/explorar-albania-macedonia-y-kosovo\/","og_site_name":"Fine Travel Albania","article_modified_time":"2026-02-04T16:14:08+00:00","og_image":[{"width":800,"height":450,"url":"https:\/\/finetravelalbania.com\/wp-content\/uploads\/2022\/08\/foto14-min.jpg","type":"image\/jpeg"}],"twitter_card":"summary_large_image","twitter_misc":{"Tiempo de lectura":"1 minuto"},"schema":{"@context":"https:\/\/schema.org","@graph":[{"@type":"WebPage","@id":"https:\/\/finetravelalbania.com\/es\/tour\/explorar-albania-macedonia-y-kosovo\/","url":"https:\/\/finetravelalbania.com\/es\/tour\/explorar-albania-macedonia-y-kosovo\/","name":"Explorar Albania, Macedonia y Kosovo - Fine Travel Albania","isPartOf":{"@id":"https:\/\/finetravelalbania.com\/#website"},"primaryImageOfPage":{"@id":"https:\/\/finetravelalbania.com\/es\/tour\/explorar-albania-macedonia-y-kosovo\/#primaryimage"},"image":{"@id":"https:\/\/finetravelalbania.com\/es\/tour\/explorar-albania-macedonia-y-kosovo\/#primaryimage"},"thumbnailUrl":"https:\/\/finetravelalbania.com\/wp-content\/uploads\/2022\/08\/foto14-min.jpg","datePublished":"2022-08-09T02:35:44+00:00","dateModified":"2026-02-04T16:14:08+00:00","breadcrumb":{"@id":"https:\/\/finetravelalbania.com\/es\/tour\/explorar-albania-macedonia-y-kosovo\/#breadcrumb"},"inLanguage":"es","potentialAction":[{"@type":"ReadAction","target":["https:\/\/finetravelalbania.com\/es\/tour\/explorar-albania-macedonia-y-kosovo\/"]}]},{"@type":"ImageObject","inLanguage":"es","@id":"https:\/\/finetravelalbania.com\/es\/tour\/explorar-albania-macedonia-y-kosovo\/#primaryimage","url":"https:\/\/finetravelalbania.com\/wp-content\/uploads\/2022\/08\/foto14-min.jpg","contentUrl":"https:\/\/finetravelalbania.com\/wp-content\/uploads\/2022\/08\/foto14-min.jpg","width":800,"height":450,"caption":"Excursiones en Albania, Albania Destino, Albania Cocina, Gu\u00eda de Albania, Viaje a Albania, Albania tiempo - Fine Travel Albania"},{"@type":"BreadcrumbList","@id":"https:\/\/finetravelalbania.com\/es\/tour\/explorar-albania-macedonia-y-kosovo\/#breadcrumb","itemListElement":[{"@type":"ListItem","position":1,"name":"Home","item":"https:\/\/finetravelalbania.com\/es\/"},{"@type":"ListItem","position":2,"name":"Shop","item":"https:\/\/finetravelalbania.com\/?page_id=13"},{"@type":"ListItem","position":3,"name":"Explorar Albania, Macedonia y Kosovo"}]},{"@type":"WebSite","@id":"https:\/\/finetravelalbania.com\/#website","url":"https:\/\/finetravelalbania.com\/","name":"Fine Travel Albania","description":"Your Boutique Travel Experts!","publisher":{"@id":"https:\/\/finetravelalbania.com\/#organization"},"potentialAction":[{"@type":"SearchAction","target":{"@type":"EntryPoint","urlTemplate":"https:\/\/finetravelalbania.com\/?s={search_term_string}"},"query-input":{"@type":"PropertyValueSpecification","valueRequired":true,"valueName":"search_term_string"}}],"inLanguage":"es"},{"@type":"Organization","@id":"https:\/\/finetravelalbania.com\/#organization","name":"Fine Travel Albania","url":"https:\/\/finetravelalbania.com\/","logo":{"@type":"ImageObject","inLanguage":"es","@id":"https:\/\/finetravelalbania.com\/#\/schema\/logo\/image\/","url":"https:\/\/finetravelalbania.com\/wp-content\/uploads\/2022\/11\/logo-web.png","contentUrl":"https:\/\/finetravelalbania.com\/wp-content\/uploads\/2022\/11\/logo-web.png","width":300,"height":243,"caption":"Fine Travel Albania"},"image":{"@id":"https:\/\/finetravelalbania.com\/#\/schema\/logo\/image\/"}}]}},"_links":{"self":[{"href":"https:\/\/finetravelalbania.com\/es\/wp-json\/wp\/v2\/product\/7646","targetHints":{"allow":["GET"]}}],"collection":[{"href":"https:\/\/finetravelalbania.com\/es\/wp-json\/wp\/v2\/product"}],"about":[{"href":"https:\/\/finetravelalbania.com\/es\/wp-json\/wp\/v2\/types\/product"}],"version-history":[{"count":15,"href":"https:\/\/finetravelalbania.com\/es\/wp-json\/wp\/v2\/product\/7646\/revisions"}],"predecessor-version":[{"id":8931,"href":"https:\/\/finetravelalbania.com\/es\/wp-json\/wp\/v2\/product\/7646\/revisions\/8931"}],"wp:featuredmedia":[{"embeddable":true,"href":"https:\/\/finetravelalbania.com\/es\/wp-json\/wp\/v2\/media\/7321"}],"wp:attachment":[{"href":"https:\/\/finetravelalbania.com\/es\/wp-json\/wp\/v2\/media?parent=7646"}],"wp:term":[{"taxonomy":"product_brand","embeddable":true,"href":"https:\/\/finetravelalbania.com\/es\/wp-json\/wp\/v2\/product_brand?post=7646"},{"taxonomy":"product_cat","embeddable":true,"href":"https:\/\/finetravelalbania.com\/es\/wp-json\/wp\/v2\/product_cat?post=7646"},{"taxonomy":"product_tag","embeddable":true,"href":"https:\/\/finetravelalbania.com\/es\/wp-json\/wp\/v2\/product_tag?post=7646"}],"curies":[{"name":"wp","href":"https:\/\/api.w.org\/{rel}","templated":true}]}}