{"id":7660,"date":"2022-11-05T16:30:02","date_gmt":"2022-11-05T16:30:02","guid":{"rendered":"https:\/\/finetravelalbania.com\/tour\/tour-archeologico-dellalbania\/"},"modified":"2026-02-04T12:47:43","modified_gmt":"2026-02-04T12:47:43","slug":"tour-arqueologico-de-albania","status":"publish","type":"product","link":"https:\/\/finetravelalbania.com\/es\/tour\/tour-arqueologico-de-albania\/","title":{"rendered":"Tour Arqueol\u00f3gico de Albania"},"content":{"rendered":"\t\t<div data-elementor-type=\"wp-post\" data-elementor-id=\"7660\" class=\"elementor elementor-7660 elementor-5092\">\n\t\t\t\t\t\t<section class=\"elementor-section elementor-top-section elementor-element elementor-element-6f57720 elementor-section-boxed elementor-section-height-default elementor-section-height-default\" data-id=\"6f57720\" data-element_type=\"section\">\n\t\t\t\t\t\t<div class=\"elementor-container elementor-column-gap-default\">\n\t\t\t\t\t<div class=\"elementor-column elementor-col-100 elementor-top-column elementor-element elementor-element-de6d069\" data-id=\"de6d069\" data-element_type=\"column\">\n\t\t\t<div class=\"elementor-widget-wrap elementor-element-populated\">\n\t\t\t\t\t\t<div class=\"elementor-element elementor-element-ab658a4 elementor-widget elementor-widget-text-editor\" data-id=\"ab658a4\" data-element_type=\"widget\" data-widget_type=\"text-editor.default\">\n\t\t\t\t<div class=\"elementor-widget-container\">\n\t\t\t\t\t\t\t\t\t<p><strong><a href=\"#\">1699<\/a> euros <\/strong><strong>por persona<\/strong> compartiendo una habitaci\u00f3n doble o doble para un m\u00ednimo de 2 participantes de pago<\/p><p><strong>Suplemento individual = <a href=\"#\">270 euros<\/a>.\u00a0 <\/strong>(Las habitaciones individuales generalmente ser\u00e1n dobles o dobles para uso individual).<\/p><p>Nota: Trabajamos con hoteles de nivel 4* como base de partida.<\/p><p><strong>Cont\u00e1ctanos para un itinerario personalizado!<\/strong><\/p><p>Nota: Trabajamos con hoteles de nivel 4* como base de partida.<\/p><p><strong><u>Precio del tour en grupo<\/u><\/strong><\/p><p>M\u00ednimo 2 pax \u2013 por favor cont\u00e1ctenos para una cotizaci\u00f3n r\u00e1pida BB, HB o FB e incluyendo las entradas.<\/p>\t\t\t\t\t\t\t\t<\/div>\n\t\t\t\t<\/div>\n\t\t\t\t<div class=\"elementor-element elementor-element-fe2f8ac elementor-widget elementor-widget-text-editor\" data-id=\"fe2f8ac\" data-element_type=\"widget\" data-widget_type=\"text-editor.default\">\n\t\t\t\t<div class=\"elementor-widget-container\">\n\t\t\t\t\t\t\t\t\t<h3>Incluida:<\/h3><ul><li class=\"item-tour-included\"><p>Transporte con veh\u00edculo moderno c\u00f3modo y espacioso con aire acondicionado, incluido el servicio de recogida en el aeropuerto<\/p><\/li><li class=\"item-tour-included\"><p>2x botellas de agua por persona por d\u00eda en el veh\u00edculo<\/p><\/li><li class=\"item-tour-included\"><p>Gu\u00eda tur\u00edstico especializado en ingl\u00e9s que sirve como su conductor<\/p><\/li><li class=\"item-tour-included\"><p>Alojamiento por 5 noches en hoteles boutique de 4 * cuidadosamente solicitados, con desayuno<\/p><\/li><li class=\"item-tour-included\"><p>Traslado al aeropuerto el \u00faltimo d\u00eda<\/p><\/li><li class=\"item-tour-included\"><p>Todos los impuestos<\/p><\/li><\/ul>\t\t\t\t\t\t\t\t<\/div>\n\t\t\t\t<\/div>\n\t\t\t\t<div class=\"elementor-element elementor-element-0b31cd9 elementor-widget elementor-widget-text-editor\" data-id=\"0b31cd9\" data-element_type=\"widget\" data-widget_type=\"text-editor.default\">\n\t\t\t\t<div class=\"elementor-widget-container\">\n\t\t\t\t\t\t\t\t\t<h3>No Incluidas:<\/h3><ul><li class=\"item-tour-excluded\"><p>Billetes de avi\u00f3n<\/p><\/li><li class=\"item-tour-excluded\"><p>Almuerzos y cenas<\/p><\/li><li class=\"item-tour-excluded\"><p>Propinas \/ propina al conductor, gu\u00eda<\/p><\/li><li class=\"item-tour-excluded\"><p>Entradas (aprox. 40 euros PP dependiendo de los intereses)<\/p><\/li><li class=\"item-tour-excluded\"><p>Todo lo dem\u00e1s no mencionado en la secci\u00f3n incluida<\/p><\/li><\/ul>\t\t\t\t\t\t\t\t<\/div>\n\t\t\t\t<\/div>\n\t\t\t\t\t<\/div>\n\t\t<\/div>\n\t\t\t\t\t<\/div>\n\t\t<\/section>\n\t\t\t\t<\/div>\n\t\t","protected":false},"excerpt":{"rendered":"<p>1699 euros por persona compartiendo una habitaci\u00f3n doble o doble para un m\u00ednimo de 2 participantes de pago Suplemento individual = 270 euros.\u00a0 (Las habitaciones individuales generalmente ser\u00e1n dobles o dobles para uso individual). Nota: Trabajamos con hoteles de nivel 4* como base de partida. Cont\u00e1ctanos para un itinerario personalizado! Nota: Trabajamos con hoteles de [&hellip;]<\/p>\n","protected":false},"featured_media":7396,"template":"","meta":[],"product_brand":[],"product_cat":[74],"product_tag":[],"class_list":{"0":"post-7660","1":"product","2":"type-product","3":"status-publish","4":"has-post-thumbnail","6":"product_cat-albania-tours-es","8":"first","9":"instock","10":"shipping-taxable","11":"purchasable","12":"product-type-ovabrw_car_rental"},"yoast_head":"<!-- This site is optimized with the Yoast SEO plugin v26.3 - https:\/\/yoast.com\/wordpress\/plugins\/seo\/ -->\n<title>Tour Arqueol\u00f3gico de Albania - Fine Travel Albania<\/title>\n<meta name=\"robots\" content=\"index, follow, max-snippet:-1, max-image-preview:large, max-video-preview:-1\" \/>\n<link rel=\"canonical\" href=\"https:\/\/finetravelalbania.com\/es\/tour\/tour-arqueologico-de-albania\/\" \/>\n<meta property=\"og:locale\" content=\"es_ES\" \/>\n<meta property=\"og:type\" content=\"article\" \/>\n<meta property=\"og:title\" content=\"Tour Arqueol\u00f3gico de Albania - Fine Travel Albania\" \/>\n<meta property=\"og:description\" content=\"1699 euros por persona compartiendo una habitaci\u00f3n doble o doble para un m\u00ednimo de 2 participantes de pago Suplemento individual = 270 euros.\u00a0 (Las habitaciones individuales generalmente ser\u00e1n dobles o dobles para uso individual). Nota: Trabajamos con hoteles de nivel 4* como base de partida. Cont\u00e1ctanos para un itinerario personalizado! Nota: Trabajamos con hoteles de [&hellip;]\" \/>\n<meta property=\"og:url\" content=\"https:\/\/finetravelalbania.com\/es\/tour\/tour-arqueologico-de-albania\/\" \/>\n<meta property=\"og:site_name\" content=\"Fine Travel Albania\" \/>\n<meta property=\"article:modified_time\" content=\"2026-02-04T12:47:43+00:00\" \/>\n<meta property=\"og:image\" content=\"https:\/\/finetravelalbania.com\/wp-content\/uploads\/2022\/11\/Butrint-Amphitheatre-42-scaled.jpg\" \/>\n\t<meta property=\"og:image:width\" content=\"2560\" \/>\n\t<meta property=\"og:image:height\" content=\"1447\" \/>\n\t<meta property=\"og:image:type\" content=\"image\/jpeg\" \/>\n<meta name=\"twitter:card\" content=\"summary_large_image\" \/>\n<meta name=\"twitter:label1\" content=\"Tiempo de lectura\" \/>\n\t<meta name=\"twitter:data1\" content=\"1 minuto\" \/>\n<script type=\"application\/ld+json\" class=\"yoast-schema-graph\">{\"@context\":\"https:\/\/schema.org\",\"@graph\":[{\"@type\":\"WebPage\",\"@id\":\"https:\/\/finetravelalbania.com\/es\/tour\/tour-arqueologico-de-albania\/\",\"url\":\"https:\/\/finetravelalbania.com\/es\/tour\/tour-arqueologico-de-albania\/\",\"name\":\"Tour Arqueol\u00f3gico de Albania - Fine Travel Albania\",\"isPartOf\":{\"@id\":\"https:\/\/finetravelalbania.com\/#website\"},\"primaryImageOfPage\":{\"@id\":\"https:\/\/finetravelalbania.com\/es\/tour\/tour-arqueologico-de-albania\/#primaryimage\"},\"image\":{\"@id\":\"https:\/\/finetravelalbania.com\/es\/tour\/tour-arqueologico-de-albania\/#primaryimage\"},\"thumbnailUrl\":\"https:\/\/finetravelalbania.com\/wp-content\/uploads\/2022\/11\/Butrint-Amphitheatre-42-scaled.jpg\",\"datePublished\":\"2022-11-05T16:30:02+00:00\",\"dateModified\":\"2026-02-04T12:47:43+00:00\",\"breadcrumb\":{\"@id\":\"https:\/\/finetravelalbania.com\/es\/tour\/tour-arqueologico-de-albania\/#breadcrumb\"},\"inLanguage\":\"es\",\"potentialAction\":[{\"@type\":\"ReadAction\",\"target\":[\"https:\/\/finetravelalbania.com\/es\/tour\/tour-arqueologico-de-albania\/\"]}]},{\"@type\":\"ImageObject\",\"inLanguage\":\"es\",\"@id\":\"https:\/\/finetravelalbania.com\/es\/tour\/tour-arqueologico-de-albania\/#primaryimage\",\"url\":\"https:\/\/finetravelalbania.com\/wp-content\/uploads\/2022\/11\/Butrint-Amphitheatre-42-scaled.jpg\",\"contentUrl\":\"https:\/\/finetravelalbania.com\/wp-content\/uploads\/2022\/11\/Butrint-Amphitheatre-42-scaled.jpg\",\"width\":2560,\"height\":1447,\"caption\":\"Fine Travel Albania Operador tur\u00edstico de Albania Organizador de conferencias, Vacaciones en Albania, Albania Hoteles, Excursiones en Albania\"},{\"@type\":\"BreadcrumbList\",\"@id\":\"https:\/\/finetravelalbania.com\/es\/tour\/tour-arqueologico-de-albania\/#breadcrumb\",\"itemListElement\":[{\"@type\":\"ListItem\",\"position\":1,\"name\":\"Home\",\"item\":\"https:\/\/finetravelalbania.com\/es\/\"},{\"@type\":\"ListItem\",\"position\":2,\"name\":\"Shop\",\"item\":\"https:\/\/finetravelalbania.com\/?page_id=13\"},{\"@type\":\"ListItem\",\"position\":3,\"name\":\"Tour Arqueol\u00f3gico de Albania\"}]},{\"@type\":\"WebSite\",\"@id\":\"https:\/\/finetravelalbania.com\/#website\",\"url\":\"https:\/\/finetravelalbania.com\/\",\"name\":\"Fine Travel Albania\",\"description\":\"Your Boutique Travel Experts!\",\"publisher\":{\"@id\":\"https:\/\/finetravelalbania.com\/#organization\"},\"potentialAction\":[{\"@type\":\"SearchAction\",\"target\":{\"@type\":\"EntryPoint\",\"urlTemplate\":\"https:\/\/finetravelalbania.com\/?s={search_term_string}\"},\"query-input\":{\"@type\":\"PropertyValueSpecification\",\"valueRequired\":true,\"valueName\":\"search_term_string\"}}],\"inLanguage\":\"es\"},{\"@type\":\"Organization\",\"@id\":\"https:\/\/finetravelalbania.com\/#organization\",\"name\":\"Fine Travel Albania\",\"url\":\"https:\/\/finetravelalbania.com\/\",\"logo\":{\"@type\":\"ImageObject\",\"inLanguage\":\"es\",\"@id\":\"https:\/\/finetravelalbania.com\/#\/schema\/logo\/image\/\",\"url\":\"https:\/\/finetravelalbania.com\/wp-content\/uploads\/2022\/11\/logo-web.png\",\"contentUrl\":\"https:\/\/finetravelalbania.com\/wp-content\/uploads\/2022\/11\/logo-web.png\",\"width\":300,\"height\":243,\"caption\":\"Fine Travel Albania\"},\"image\":{\"@id\":\"https:\/\/finetravelalbania.com\/#\/schema\/logo\/image\/\"}}]}<\/script>\n<!-- \/ Yoast SEO plugin. -->","yoast_head_json":{"title":"Tour Arqueol\u00f3gico de Albania - Fine Travel Albania","robots":{"index":"index","follow":"follow","max-snippet":"max-snippet:-1","max-image-preview":"max-image-preview:large","max-video-preview":"max-video-preview:-1"},"canonical":"https:\/\/finetravelalbania.com\/es\/tour\/tour-arqueologico-de-albania\/","og_locale":"es_ES","og_type":"article","og_title":"Tour Arqueol\u00f3gico de Albania - Fine Travel Albania","og_description":"1699 euros por persona compartiendo una habitaci\u00f3n doble o doble para un m\u00ednimo de 2 participantes de pago Suplemento individual = 270 euros.\u00a0 (Las habitaciones individuales generalmente ser\u00e1n dobles o dobles para uso individual). Nota: Trabajamos con hoteles de nivel 4* como base de partida. Cont\u00e1ctanos para un itinerario personalizado! Nota: Trabajamos con hoteles de [&hellip;]","og_url":"https:\/\/finetravelalbania.com\/es\/tour\/tour-arqueologico-de-albania\/","og_site_name":"Fine Travel Albania","article_modified_time":"2026-02-04T12:47:43+00:00","og_image":[{"width":2560,"height":1447,"url":"https:\/\/finetravelalbania.com\/wp-content\/uploads\/2022\/11\/Butrint-Amphitheatre-42-scaled.jpg","type":"image\/jpeg"}],"twitter_card":"summary_large_image","twitter_misc":{"Tiempo de lectura":"1 minuto"},"schema":{"@context":"https:\/\/schema.org","@graph":[{"@type":"WebPage","@id":"https:\/\/finetravelalbania.com\/es\/tour\/tour-arqueologico-de-albania\/","url":"https:\/\/finetravelalbania.com\/es\/tour\/tour-arqueologico-de-albania\/","name":"Tour Arqueol\u00f3gico de Albania - Fine Travel Albania","isPartOf":{"@id":"https:\/\/finetravelalbania.com\/#website"},"primaryImageOfPage":{"@id":"https:\/\/finetravelalbania.com\/es\/tour\/tour-arqueologico-de-albania\/#primaryimage"},"image":{"@id":"https:\/\/finetravelalbania.com\/es\/tour\/tour-arqueologico-de-albania\/#primaryimage"},"thumbnailUrl":"https:\/\/finetravelalbania.com\/wp-content\/uploads\/2022\/11\/Butrint-Amphitheatre-42-scaled.jpg","datePublished":"2022-11-05T16:30:02+00:00","dateModified":"2026-02-04T12:47:43+00:00","breadcrumb":{"@id":"https:\/\/finetravelalbania.com\/es\/tour\/tour-arqueologico-de-albania\/#breadcrumb"},"inLanguage":"es","potentialAction":[{"@type":"ReadAction","target":["https:\/\/finetravelalbania.com\/es\/tour\/tour-arqueologico-de-albania\/"]}]},{"@type":"ImageObject","inLanguage":"es","@id":"https:\/\/finetravelalbania.com\/es\/tour\/tour-arqueologico-de-albania\/#primaryimage","url":"https:\/\/finetravelalbania.com\/wp-content\/uploads\/2022\/11\/Butrint-Amphitheatre-42-scaled.jpg","contentUrl":"https:\/\/finetravelalbania.com\/wp-content\/uploads\/2022\/11\/Butrint-Amphitheatre-42-scaled.jpg","width":2560,"height":1447,"caption":"Fine Travel Albania Operador tur\u00edstico de Albania Organizador de conferencias, Vacaciones en Albania, Albania Hoteles, Excursiones en Albania"},{"@type":"BreadcrumbList","@id":"https:\/\/finetravelalbania.com\/es\/tour\/tour-arqueologico-de-albania\/#breadcrumb","itemListElement":[{"@type":"ListItem","position":1,"name":"Home","item":"https:\/\/finetravelalbania.com\/es\/"},{"@type":"ListItem","position":2,"name":"Shop","item":"https:\/\/finetravelalbania.com\/?page_id=13"},{"@type":"ListItem","position":3,"name":"Tour Arqueol\u00f3gico de Albania"}]},{"@type":"WebSite","@id":"https:\/\/finetravelalbania.com\/#website","url":"https:\/\/finetravelalbania.com\/","name":"Fine Travel Albania","description":"Your Boutique Travel Experts!","publisher":{"@id":"https:\/\/finetravelalbania.com\/#organization"},"potentialAction":[{"@type":"SearchAction","target":{"@type":"EntryPoint","urlTemplate":"https:\/\/finetravelalbania.com\/?s={search_term_string}"},"query-input":{"@type":"PropertyValueSpecification","valueRequired":true,"valueName":"search_term_string"}}],"inLanguage":"es"},{"@type":"Organization","@id":"https:\/\/finetravelalbania.com\/#organization","name":"Fine Travel Albania","url":"https:\/\/finetravelalbania.com\/","logo":{"@type":"ImageObject","inLanguage":"es","@id":"https:\/\/finetravelalbania.com\/#\/schema\/logo\/image\/","url":"https:\/\/finetravelalbania.com\/wp-content\/uploads\/2022\/11\/logo-web.png","contentUrl":"https:\/\/finetravelalbania.com\/wp-content\/uploads\/2022\/11\/logo-web.png","width":300,"height":243,"caption":"Fine Travel Albania"},"image":{"@id":"https:\/\/finetravelalbania.com\/#\/schema\/logo\/image\/"}}]}},"_links":{"self":[{"href":"https:\/\/finetravelalbania.com\/es\/wp-json\/wp\/v2\/product\/7660","targetHints":{"allow":["GET"]}}],"collection":[{"href":"https:\/\/finetravelalbania.com\/es\/wp-json\/wp\/v2\/product"}],"about":[{"href":"https:\/\/finetravelalbania.com\/es\/wp-json\/wp\/v2\/types\/product"}],"version-history":[{"count":12,"href":"https:\/\/finetravelalbania.com\/es\/wp-json\/wp\/v2\/product\/7660\/revisions"}],"predecessor-version":[{"id":8874,"href":"https:\/\/finetravelalbania.com\/es\/wp-json\/wp\/v2\/product\/7660\/revisions\/8874"}],"wp:featuredmedia":[{"embeddable":true,"href":"https:\/\/finetravelalbania.com\/es\/wp-json\/wp\/v2\/media\/7396"}],"wp:attachment":[{"href":"https:\/\/finetravelalbania.com\/es\/wp-json\/wp\/v2\/media?parent=7660"}],"wp:term":[{"taxonomy":"product_brand","embeddable":true,"href":"https:\/\/finetravelalbania.com\/es\/wp-json\/wp\/v2\/product_brand?post=7660"},{"taxonomy":"product_cat","embeddable":true,"href":"https:\/\/finetravelalbania.com\/es\/wp-json\/wp\/v2\/product_cat?post=7660"},{"taxonomy":"product_tag","embeddable":true,"href":"https:\/\/finetravelalbania.com\/es\/wp-json\/wp\/v2\/product_tag?post=7660"}],"curies":[{"name":"wp","href":"https:\/\/api.w.org\/{rel}","templated":true}]}}