{"id":8371,"date":"2022-12-17T13:05:31","date_gmt":"2022-12-17T13:05:31","guid":{"rendered":"https:\/\/finetravelalbania.com\/albania-visa-requirements\/"},"modified":"2025-11-02T23:20:20","modified_gmt":"2025-11-02T23:20:20","slug":"exigences-en-matiere-de-visa-albania","status":"publish","type":"page","link":"https:\/\/finetravelalbania.com\/fr\/exigences-en-matiere-de-visa-albania\/","title":{"rendered":"Exigences en mati\u00e8re de Visa"},"content":{"rendered":"\t\t<div data-elementor-type=\"wp-page\" data-elementor-id=\"8371\" class=\"elementor elementor-8371 elementor-6337\">\n\t\t\t\t\t\t<section class=\"elementor-section elementor-top-section elementor-element elementor-element-1a3946d elementor-section-boxed elementor-section-height-default elementor-section-height-default\" data-id=\"1a3946d\" data-element_type=\"section\">\n\t\t\t\t\t\t<div class=\"elementor-container elementor-column-gap-default\">\n\t\t\t\t\t<div class=\"elementor-column elementor-col-100 elementor-top-column elementor-element elementor-element-c48853a\" data-id=\"c48853a\" data-element_type=\"column\">\n\t\t\t<div class=\"elementor-widget-wrap elementor-element-populated\">\n\t\t\t\t\t\t<div class=\"elementor-element elementor-element-609947c elementor-widget elementor-widget-text-editor\" data-id=\"609947c\" data-element_type=\"widget\" data-widget_type=\"text-editor.default\">\n\t\t\t\t<div class=\"elementor-widget-container\">\n\t\t\t\t\t\t\t\t\t<h3>Informations sur les visas en Albanie<\/h3>\t\t\t\t\t\t\t\t<\/div>\n\t\t\t\t<\/div>\n\t\t\t\t<section class=\"elementor-section elementor-inner-section elementor-element elementor-element-1545915 elementor-section-boxed elementor-section-height-default elementor-section-height-default\" data-id=\"1545915\" data-element_type=\"section\">\n\t\t\t\t\t\t<div class=\"elementor-container elementor-column-gap-default\">\n\t\t\t\t\t<div class=\"elementor-column elementor-col-100 elementor-inner-column elementor-element elementor-element-81a7173\" data-id=\"81a7173\" data-element_type=\"column\">\n\t\t\t<div class=\"elementor-widget-wrap elementor-element-populated\">\n\t\t\t\t\t\t<div class=\"elementor-element elementor-element-38ffb55 elementor-invisible elementor-widget elementor-widget-icon-box\" data-id=\"38ffb55\" data-element_type=\"widget\" data-settings=\"{&quot;_animation&quot;:&quot;fadeInLeft&quot;,&quot;_animation_tablet&quot;:&quot;none&quot;,&quot;_animation_delay&quot;:100}\" data-widget_type=\"icon-box.default\">\n\t\t\t\t<div class=\"elementor-widget-container\">\n\t\t\t\t\t\t\t<div class=\"elementor-icon-box-wrapper\">\n\n\t\t\t\n\t\t\t\t\t\t<div class=\"elementor-icon-box-content\">\n\n\t\t\t\t\t\t\t\t\t<h3 class=\"elementor-icon-box-title\">\n\t\t\t\t\t\t<span  >\n\t\t\t\t\t\t\tR\u00c9GIME DES VISAS POUR LES CITOYENS \u00c9TRANGERS\t\t\t\t\t\t<\/span>\n\t\t\t\t\t<\/h3>\n\t\t\t\t\n\t\t\t\t\t\t\t\t\t<p class=\"elementor-icon-box-description\">\n\t\t\t\t\t\tLe r\u00e9gime des visas pour les citoyens \u00e9trangers en R\u00e9publique d'Albanie est pr\u00e9vu par la loi n\u00b0 79\/2021 \"sur les \u00e9trangers\" et par la d\u00e9cision du Conseil des ministres n\u00b0 858, dat\u00e9e du 29.12.2021, \"sur la d\u00e9finition des crit\u00e8res des proc\u00e9dures et des documents pour l'entr\u00e9e, le s\u00e9jour et le traitement des \u00e9trangers en R\u00e9publique d'Albanie\".\t\t\t\t\t<\/p>\n\t\t\t\t\n\t\t\t<\/div>\n\t\t\t\n\t\t<\/div>\n\t\t\t\t\t\t<\/div>\n\t\t\t\t<\/div>\n\t\t\t\t\t<\/div>\n\t\t<\/div>\n\t\t\t\t\t<\/div>\n\t\t<\/section>\n\t\t\t\t<section class=\"elementor-section elementor-inner-section elementor-element elementor-element-ebb744a elementor-section-boxed elementor-section-height-default elementor-section-height-default\" data-id=\"ebb744a\" data-element_type=\"section\">\n\t\t\t\t\t\t<div class=\"elementor-container elementor-column-gap-default\">\n\t\t\t\t\t<div class=\"elementor-column elementor-col-100 elementor-inner-column elementor-element elementor-element-36fb8d7\" data-id=\"36fb8d7\" data-element_type=\"column\">\n\t\t\t<div class=\"elementor-widget-wrap elementor-element-populated\">\n\t\t\t\t\t\t<div class=\"elementor-element elementor-element-454ec73 elementor-invisible elementor-widget elementor-widget-icon-box\" data-id=\"454ec73\" data-element_type=\"widget\" data-settings=\"{&quot;_animation&quot;:&quot;fadeInLeft&quot;,&quot;_animation_tablet&quot;:&quot;none&quot;,&quot;_animation_delay&quot;:100}\" data-widget_type=\"icon-box.default\">\n\t\t\t\t<div class=\"elementor-widget-container\">\n\t\t\t\t\t\t\t<div class=\"elementor-icon-box-wrapper\">\n\n\t\t\t\n\t\t\t\t\t\t<div class=\"elementor-icon-box-content\">\n\n\t\t\t\t\t\t\t\t\t<h3 class=\"elementor-icon-box-title\">\n\t\t\t\t\t\t<span  >\n\t\t\t\t\t\t\tPEUVENT ENTRER EN ALBANIE SANS VISA :\t\t\t\t\t\t<\/span>\n\t\t\t\t\t<\/h3>\n\t\t\t\t\n\t\t\t\t\t\t\t\t\t<p class=\"elementor-icon-box-description\">\n\t\t\t\t\t\tLes citoyens de : Andorre, Antigua-et-Barbuda, Argentine, Arm\u00e9nie, Australie, Autriche, Azerba\u00efdjan, Bahamas, Barbade, Belgique, Bosnie-Herz\u00e9govine, Br\u00e9sil, Brunei, Bulgarie, Canada, Chili, Costa Rica, Croatie, Chypre, R\u00e9publique tch\u00e8que, Danemark, Estonie, Finlande, France, Allemagne, Gr\u00e8ce, Guatemala, Honduras, Hong Kong, Hongrie, Irlande, Islande, Isra\u00ebl, Italie, Japon, Kazakhstan, Kosovo, Kowe\u00eft, Lettonie, Liechtenstein, Lituanie, Luxembourg, Macao RAS, Malaisie, Malte, Maurice, Mexique, Moldavie, Monaco, Mont\u00e9n\u00e9gro, Nicaragua, Mac\u00e9doine du Nord, Norv\u00e8ge, Nouvelle-Z\u00e9lande, Panama, Paraguay, Pays-Bas, Pologne, Portugal, Roumanie, St. Kitts &amp; Nevis, Salvador, Saint-Marin, Serbie, Seychelles, Singapour, Slovaquie, Slov\u00e9nie, Afrique du Sud, Cor\u00e9e du Sud, Espagne, Su\u00e8de, Suisse, Taiwan (ROC), Turquie, Ukraine, EAU, Royaume-Uni, Uruguay, Etats-Unis, Vatican et Venezuela.<br><br>\n<strong>En outre:<\/strong> \u00a0<br>\n\u2014 Les citoyens \u00e9trangers en possession d'un visa Schengen \u00e0 entr\u00e9es multiples en cours de validit\u00e9, qui a d\u00e9j\u00e0 \u00e9t\u00e9 utilis\u00e9 dans l'un des \u00c9tats Schengen, ou les citoyens \u00e9trangers en possession d'un permis de s\u00e9jour en cours de validit\u00e9 dans l'un des \u00c9tats Schengen;\n\u2014 Les ressortissants \u00e9trangers titulaires d'un visa am\u00e9ricain ou britannique \u00e0 entr\u00e9es multiples en cours de validit\u00e9, qui a d\u00e9j\u00e0 \u00e9t\u00e9 utilis\u00e9 dans le pays de d\u00e9livrance respectif, ou d'un permis de s\u00e9jour valide aux \u00c9tats-Unis ou au Royaume-Uni.\n\u2014 Les ressortissants \u00e9trangers originaires d'Arabie saoudite, de Bahre\u00efn, d'Inde, du Qatar, d'Oman et de Tha\u00eflande peuvent entrer en Albanie sans visa, pour un s\u00e9jour de courte dur\u00e9e, sur pr\u00e9sentation d'un passeport, du 20 avril au 31 d\u00e9cembre ;\n\u2014 Les citoyens \u00e9trangers titulaires d'un permis de s\u00e9jour de 10 ans, d\u00e9livr\u00e9 par l'autorit\u00e9 comp\u00e9tente des \u00c9mirats arabes unis, valable au moins un an \u00e0 compter du moment de l'entr\u00e9e.\n\u2014 Les citoyens \u00e9trangers qui entrent et s\u00e9journent sans visa dans l'espace Schengen.\t\t\t\t\t<\/p>\n\t\t\t\t\n\t\t\t<\/div>\n\t\t\t\n\t\t<\/div>\n\t\t\t\t\t\t<\/div>\n\t\t\t\t<\/div>\n\t\t\t\t\t<\/div>\n\t\t<\/div>\n\t\t\t\t\t<\/div>\n\t\t<\/section>\n\t\t\t\t<section class=\"elementor-section elementor-inner-section elementor-element elementor-element-a33f6a6 elementor-section-boxed elementor-section-height-default elementor-section-height-default\" data-id=\"a33f6a6\" data-element_type=\"section\">\n\t\t\t\t\t\t<div class=\"elementor-container elementor-column-gap-default\">\n\t\t\t\t\t<div class=\"elementor-column elementor-col-100 elementor-inner-column elementor-element elementor-element-7e8cd81\" data-id=\"7e8cd81\" data-element_type=\"column\">\n\t\t\t<div class=\"elementor-widget-wrap elementor-element-populated\">\n\t\t\t\t\t\t<div class=\"elementor-element elementor-element-3bb387c elementor-invisible elementor-widget elementor-widget-icon-box\" data-id=\"3bb387c\" data-element_type=\"widget\" data-settings=\"{&quot;_animation&quot;:&quot;fadeInLeft&quot;,&quot;_animation_tablet&quot;:&quot;none&quot;,&quot;_animation_delay&quot;:100}\" data-widget_type=\"icon-box.default\">\n\t\t\t\t<div class=\"elementor-widget-container\">\n\t\t\t\t\t\t\t<div class=\"elementor-icon-box-wrapper\">\n\n\t\t\t\n\t\t\t\t\t\t<div class=\"elementor-icon-box-content\">\n\n\t\t\t\t\t\t\t\t\t<h3 class=\"elementor-icon-box-title\">\n\t\t\t\t\t\t<span  >\n\t\t\t\t\t\t\tTYPES DE VISA\t\t\t\t\t\t<\/span>\n\t\t\t\t\t<\/h3>\n\t\t\t\t\n\t\t\t\t\t\t\t\t\t<p class=\"elementor-icon-box-description\">\n\t\t\t\t\t\tPour ceux qui ont besoin d'un visa, les types de visas suivants sont d\u00e9livr\u00e9s en cons\u00e9quence:\t\t\t\t\t<\/p>\n\t\t\t\t\n\t\t\t<\/div>\n\t\t\t\n\t\t<\/div>\n\t\t\t\t\t\t<\/div>\n\t\t\t\t<\/div>\n\t\t\t\t\t<\/div>\n\t\t<\/div>\n\t\t\t\t\t<\/div>\n\t\t<\/section>\n\t\t\t\t<section class=\"elementor-section elementor-inner-section elementor-element elementor-element-ea1252e elementor-section-boxed elementor-section-height-default elementor-section-height-default\" data-id=\"ea1252e\" data-element_type=\"section\">\n\t\t\t\t\t\t<div class=\"elementor-container elementor-column-gap-default\">\n\t\t\t\t\t<div class=\"elementor-column elementor-col-100 elementor-inner-column elementor-element elementor-element-62aa905\" data-id=\"62aa905\" data-element_type=\"column\">\n\t\t\t<div class=\"elementor-widget-wrap elementor-element-populated\">\n\t\t\t\t\t\t<div class=\"elementor-element elementor-element-834ad61 elementor-invisible elementor-widget elementor-widget-icon-box\" data-id=\"834ad61\" data-element_type=\"widget\" data-settings=\"{&quot;_animation&quot;:&quot;fadeInLeft&quot;,&quot;_animation_tablet&quot;:&quot;none&quot;,&quot;_animation_delay&quot;:100}\" data-widget_type=\"icon-box.default\">\n\t\t\t\t<div class=\"elementor-widget-container\">\n\t\t\t\t\t\t\t<div class=\"elementor-icon-box-wrapper\">\n\n\t\t\t\n\t\t\t\t\t\t<div class=\"elementor-icon-box-content\">\n\n\t\t\t\t\t\t\t\t\t<h3 class=\"elementor-icon-box-title\">\n\t\t\t\t\t\t<span  >\n\t\t\t\t\t\t\tVISA DE TYPE \"C\"\t\t\t\t\t\t<\/span>\n\t\t\t\t\t<\/h3>\n\t\t\t\t\n\t\t\t\t\t\t\t\t\t<p class=\"elementor-icon-box-description\">\n\t\t\t\t\t\tLe VISA DE TYPE \"C\" donne \u00e0 son titulaire le droit d'entrer et de s\u00e9journer en R\u00e9publique d'Albanie pendant 90 jours sur une p\u00e9riode de 180 jours \u00e0 compter de la date de la premi\u00e8re entr\u00e9e. 2. Le visa de type \"C\" peut \u00eatre un visa \u00e0 une, deux ou plusieurs entr\u00e9es. La dur\u00e9e de validit\u00e9 ne peut d\u00e9passer 5 ans.\t\t\t\t\t<\/p>\n\t\t\t\t\n\t\t\t<\/div>\n\t\t\t\n\t\t<\/div>\n\t\t\t\t\t\t<\/div>\n\t\t\t\t<\/div>\n\t\t\t\t\t<\/div>\n\t\t<\/div>\n\t\t\t\t\t<\/div>\n\t\t<\/section>\n\t\t\t\t<section class=\"elementor-section elementor-inner-section elementor-element elementor-element-093a8bb elementor-section-boxed elementor-section-height-default elementor-section-height-default\" data-id=\"093a8bb\" data-element_type=\"section\">\n\t\t\t\t\t\t<div class=\"elementor-container elementor-column-gap-default\">\n\t\t\t\t\t<div class=\"elementor-column elementor-col-100 elementor-inner-column elementor-element elementor-element-c76a513\" data-id=\"c76a513\" data-element_type=\"column\">\n\t\t\t<div class=\"elementor-widget-wrap elementor-element-populated\">\n\t\t\t\t\t\t<div class=\"elementor-element elementor-element-2a04d1c elementor-invisible elementor-widget elementor-widget-icon-box\" data-id=\"2a04d1c\" data-element_type=\"widget\" data-settings=\"{&quot;_animation&quot;:&quot;fadeInLeft&quot;,&quot;_animation_tablet&quot;:&quot;none&quot;,&quot;_animation_delay&quot;:100}\" data-widget_type=\"icon-box.default\">\n\t\t\t\t<div class=\"elementor-widget-container\">\n\t\t\t\t\t\t\t<div class=\"elementor-icon-box-wrapper\">\n\n\t\t\t\n\t\t\t\t\t\t<div class=\"elementor-icon-box-content\">\n\n\t\t\t\t\t\t\t\t\t<h3 class=\"elementor-icon-box-title\">\n\t\t\t\t\t\t<span  >\n\t\t\t\t\t\t\tVISA DE TYPE \"D\"\t\t\t\t\t\t<\/span>\n\t\t\t\t\t<\/h3>\n\t\t\t\t\n\t\t\t\t\t\t\t\t\t<p class=\"elementor-icon-box-description\">\n\t\t\t\t\t\tLE VISA DE TYPE \"D\" est d\u00e9livr\u00e9 \u00e0 un \u00e9tranger qui a l'intention de r\u00e9sider en R\u00e9publique d'Albanie pendant plus de 90 jours au cours d'une p\u00e9riode de 180 jours et si un visa est n\u00e9cessaire pour ces \u00e9trangers afin qu'ils obtiennent un permis de s\u00e9jour. Le visa de type \"D\" est valable un an, avec une p\u00e9riode de s\u00e9jour de 90 jours, pour une, deux ou plusieurs entr\u00e9es, et permet \u00e0 son titulaire de demander un permis de s\u00e9jour apr\u00e8s son entr\u00e9e en R\u00e9publique d'Albanie. <br><br>\nSource : Minist\u00e8re des affaires \u00e9trang\u00e8res de l'Albanie <br>\nhttps:\/\/punetejashtme.go \t\t\t\t\t<\/p>\n\t\t\t\t\n\t\t\t<\/div>\n\t\t\t\n\t\t<\/div>\n\t\t\t\t\t\t<\/div>\n\t\t\t\t<\/div>\n\t\t\t\t\t<\/div>\n\t\t<\/div>\n\t\t\t\t\t<\/div>\n\t\t<\/section>\n\t\t\t\t\t<\/div>\n\t\t<\/div>\n\t\t\t\t\t<\/div>\n\t\t<\/section>\n\t\t\t\t<\/div>\n\t\t","protected":false},"excerpt":{"rendered":"<p>Informations sur les visas en Albanie R\u00c9GIME DES VISAS POUR LES CITOYENS \u00c9TRANGERS Le r\u00e9gime des visas pour les citoyens \u00e9trangers en R\u00e9publique d&rsquo;Albanie est pr\u00e9vu par la loi n\u00b0 79\/2021 \u00ab\u00a0sur les \u00e9trangers\u00a0\u00bb et par la d\u00e9cision du Conseil des ministres n\u00b0 858, dat\u00e9e du 29.12.2021, \u00ab\u00a0sur la d\u00e9finition des crit\u00e8res des proc\u00e9dures et [&hellip;]<\/p>\n","protected":false},"author":1,"featured_media":0,"parent":0,"menu_order":0,"comment_status":"closed","ping_status":"closed","template":"","meta":{"footnotes":""},"class_list":["post-8371","page","type-page","status-publish","hentry"],"yoast_head":"<!-- This site is optimized with the Yoast SEO plugin v26.3 - https:\/\/yoast.com\/wordpress\/plugins\/seo\/ -->\n<title>Exigences en mati\u00e8re de Visa - Fine Travel Albania<\/title>\n<meta name=\"robots\" content=\"index, follow, max-snippet:-1, max-image-preview:large, max-video-preview:-1\" \/>\n<link rel=\"canonical\" href=\"https:\/\/finetravelalbania.com\/fr\/exigences-en-matiere-de-visa-albania\/\" \/>\n<meta property=\"og:locale\" content=\"fr_FR\" \/>\n<meta property=\"og:type\" content=\"article\" \/>\n<meta property=\"og:title\" content=\"Exigences en mati\u00e8re de Visa - Fine Travel Albania\" \/>\n<meta property=\"og:description\" content=\"Informations sur les visas en Albanie R\u00c9GIME DES VISAS POUR LES CITOYENS \u00c9TRANGERS Le r\u00e9gime des visas pour les citoyens \u00e9trangers en R\u00e9publique d&rsquo;Albanie est pr\u00e9vu par la loi n\u00b0 79\/2021 \u00ab\u00a0sur les \u00e9trangers\u00a0\u00bb et par la d\u00e9cision du Conseil des ministres n\u00b0 858, dat\u00e9e du 29.12.2021, \u00ab\u00a0sur la d\u00e9finition des crit\u00e8res des proc\u00e9dures et [&hellip;]\" \/>\n<meta property=\"og:url\" content=\"https:\/\/finetravelalbania.com\/fr\/exigences-en-matiere-de-visa-albania\/\" \/>\n<meta property=\"og:site_name\" content=\"Fine Travel Albania\" \/>\n<meta property=\"article:modified_time\" content=\"2025-11-02T23:20:20+00:00\" \/>\n<meta name=\"twitter:card\" content=\"summary_large_image\" \/>\n<meta name=\"twitter:label1\" content=\"Dur\u00e9e de lecture estim\u00e9e\" \/>\n\t<meta name=\"twitter:data1\" content=\"1 minute\" \/>\n<script type=\"application\/ld+json\" class=\"yoast-schema-graph\">{\"@context\":\"https:\/\/schema.org\",\"@graph\":[{\"@type\":\"WebPage\",\"@id\":\"https:\/\/finetravelalbania.com\/fr\/exigences-en-matiere-de-visa-albania\/\",\"url\":\"https:\/\/finetravelalbania.com\/fr\/exigences-en-matiere-de-visa-albania\/\",\"name\":\"Exigences en mati\u00e8re de Visa - Fine Travel Albania\",\"isPartOf\":{\"@id\":\"https:\/\/finetravelalbania.com\/#website\"},\"datePublished\":\"2022-12-17T13:05:31+00:00\",\"dateModified\":\"2025-11-02T23:20:20+00:00\",\"breadcrumb\":{\"@id\":\"https:\/\/finetravelalbania.com\/fr\/exigences-en-matiere-de-visa-albania\/#breadcrumb\"},\"inLanguage\":\"fr-FR\",\"potentialAction\":[{\"@type\":\"ReadAction\",\"target\":[\"https:\/\/finetravelalbania.com\/fr\/exigences-en-matiere-de-visa-albania\/\"]}]},{\"@type\":\"BreadcrumbList\",\"@id\":\"https:\/\/finetravelalbania.com\/fr\/exigences-en-matiere-de-visa-albania\/#breadcrumb\",\"itemListElement\":[{\"@type\":\"ListItem\",\"position\":1,\"name\":\"Home\",\"item\":\"https:\/\/finetravelalbania.com\/fr\/\"},{\"@type\":\"ListItem\",\"position\":2,\"name\":\"Exigences en mati\u00e8re de Visa\"}]},{\"@type\":\"WebSite\",\"@id\":\"https:\/\/finetravelalbania.com\/#website\",\"url\":\"https:\/\/finetravelalbania.com\/\",\"name\":\"Fine Travel Albania\",\"description\":\"Your Boutique Travel Experts!\",\"publisher\":{\"@id\":\"https:\/\/finetravelalbania.com\/#organization\"},\"potentialAction\":[{\"@type\":\"SearchAction\",\"target\":{\"@type\":\"EntryPoint\",\"urlTemplate\":\"https:\/\/finetravelalbania.com\/?s={search_term_string}\"},\"query-input\":{\"@type\":\"PropertyValueSpecification\",\"valueRequired\":true,\"valueName\":\"search_term_string\"}}],\"inLanguage\":\"fr-FR\"},{\"@type\":\"Organization\",\"@id\":\"https:\/\/finetravelalbania.com\/#organization\",\"name\":\"Fine Travel Albania\",\"url\":\"https:\/\/finetravelalbania.com\/\",\"logo\":{\"@type\":\"ImageObject\",\"inLanguage\":\"fr-FR\",\"@id\":\"https:\/\/finetravelalbania.com\/#\/schema\/logo\/image\/\",\"url\":\"https:\/\/finetravelalbania.com\/wp-content\/uploads\/2022\/11\/logo-web.png\",\"contentUrl\":\"https:\/\/finetravelalbania.com\/wp-content\/uploads\/2022\/11\/logo-web.png\",\"width\":300,\"height\":243,\"caption\":\"Fine Travel Albania\"},\"image\":{\"@id\":\"https:\/\/finetravelalbania.com\/#\/schema\/logo\/image\/\"}}]}<\/script>\n<!-- \/ Yoast SEO plugin. -->","yoast_head_json":{"title":"Exigences en mati\u00e8re de Visa - Fine Travel Albania","robots":{"index":"index","follow":"follow","max-snippet":"max-snippet:-1","max-image-preview":"max-image-preview:large","max-video-preview":"max-video-preview:-1"},"canonical":"https:\/\/finetravelalbania.com\/fr\/exigences-en-matiere-de-visa-albania\/","og_locale":"fr_FR","og_type":"article","og_title":"Exigences en mati\u00e8re de Visa - Fine Travel Albania","og_description":"Informations sur les visas en Albanie R\u00c9GIME DES VISAS POUR LES CITOYENS \u00c9TRANGERS Le r\u00e9gime des visas pour les citoyens \u00e9trangers en R\u00e9publique d&rsquo;Albanie est pr\u00e9vu par la loi n\u00b0 79\/2021 \u00ab\u00a0sur les \u00e9trangers\u00a0\u00bb et par la d\u00e9cision du Conseil des ministres n\u00b0 858, dat\u00e9e du 29.12.2021, \u00ab\u00a0sur la d\u00e9finition des crit\u00e8res des proc\u00e9dures et [&hellip;]","og_url":"https:\/\/finetravelalbania.com\/fr\/exigences-en-matiere-de-visa-albania\/","og_site_name":"Fine Travel Albania","article_modified_time":"2025-11-02T23:20:20+00:00","twitter_card":"summary_large_image","twitter_misc":{"Dur\u00e9e de lecture estim\u00e9e":"1 minute"},"schema":{"@context":"https:\/\/schema.org","@graph":[{"@type":"WebPage","@id":"https:\/\/finetravelalbania.com\/fr\/exigences-en-matiere-de-visa-albania\/","url":"https:\/\/finetravelalbania.com\/fr\/exigences-en-matiere-de-visa-albania\/","name":"Exigences en mati\u00e8re de Visa - Fine Travel Albania","isPartOf":{"@id":"https:\/\/finetravelalbania.com\/#website"},"datePublished":"2022-12-17T13:05:31+00:00","dateModified":"2025-11-02T23:20:20+00:00","breadcrumb":{"@id":"https:\/\/finetravelalbania.com\/fr\/exigences-en-matiere-de-visa-albania\/#breadcrumb"},"inLanguage":"fr-FR","potentialAction":[{"@type":"ReadAction","target":["https:\/\/finetravelalbania.com\/fr\/exigences-en-matiere-de-visa-albania\/"]}]},{"@type":"BreadcrumbList","@id":"https:\/\/finetravelalbania.com\/fr\/exigences-en-matiere-de-visa-albania\/#breadcrumb","itemListElement":[{"@type":"ListItem","position":1,"name":"Home","item":"https:\/\/finetravelalbania.com\/fr\/"},{"@type":"ListItem","position":2,"name":"Exigences en mati\u00e8re de Visa"}]},{"@type":"WebSite","@id":"https:\/\/finetravelalbania.com\/#website","url":"https:\/\/finetravelalbania.com\/","name":"Fine Travel Albania","description":"Your Boutique Travel Experts!","publisher":{"@id":"https:\/\/finetravelalbania.com\/#organization"},"potentialAction":[{"@type":"SearchAction","target":{"@type":"EntryPoint","urlTemplate":"https:\/\/finetravelalbania.com\/?s={search_term_string}"},"query-input":{"@type":"PropertyValueSpecification","valueRequired":true,"valueName":"search_term_string"}}],"inLanguage":"fr-FR"},{"@type":"Organization","@id":"https:\/\/finetravelalbania.com\/#organization","name":"Fine Travel Albania","url":"https:\/\/finetravelalbania.com\/","logo":{"@type":"ImageObject","inLanguage":"fr-FR","@id":"https:\/\/finetravelalbania.com\/#\/schema\/logo\/image\/","url":"https:\/\/finetravelalbania.com\/wp-content\/uploads\/2022\/11\/logo-web.png","contentUrl":"https:\/\/finetravelalbania.com\/wp-content\/uploads\/2022\/11\/logo-web.png","width":300,"height":243,"caption":"Fine Travel Albania"},"image":{"@id":"https:\/\/finetravelalbania.com\/#\/schema\/logo\/image\/"}}]}},"_links":{"self":[{"href":"https:\/\/finetravelalbania.com\/fr\/wp-json\/wp\/v2\/pages\/8371","targetHints":{"allow":["GET"]}}],"collection":[{"href":"https:\/\/finetravelalbania.com\/fr\/wp-json\/wp\/v2\/pages"}],"about":[{"href":"https:\/\/finetravelalbania.com\/fr\/wp-json\/wp\/v2\/types\/page"}],"author":[{"embeddable":true,"href":"https:\/\/finetravelalbania.com\/fr\/wp-json\/wp\/v2\/users\/1"}],"replies":[{"embeddable":true,"href":"https:\/\/finetravelalbania.com\/fr\/wp-json\/wp\/v2\/comments?post=8371"}],"version-history":[{"count":4,"href":"https:\/\/finetravelalbania.com\/fr\/wp-json\/wp\/v2\/pages\/8371\/revisions"}],"predecessor-version":[{"id":8404,"href":"https:\/\/finetravelalbania.com\/fr\/wp-json\/wp\/v2\/pages\/8371\/revisions\/8404"}],"wp:attachment":[{"href":"https:\/\/finetravelalbania.com\/fr\/wp-json\/wp\/v2\/media?parent=8371"}],"curies":[{"name":"wp","href":"https:\/\/api.w.org\/{rel}","templated":true}]}}