{"id":8383,"date":"2022-12-17T12:51:32","date_gmt":"2022-12-17T12:51:32","guid":{"rendered":"https:\/\/finetravelalbania.com\/getting-into-albania\/"},"modified":"2025-11-03T23:44:48","modified_gmt":"2025-11-03T23:44:48","slug":"se-rendre-en-albanie","status":"publish","type":"page","link":"https:\/\/finetravelalbania.com\/fr\/se-rendre-en-albanie\/","title":{"rendered":"Se rendre en Albanie"},"content":{"rendered":"\t\t<div data-elementor-type=\"wp-page\" data-elementor-id=\"8383\" class=\"elementor elementor-8383 elementor-6331\">\n\t\t\t\t\t\t<section class=\"elementor-section elementor-top-section elementor-element elementor-element-1a3946d elementor-section-boxed elementor-section-height-default elementor-section-height-default\" data-id=\"1a3946d\" data-element_type=\"section\">\n\t\t\t\t\t\t<div class=\"elementor-container elementor-column-gap-default\">\n\t\t\t\t\t<div class=\"elementor-column elementor-col-100 elementor-top-column elementor-element elementor-element-c48853a\" data-id=\"c48853a\" data-element_type=\"column\">\n\t\t\t<div class=\"elementor-widget-wrap elementor-element-populated\">\n\t\t\t\t\t\t<div class=\"elementor-element elementor-element-609947c elementor-widget elementor-widget-text-editor\" data-id=\"609947c\" data-element_type=\"widget\" data-widget_type=\"text-editor.default\">\n\t\t\t\t<div class=\"elementor-widget-container\">\n\t\t\t\t\t\t\t\t\t<p>L&rsquo;Albanie occupe une position privil\u00e9gi\u00e9e en M\u00e9diterran\u00e9e, au nord de la Gr\u00e8ce, au sud du Mont\u00e9n\u00e9gro et \u00e0 l&rsquo;est de l&rsquo;Italie, \u00e0 quelques kilom\u00e8tres de la mer Adriatique. Les points d&rsquo;entr\u00e9e dans le pays sont les suivants:<\/p><h3>Fronti\u00e8res terrestres de l\u2019Albanie<\/h3>\t\t\t\t\t\t\t\t<\/div>\n\t\t\t\t<\/div>\n\t\t\t\t<section class=\"elementor-section elementor-inner-section elementor-element elementor-element-1545915 elementor-section-boxed elementor-section-height-default elementor-section-height-default\" data-id=\"1545915\" data-element_type=\"section\">\n\t\t\t\t\t\t<div class=\"elementor-container elementor-column-gap-default\">\n\t\t\t\t\t<div class=\"elementor-column elementor-col-100 elementor-inner-column elementor-element elementor-element-81a7173\" data-id=\"81a7173\" data-element_type=\"column\">\n\t\t\t<div class=\"elementor-widget-wrap elementor-element-populated\">\n\t\t\t\t\t\t<div class=\"elementor-element elementor-element-38ffb55 elementor-invisible elementor-widget elementor-widget-icon-box\" data-id=\"38ffb55\" data-element_type=\"widget\" data-settings=\"{&quot;_animation&quot;:&quot;fadeInLeft&quot;,&quot;_animation_tablet&quot;:&quot;none&quot;,&quot;_animation_delay&quot;:100}\" data-widget_type=\"icon-box.default\">\n\t\t\t\t<div class=\"elementor-widget-container\">\n\t\t\t\t\t\t\t<div class=\"elementor-icon-box-wrapper\">\n\n\t\t\t\n\t\t\t\t\t\t<div class=\"elementor-icon-box-content\">\n\n\t\t\t\t\t\t\t\t\t<h3 class=\"elementor-icon-box-title\">\n\t\t\t\t\t\t<span  >\n\t\t\t\t\t\t\tPoints de contr\u00f4le frontaliers entre la Gr\u00e8ce et l\u2019Albanie \t\t\t\t\t\t<\/span>\n\t\t\t\t\t<\/h3>\n\t\t\t\t\n\t\t\t\t\t\t\t\t\t<p class=\"elementor-icon-box-description\">\n\t\t\t\t\t\t- Par la fronti\u00e8re de Hani Hotit, de Podgorica \u00e0 Shkoder.<br>\n- Par la fronti\u00e8re Murriqan-Sukobina, d'Ulqinj, Budva et Bar \u00e0 la ville de Shkoder.<br>\n- Par le poste fronti\u00e8re de Grabom qui relie Podgraica et Tuzi \u00e0 Tamare, Lepushe et Vermosh.<br>\n- Vous pouvez d\u00e9sormais entrer en Albanie \u00e0 partir de Vermosh, d'o\u00f9 vous pouvez \u00eatre reli\u00e9 \u00e0 la r\u00e9gion de Kelmendi en Albanie et \u00e0 Plava Gucia - Mont\u00e9n\u00e9gro.\t\t\t\t\t<\/p>\n\t\t\t\t\n\t\t\t<\/div>\n\t\t\t\n\t\t<\/div>\n\t\t\t\t\t\t<\/div>\n\t\t\t\t<\/div>\n\t\t\t\t\t<\/div>\n\t\t<\/div>\n\t\t\t\t\t<\/div>\n\t\t<\/section>\n\t\t\t\t<section class=\"elementor-section elementor-inner-section elementor-element elementor-element-ebb744a elementor-section-boxed elementor-section-height-default elementor-section-height-default\" data-id=\"ebb744a\" data-element_type=\"section\">\n\t\t\t\t\t\t<div class=\"elementor-container elementor-column-gap-default\">\n\t\t\t\t\t<div class=\"elementor-column elementor-col-100 elementor-inner-column elementor-element elementor-element-36fb8d7\" data-id=\"36fb8d7\" data-element_type=\"column\">\n\t\t\t<div class=\"elementor-widget-wrap elementor-element-populated\">\n\t\t\t\t\t\t<div class=\"elementor-element elementor-element-454ec73 elementor-invisible elementor-widget elementor-widget-icon-box\" data-id=\"454ec73\" data-element_type=\"widget\" data-settings=\"{&quot;_animation&quot;:&quot;fadeInLeft&quot;,&quot;_animation_tablet&quot;:&quot;none&quot;,&quot;_animation_delay&quot;:100}\" data-widget_type=\"icon-box.default\">\n\t\t\t\t<div class=\"elementor-widget-container\">\n\t\t\t\t\t\t\t<div class=\"elementor-icon-box-wrapper\">\n\n\t\t\t\n\t\t\t\t\t\t<div class=\"elementor-icon-box-content\">\n\n\t\t\t\t\t\t\t\t\t<h3 class=\"elementor-icon-box-title\">\n\t\t\t\t\t\t<span  >\n\t\t\t\t\t\t\tPostes de contr\u00f4le frontaliers entre le Mont\u00e9n\u00e9gro et l'Albanie\t\t\t\t\t\t<\/span>\n\t\t\t\t\t<\/h3>\n\t\t\t\t\n\t\t\t\t\t\t\t\t\t<p class=\"elementor-icon-box-description\">\n\t\t\t\t\t\t- Par la fronti\u00e8re de Hani Hotit, de Podgorica \u00e0 Shkoder.<br>\n- Par la fronti\u00e8re Murriqan-Sukobina, d'Ulqinj, Budva et Bar \u00e0 la ville de Shkoder. <br>\n- Par le poste fronti\u00e8re de Grabom qui relie Podgraica et Tuzi \u00e0 Tamare, Lepushe et Vermosh.<br>\n- Vous pouvez d\u00e9sormais entrer en Albanie \u00e0 partir de Vermosh, d'o\u00f9 vous pouvez \u00eatre reli\u00e9 \u00e0 la r\u00e9gion de Kelmendi en Albanie et \u00e0 Plava Gucia - Mont\u00e9n\u00e9gro.<br>\t\t\t\t\t<\/p>\n\t\t\t\t\n\t\t\t<\/div>\n\t\t\t\n\t\t<\/div>\n\t\t\t\t\t\t<\/div>\n\t\t\t\t<\/div>\n\t\t\t\t\t<\/div>\n\t\t<\/div>\n\t\t\t\t\t<\/div>\n\t\t<\/section>\n\t\t\t\t<section class=\"elementor-section elementor-inner-section elementor-element elementor-element-c62e420 elementor-section-boxed elementor-section-height-default elementor-section-height-default\" data-id=\"c62e420\" data-element_type=\"section\">\n\t\t\t\t\t\t<div class=\"elementor-container elementor-column-gap-default\">\n\t\t\t\t\t<div class=\"elementor-column elementor-col-100 elementor-inner-column elementor-element elementor-element-30879a5\" data-id=\"30879a5\" data-element_type=\"column\">\n\t\t\t<div class=\"elementor-widget-wrap elementor-element-populated\">\n\t\t\t\t\t\t<div class=\"elementor-element elementor-element-0c9ea3f elementor-invisible elementor-widget elementor-widget-icon-box\" data-id=\"0c9ea3f\" data-element_type=\"widget\" data-settings=\"{&quot;_animation&quot;:&quot;fadeInLeft&quot;,&quot;_animation_tablet&quot;:&quot;none&quot;,&quot;_animation_delay&quot;:100}\" data-widget_type=\"icon-box.default\">\n\t\t\t\t<div class=\"elementor-widget-container\">\n\t\t\t\t\t\t\t<div class=\"elementor-icon-box-wrapper\">\n\n\t\t\t\n\t\t\t\t\t\t<div class=\"elementor-icon-box-content\">\n\n\t\t\t\t\t\t\t\t\t<h3 class=\"elementor-icon-box-title\">\n\t\t\t\t\t\t<span  >\n\t\t\t\t\t\t\tPostes de contr\u00f4le frontaliers entre la Mac\u00e9doine du Nord et l'Albanie\t\t\t\t\t\t<\/span>\n\t\t\t\t\t<\/h3>\n\t\t\t\t\n\t\t\t\t\t\t\t\t\t<p class=\"elementor-icon-box-description\">\n\t\t\t\t\t\t- Par Qafe Thana, qui m\u00e8ne \u00e0 Pogradec, Elbasan et Librazhd.<br>\n- De Tushemisht, vous atteignez Pogradec.<br>\n- Depuis Bllat\u00eb, vous pouvez rejoindre Peshkopia, Bulqiza et Burreli.<br>\n- De Gorica, la route au nord du lac Prespa vous m\u00e8ne \u00e0 Korca.\t\t\t\t\t<\/p>\n\t\t\t\t\n\t\t\t<\/div>\n\t\t\t\n\t\t<\/div>\n\t\t\t\t\t\t<\/div>\n\t\t\t\t<\/div>\n\t\t\t\t\t<\/div>\n\t\t<\/div>\n\t\t\t\t\t<\/div>\n\t\t<\/section>\n\t\t\t\t<section class=\"elementor-section elementor-inner-section elementor-element elementor-element-a33f6a6 elementor-section-boxed elementor-section-height-default elementor-section-height-default\" data-id=\"a33f6a6\" data-element_type=\"section\">\n\t\t\t\t\t\t<div class=\"elementor-container elementor-column-gap-default\">\n\t\t\t\t\t<div class=\"elementor-column elementor-col-100 elementor-inner-column elementor-element elementor-element-7e8cd81\" data-id=\"7e8cd81\" data-element_type=\"column\">\n\t\t\t<div class=\"elementor-widget-wrap elementor-element-populated\">\n\t\t\t\t\t\t<div class=\"elementor-element elementor-element-3bb387c elementor-invisible elementor-widget elementor-widget-icon-box\" data-id=\"3bb387c\" data-element_type=\"widget\" data-settings=\"{&quot;_animation&quot;:&quot;fadeInLeft&quot;,&quot;_animation_tablet&quot;:&quot;none&quot;,&quot;_animation_delay&quot;:100}\" data-widget_type=\"icon-box.default\">\n\t\t\t\t<div class=\"elementor-widget-container\">\n\t\t\t\t\t\t\t<div class=\"elementor-icon-box-wrapper\">\n\n\t\t\t\n\t\t\t\t\t\t<div class=\"elementor-icon-box-content\">\n\n\t\t\t\t\t\t\t\t\t<h3 class=\"elementor-icon-box-title\">\n\t\t\t\t\t\t<span  >\n\t\t\t\t\t\t\tPostes de contr\u00f4le frontaliers entre le Kosovo et l'Albanie\t\t\t\t\t\t<\/span>\n\t\t\t\t\t<\/h3>\n\t\t\t\t\n\t\t\t\t\t\t\t\t\t<p class=\"elementor-icon-box-description\">\n\t\t\t\t\t\t- V\u00ebrmica<br>\n- Qafa e Prushit<br>\n- Qafe e Morin\u00ebs<br>\t\t\t\t\t<\/p>\n\t\t\t\t\n\t\t\t<\/div>\n\t\t\t\n\t\t<\/div>\n\t\t\t\t\t\t<\/div>\n\t\t\t\t<\/div>\n\t\t\t\t\t<\/div>\n\t\t<\/div>\n\t\t\t\t\t<\/div>\n\t\t<\/section>\n\t\t\t\t<section class=\"elementor-section elementor-inner-section elementor-element elementor-element-093a8bb elementor-section-boxed elementor-section-height-default elementor-section-height-default\" data-id=\"093a8bb\" data-element_type=\"section\">\n\t\t\t\t\t\t<div class=\"elementor-container elementor-column-gap-default\">\n\t\t\t\t\t<div class=\"elementor-column elementor-col-100 elementor-inner-column elementor-element elementor-element-c76a513\" data-id=\"c76a513\" data-element_type=\"column\">\n\t\t\t<div class=\"elementor-widget-wrap elementor-element-populated\">\n\t\t\t\t\t\t<div class=\"elementor-element elementor-element-2a04d1c elementor-invisible elementor-widget elementor-widget-icon-box\" data-id=\"2a04d1c\" data-element_type=\"widget\" data-settings=\"{&quot;_animation&quot;:&quot;fadeInLeft&quot;,&quot;_animation_tablet&quot;:&quot;none&quot;,&quot;_animation_delay&quot;:100}\" data-widget_type=\"icon-box.default\">\n\t\t\t\t<div class=\"elementor-widget-container\">\n\t\t\t\t\t\t\t<div class=\"elementor-icon-box-wrapper\">\n\n\t\t\t\n\t\t\t\t\t\t<div class=\"elementor-icon-box-content\">\n\n\t\t\t\t\t\t\t\t\t<h3 class=\"elementor-icon-box-title\">\n\t\t\t\t\t\t<span  >\n\t\t\t\t\t\t\tFronti\u00e8res maritimes de l'Albanie\t\t\t\t\t\t<\/span>\n\t\t\t\t\t<\/h3>\n\t\t\t\t\n\t\t\t\t\t\t\t\t\t<p class=\"elementor-icon-box-description\">\n\t\t\t\t\t\t- Le port de Durres relie le pays avec les ports italiens de Bari, Brindisi, Anc\u00f4ne, Trieste et Koperin en Slov\u00e9nie. <br>\n- Le port de Saranda relie le pays par voyages quotidiens avec l'\u00eele de Corfou. <br>\n- Le port de Vlora relie le pays avec Brindisi et Otranto.\t\t\t\t\t<\/p>\n\t\t\t\t\n\t\t\t<\/div>\n\t\t\t\n\t\t<\/div>\n\t\t\t\t\t\t<\/div>\n\t\t\t\t<\/div>\n\t\t\t\t\t<\/div>\n\t\t<\/div>\n\t\t\t\t\t<\/div>\n\t\t<\/section>\n\t\t\t\t<section class=\"elementor-section elementor-inner-section elementor-element elementor-element-7cf58a5 elementor-section-boxed elementor-section-height-default elementor-section-height-default\" data-id=\"7cf58a5\" data-element_type=\"section\">\n\t\t\t\t\t\t<div class=\"elementor-container elementor-column-gap-default\">\n\t\t\t\t\t<div class=\"elementor-column elementor-col-100 elementor-inner-column elementor-element elementor-element-063eb20\" data-id=\"063eb20\" data-element_type=\"column\">\n\t\t\t<div class=\"elementor-widget-wrap elementor-element-populated\">\n\t\t\t\t\t\t<div class=\"elementor-element elementor-element-144614d elementor-invisible elementor-widget elementor-widget-icon-box\" data-id=\"144614d\" data-element_type=\"widget\" data-settings=\"{&quot;_animation&quot;:&quot;fadeInLeft&quot;,&quot;_animation_tablet&quot;:&quot;none&quot;,&quot;_animation_delay&quot;:100}\" data-widget_type=\"icon-box.default\">\n\t\t\t\t<div class=\"elementor-widget-container\">\n\t\t\t\t\t\t\t<div class=\"elementor-icon-box-wrapper\">\n\n\t\t\t\n\t\t\t\t\t\t<div class=\"elementor-icon-box-content\">\n\n\t\t\t\t\t\t\t\t\t<h3 class=\"elementor-icon-box-title\">\n\t\t\t\t\t\t<span  >\n\t\t\t\t\t\t\tA\u00e9roport d'Albanie\t\t\t\t\t\t<\/span>\n\t\t\t\t\t<\/h3>\n\t\t\t\t\n\t\t\t\t\t\t\t\t\t<p class=\"elementor-icon-box-description\">\n\t\t\t\t\t\tL'a\u00e9roport international \"Mother Teresa\" (\u00e9galement connu sous le nom de Rinas) est le principal a\u00e9roport international du pays, \u00e0 environ 20 kilom\u00e8tres de Tirana, et propose de nombreux vols directs depuis l'Europe. Les principales villes desservies sont Paris, Londres, Rome, Vienne, Madrid, Barcelone, Zurich, Ath\u00e8nes, Francfort, Milan, Bologne, Budapest, Istanbul, etc.\nLa ville de Tirana est reli\u00e9e \u00e0 l'a\u00e9roport par un service de bus (navettes). Les d\u00e9parts pour l'a\u00e9roport se font de la station de la rue Ludovik Shllaku, toutes les heures.\t\t\t\t\t<\/p>\n\t\t\t\t\n\t\t\t<\/div>\n\t\t\t\n\t\t<\/div>\n\t\t\t\t\t\t<\/div>\n\t\t\t\t<\/div>\n\t\t\t\t\t<\/div>\n\t\t<\/div>\n\t\t\t\t\t<\/div>\n\t\t<\/section>\n\t\t\t\t\t<\/div>\n\t\t<\/div>\n\t\t\t\t\t<\/div>\n\t\t<\/section>\n\t\t\t\t<\/div>\n\t\t","protected":false},"excerpt":{"rendered":"<p>L&rsquo;Albanie occupe une position privil\u00e9gi\u00e9e en M\u00e9diterran\u00e9e, au nord de la Gr\u00e8ce, au sud du Mont\u00e9n\u00e9gro et \u00e0 l&rsquo;est de l&rsquo;Italie, \u00e0 quelques kilom\u00e8tres de la mer Adriatique. Les points d&rsquo;entr\u00e9e dans le pays sont les suivants: Fronti\u00e8res terrestres de l\u2019Albanie Points de contr\u00f4le frontaliers entre la Gr\u00e8ce et l\u2019Albanie &#8211; Par la fronti\u00e8re de [&hellip;]<\/p>\n","protected":false},"author":1,"featured_media":0,"parent":0,"menu_order":0,"comment_status":"closed","ping_status":"closed","template":"elementor_header_footer","meta":{"footnotes":""},"class_list":["post-8383","page","type-page","status-publish","hentry"],"yoast_head":"<!-- This site is optimized with the Yoast SEO plugin v26.3 - https:\/\/yoast.com\/wordpress\/plugins\/seo\/ -->\n<title>Se rendre en Albanie - Fine Travel Albania<\/title>\n<meta name=\"robots\" content=\"index, follow, max-snippet:-1, max-image-preview:large, max-video-preview:-1\" \/>\n<link rel=\"canonical\" href=\"https:\/\/finetravelalbania.com\/fr\/se-rendre-en-albanie\/\" \/>\n<meta property=\"og:locale\" content=\"fr_FR\" \/>\n<meta property=\"og:type\" content=\"article\" \/>\n<meta property=\"og:title\" content=\"Se rendre en Albanie - Fine Travel Albania\" \/>\n<meta property=\"og:description\" content=\"L&rsquo;Albanie occupe une position privil\u00e9gi\u00e9e en M\u00e9diterran\u00e9e, au nord de la Gr\u00e8ce, au sud du Mont\u00e9n\u00e9gro et \u00e0 l&rsquo;est de l&rsquo;Italie, \u00e0 quelques kilom\u00e8tres de la mer Adriatique. Les points d&rsquo;entr\u00e9e dans le pays sont les suivants: Fronti\u00e8res terrestres de l\u2019Albanie Points de contr\u00f4le frontaliers entre la Gr\u00e8ce et l\u2019Albanie &#8211; Par la fronti\u00e8re de [&hellip;]\" \/>\n<meta property=\"og:url\" content=\"https:\/\/finetravelalbania.com\/fr\/se-rendre-en-albanie\/\" \/>\n<meta property=\"og:site_name\" content=\"Fine Travel Albania\" \/>\n<meta property=\"article:modified_time\" content=\"2025-11-03T23:44:48+00:00\" \/>\n<meta name=\"twitter:card\" content=\"summary_large_image\" \/>\n<meta name=\"twitter:label1\" content=\"Dur\u00e9e de lecture estim\u00e9e\" \/>\n\t<meta name=\"twitter:data1\" content=\"1 minute\" \/>\n<script type=\"application\/ld+json\" class=\"yoast-schema-graph\">{\"@context\":\"https:\/\/schema.org\",\"@graph\":[{\"@type\":\"WebPage\",\"@id\":\"https:\/\/finetravelalbania.com\/fr\/se-rendre-en-albanie\/\",\"url\":\"https:\/\/finetravelalbania.com\/fr\/se-rendre-en-albanie\/\",\"name\":\"Se rendre en Albanie - Fine Travel Albania\",\"isPartOf\":{\"@id\":\"https:\/\/finetravelalbania.com\/#website\"},\"datePublished\":\"2022-12-17T12:51:32+00:00\",\"dateModified\":\"2025-11-03T23:44:48+00:00\",\"breadcrumb\":{\"@id\":\"https:\/\/finetravelalbania.com\/fr\/se-rendre-en-albanie\/#breadcrumb\"},\"inLanguage\":\"fr-FR\",\"potentialAction\":[{\"@type\":\"ReadAction\",\"target\":[\"https:\/\/finetravelalbania.com\/fr\/se-rendre-en-albanie\/\"]}]},{\"@type\":\"BreadcrumbList\",\"@id\":\"https:\/\/finetravelalbania.com\/fr\/se-rendre-en-albanie\/#breadcrumb\",\"itemListElement\":[{\"@type\":\"ListItem\",\"position\":1,\"name\":\"Home\",\"item\":\"https:\/\/finetravelalbania.com\/fr\/\"},{\"@type\":\"ListItem\",\"position\":2,\"name\":\"Se rendre en Albanie\"}]},{\"@type\":\"WebSite\",\"@id\":\"https:\/\/finetravelalbania.com\/#website\",\"url\":\"https:\/\/finetravelalbania.com\/\",\"name\":\"Fine Travel Albania\",\"description\":\"Your Boutique Travel Experts!\",\"publisher\":{\"@id\":\"https:\/\/finetravelalbania.com\/#organization\"},\"potentialAction\":[{\"@type\":\"SearchAction\",\"target\":{\"@type\":\"EntryPoint\",\"urlTemplate\":\"https:\/\/finetravelalbania.com\/?s={search_term_string}\"},\"query-input\":{\"@type\":\"PropertyValueSpecification\",\"valueRequired\":true,\"valueName\":\"search_term_string\"}}],\"inLanguage\":\"fr-FR\"},{\"@type\":\"Organization\",\"@id\":\"https:\/\/finetravelalbania.com\/#organization\",\"name\":\"Fine Travel Albania\",\"url\":\"https:\/\/finetravelalbania.com\/\",\"logo\":{\"@type\":\"ImageObject\",\"inLanguage\":\"fr-FR\",\"@id\":\"https:\/\/finetravelalbania.com\/#\/schema\/logo\/image\/\",\"url\":\"https:\/\/finetravelalbania.com\/wp-content\/uploads\/2022\/11\/logo-web.png\",\"contentUrl\":\"https:\/\/finetravelalbania.com\/wp-content\/uploads\/2022\/11\/logo-web.png\",\"width\":300,\"height\":243,\"caption\":\"Fine Travel Albania\"},\"image\":{\"@id\":\"https:\/\/finetravelalbania.com\/#\/schema\/logo\/image\/\"}}]}<\/script>\n<!-- \/ Yoast SEO plugin. -->","yoast_head_json":{"title":"Se rendre en Albanie - Fine Travel Albania","robots":{"index":"index","follow":"follow","max-snippet":"max-snippet:-1","max-image-preview":"max-image-preview:large","max-video-preview":"max-video-preview:-1"},"canonical":"https:\/\/finetravelalbania.com\/fr\/se-rendre-en-albanie\/","og_locale":"fr_FR","og_type":"article","og_title":"Se rendre en Albanie - Fine Travel Albania","og_description":"L&rsquo;Albanie occupe une position privil\u00e9gi\u00e9e en M\u00e9diterran\u00e9e, au nord de la Gr\u00e8ce, au sud du Mont\u00e9n\u00e9gro et \u00e0 l&rsquo;est de l&rsquo;Italie, \u00e0 quelques kilom\u00e8tres de la mer Adriatique. Les points d&rsquo;entr\u00e9e dans le pays sont les suivants: Fronti\u00e8res terrestres de l\u2019Albanie Points de contr\u00f4le frontaliers entre la Gr\u00e8ce et l\u2019Albanie &#8211; Par la fronti\u00e8re de [&hellip;]","og_url":"https:\/\/finetravelalbania.com\/fr\/se-rendre-en-albanie\/","og_site_name":"Fine Travel Albania","article_modified_time":"2025-11-03T23:44:48+00:00","twitter_card":"summary_large_image","twitter_misc":{"Dur\u00e9e de lecture estim\u00e9e":"1 minute"},"schema":{"@context":"https:\/\/schema.org","@graph":[{"@type":"WebPage","@id":"https:\/\/finetravelalbania.com\/fr\/se-rendre-en-albanie\/","url":"https:\/\/finetravelalbania.com\/fr\/se-rendre-en-albanie\/","name":"Se rendre en Albanie - Fine Travel Albania","isPartOf":{"@id":"https:\/\/finetravelalbania.com\/#website"},"datePublished":"2022-12-17T12:51:32+00:00","dateModified":"2025-11-03T23:44:48+00:00","breadcrumb":{"@id":"https:\/\/finetravelalbania.com\/fr\/se-rendre-en-albanie\/#breadcrumb"},"inLanguage":"fr-FR","potentialAction":[{"@type":"ReadAction","target":["https:\/\/finetravelalbania.com\/fr\/se-rendre-en-albanie\/"]}]},{"@type":"BreadcrumbList","@id":"https:\/\/finetravelalbania.com\/fr\/se-rendre-en-albanie\/#breadcrumb","itemListElement":[{"@type":"ListItem","position":1,"name":"Home","item":"https:\/\/finetravelalbania.com\/fr\/"},{"@type":"ListItem","position":2,"name":"Se rendre en Albanie"}]},{"@type":"WebSite","@id":"https:\/\/finetravelalbania.com\/#website","url":"https:\/\/finetravelalbania.com\/","name":"Fine Travel Albania","description":"Your Boutique Travel Experts!","publisher":{"@id":"https:\/\/finetravelalbania.com\/#organization"},"potentialAction":[{"@type":"SearchAction","target":{"@type":"EntryPoint","urlTemplate":"https:\/\/finetravelalbania.com\/?s={search_term_string}"},"query-input":{"@type":"PropertyValueSpecification","valueRequired":true,"valueName":"search_term_string"}}],"inLanguage":"fr-FR"},{"@type":"Organization","@id":"https:\/\/finetravelalbania.com\/#organization","name":"Fine Travel Albania","url":"https:\/\/finetravelalbania.com\/","logo":{"@type":"ImageObject","inLanguage":"fr-FR","@id":"https:\/\/finetravelalbania.com\/#\/schema\/logo\/image\/","url":"https:\/\/finetravelalbania.com\/wp-content\/uploads\/2022\/11\/logo-web.png","contentUrl":"https:\/\/finetravelalbania.com\/wp-content\/uploads\/2022\/11\/logo-web.png","width":300,"height":243,"caption":"Fine Travel Albania"},"image":{"@id":"https:\/\/finetravelalbania.com\/#\/schema\/logo\/image\/"}}]}},"_links":{"self":[{"href":"https:\/\/finetravelalbania.com\/fr\/wp-json\/wp\/v2\/pages\/8383","targetHints":{"allow":["GET"]}}],"collection":[{"href":"https:\/\/finetravelalbania.com\/fr\/wp-json\/wp\/v2\/pages"}],"about":[{"href":"https:\/\/finetravelalbania.com\/fr\/wp-json\/wp\/v2\/types\/page"}],"author":[{"embeddable":true,"href":"https:\/\/finetravelalbania.com\/fr\/wp-json\/wp\/v2\/users\/1"}],"replies":[{"embeddable":true,"href":"https:\/\/finetravelalbania.com\/fr\/wp-json\/wp\/v2\/comments?post=8383"}],"version-history":[{"count":4,"href":"https:\/\/finetravelalbania.com\/fr\/wp-json\/wp\/v2\/pages\/8383\/revisions"}],"predecessor-version":[{"id":8436,"href":"https:\/\/finetravelalbania.com\/fr\/wp-json\/wp\/v2\/pages\/8383\/revisions\/8436"}],"wp:attachment":[{"href":"https:\/\/finetravelalbania.com\/fr\/wp-json\/wp\/v2\/media?parent=8383"}],"curies":[{"name":"wp","href":"https:\/\/api.w.org\/{rel}","templated":true}]}}