{"id":6713,"date":"2022-12-17T13:05:31","date_gmt":"2022-12-17T13:05:31","guid":{"rendered":"https:\/\/finetravelalbania.com\/visa-requirements\/"},"modified":"2023-02-22T18:25:36","modified_gmt":"2023-02-22T18:25:36","slug":"informazioni-sui-visti-albania","status":"publish","type":"page","link":"https:\/\/finetravelalbania.com\/it\/informazioni-sui-visti-albania\/","title":{"rendered":"Informazioni sui visti Albania"},"content":{"rendered":"\t\t<div data-elementor-type=\"wp-page\" data-elementor-id=\"6713\" class=\"elementor elementor-6713 elementor-6337\">\n\t\t\t\t\t\t<section class=\"elementor-section elementor-top-section elementor-element elementor-element-1a3946d elementor-section-boxed elementor-section-height-default elementor-section-height-default\" data-id=\"1a3946d\" data-element_type=\"section\">\n\t\t\t\t\t\t<div class=\"elementor-container elementor-column-gap-default\">\n\t\t\t\t\t<div class=\"elementor-column elementor-col-100 elementor-top-column elementor-element elementor-element-c48853a\" data-id=\"c48853a\" data-element_type=\"column\">\n\t\t\t<div class=\"elementor-widget-wrap elementor-element-populated\">\n\t\t\t\t\t\t<div class=\"elementor-element elementor-element-609947c elementor-widget elementor-widget-text-editor\" data-id=\"609947c\" data-element_type=\"widget\" data-widget_type=\"text-editor.default\">\n\t\t\t\t<div class=\"elementor-widget-container\">\n\t\t\t\t\t\t\t\t\t\n<h3>Visa information Albania<\/h3>\t\t\t\t\t\t\t\t<\/div>\n\t\t\t\t<\/div>\n\t\t\t\t<section class=\"elementor-section elementor-inner-section elementor-element elementor-element-1545915 elementor-section-boxed elementor-section-height-default elementor-section-height-default\" data-id=\"1545915\" data-element_type=\"section\">\n\t\t\t\t\t\t<div class=\"elementor-container elementor-column-gap-default\">\n\t\t\t\t\t<div class=\"elementor-column elementor-col-100 elementor-inner-column elementor-element elementor-element-81a7173\" data-id=\"81a7173\" data-element_type=\"column\">\n\t\t\t<div class=\"elementor-widget-wrap elementor-element-populated\">\n\t\t\t\t\t\t<div class=\"elementor-element elementor-element-38ffb55 elementor-invisible elementor-widget elementor-widget-icon-box\" data-id=\"38ffb55\" data-element_type=\"widget\" data-settings=\"{&quot;_animation&quot;:&quot;fadeInLeft&quot;,&quot;_animation_tablet&quot;:&quot;none&quot;,&quot;_animation_delay&quot;:100}\" data-widget_type=\"icon-box.default\">\n\t\t\t\t<div class=\"elementor-widget-container\">\n\t\t\t\t\t\t\t<div class=\"elementor-icon-box-wrapper\">\n\n\t\t\t\n\t\t\t\t\t\t<div class=\"elementor-icon-box-content\">\n\n\t\t\t\t\t\t\t\t\t<h3 class=\"elementor-icon-box-title\">\n\t\t\t\t\t\t<span  >\n\t\t\t\t\t\t\tREGIME DEI VISTI PER I CITTADINI STRANIERI\t\t\t\t\t\t<\/span>\n\t\t\t\t\t<\/h3>\n\t\t\t\t\n\t\t\t\t\t\t\t\t\t<p class=\"elementor-icon-box-description\">\n\t\t\t\t\t\tIl regime dei visti per i cittadini stranieri nella Repubblica di Albania \u00e8 previsto dalla legge n. 79\/2021\n&quot;Sugli stranieri \u201ce dalla Decisione del Consiglio dei Ministri n.858, del 29.12.2021,\u201dSulla definizione dei\ncriteri di procedure e documentazione per l&#039;ingresso, il soggiorno e il trattamento degli stranieri nella\nRepubblica di Albania&quot;.\t\t\t\t\t<\/p>\n\t\t\t\t\n\t\t\t<\/div>\n\t\t\t\n\t\t<\/div>\n\t\t\t\t\t\t<\/div>\n\t\t\t\t<\/div>\n\t\t\t\t\t<\/div>\n\t\t<\/div>\n\t\t\t\t\t<\/div>\n\t\t<\/section>\n\t\t\t\t<section class=\"elementor-section elementor-inner-section elementor-element elementor-element-ebb744a elementor-section-boxed elementor-section-height-default elementor-section-height-default\" data-id=\"ebb744a\" data-element_type=\"section\">\n\t\t\t\t\t\t<div class=\"elementor-container elementor-column-gap-default\">\n\t\t\t\t\t<div class=\"elementor-column elementor-col-100 elementor-inner-column elementor-element elementor-element-36fb8d7\" data-id=\"36fb8d7\" data-element_type=\"column\">\n\t\t\t<div class=\"elementor-widget-wrap elementor-element-populated\">\n\t\t\t\t\t\t<div class=\"elementor-element elementor-element-454ec73 elementor-invisible elementor-widget elementor-widget-icon-box\" data-id=\"454ec73\" data-element_type=\"widget\" data-settings=\"{&quot;_animation&quot;:&quot;fadeInLeft&quot;,&quot;_animation_tablet&quot;:&quot;none&quot;,&quot;_animation_delay&quot;:100}\" data-widget_type=\"icon-box.default\">\n\t\t\t\t<div class=\"elementor-widget-container\">\n\t\t\t\t\t\t\t<div class=\"elementor-icon-box-wrapper\">\n\n\t\t\t\n\t\t\t\t\t\t<div class=\"elementor-icon-box-content\">\n\n\t\t\t\t\t\t\t\t\t<h3 class=\"elementor-icon-box-title\">\n\t\t\t\t\t\t<span  >\n\t\t\t\t\t\t\tPU\u00d2 ENTRARE IN ALBANIA SENZA VISTO:\t\t\t\t\t\t<\/span>\n\t\t\t\t\t<\/h3>\n\t\t\t\t\n\t\t\t\t\t\t\t\t\t<p class=\"elementor-icon-box-description\">\n\t\t\t\t\t\tI cittadini di: Andorra, Antigua e Barbuda, Argentina, Armenia, Australia, Austria, Azerbaigian, Bahamas,\nBarbados, Belgio, Bosnia-Erzegovina, Brasile, Brunei, Bulgaria, Canada, Cile, Costa Rica, Croazia,\nCipro, Repubblica Ceca, Danimarca, Estonia, Finlandia, Francia, Germania, Grecia, Guatemala,\nHonduras, Hong Kong, Ungheria, Islanda, Irlanda, Israele, Italia, Giappone, Kazakistan, Kosovo, Kuwait,\nLettonia, Liechtenstein, Lituania, Lussemburgo, Macao SAR, Malesia, Malta, Mauritius, Messico,\nMoldavia, Monaco, Montenegro, Paesi Bassi, Nuova Zelanda, Nicaragua, Macedonia del Nord, Norvegia,\nPanama, Paraguay, Polonia, Portogallo, Romania, St. Kitts e Nevis, Salvador, San Marino, Serbia,\nSeychelles, Singapore, Slovacchia, Slovenia, Sud Africa, Corea del Sud, Spagna, Svezia, Svizzera,\nTaiwan (ROC), Turchia, Ucraina, Emirati Arabi Uniti, Regno Unito, Uruguay, Stati Uniti, Vaticano e\nVenezuela. <br><br>\nInoltre:  <br>\n- Cittadini stranieri in possesso di un visto Schengen valido per ingressi multipli, precedentemente\nutilizzato in uno degli stati Schengen, o cittadini stranieri in possesso di un permesso di soggiorno valido\nin uno degli stati Schengen; <br>\n- Cittadini stranieri in possesso di un visto valido per ingressi multipli negli Stati Uniti o nel Regno Unito,\nprecedentemente utilizzato nel rispettivo paese di emissione, o in possesso di un permesso di soggiorno\nvalido negli Stati Uniti o nel Regno Unito. <Br>\n- I cittadini stranieri provenienti da Arabia Saudita, Bahrain, India, Qatar, Oman, Thailandia, possono\nentrare in Albania senza visto, per soggiorni di breve durata, con il documento del passaporto, dal 20\naprile al 31 dicembre; <br>\n- Cittadini stranieri che hanno un permesso di soggiorno di 10 anni, rilasciato dall'autorit\u00e0 competente\ndegli Emirati Arabi Uniti, valido non meno di un anno dal momento dell'ingresso. <br>\n- Cittadini stranieri che entrano e soggiornano senza visto nello spazio Schengen\t\t\t\t\t<\/p>\n\t\t\t\t\n\t\t\t<\/div>\n\t\t\t\n\t\t<\/div>\n\t\t\t\t\t\t<\/div>\n\t\t\t\t<\/div>\n\t\t\t\t\t<\/div>\n\t\t<\/div>\n\t\t\t\t\t<\/div>\n\t\t<\/section>\n\t\t\t\t<section class=\"elementor-section elementor-inner-section elementor-element elementor-element-a33f6a6 elementor-section-boxed elementor-section-height-default elementor-section-height-default\" data-id=\"a33f6a6\" data-element_type=\"section\">\n\t\t\t\t\t\t<div class=\"elementor-container elementor-column-gap-default\">\n\t\t\t\t\t<div class=\"elementor-column elementor-col-100 elementor-inner-column elementor-element elementor-element-7e8cd81\" data-id=\"7e8cd81\" data-element_type=\"column\">\n\t\t\t<div class=\"elementor-widget-wrap elementor-element-populated\">\n\t\t\t\t\t\t<div class=\"elementor-element elementor-element-3bb387c elementor-invisible elementor-widget elementor-widget-icon-box\" data-id=\"3bb387c\" data-element_type=\"widget\" data-settings=\"{&quot;_animation&quot;:&quot;fadeInLeft&quot;,&quot;_animation_tablet&quot;:&quot;none&quot;,&quot;_animation_delay&quot;:100}\" data-widget_type=\"icon-box.default\">\n\t\t\t\t<div class=\"elementor-widget-container\">\n\t\t\t\t\t\t\t<div class=\"elementor-icon-box-wrapper\">\n\n\t\t\t\n\t\t\t\t\t\t<div class=\"elementor-icon-box-content\">\n\n\t\t\t\t\t\t\t\t\t<h3 class=\"elementor-icon-box-title\">\n\t\t\t\t\t\t<span  >\n\t\t\t\t\t\t\tTIPI DI VISTO\t\t\t\t\t\t<\/span>\n\t\t\t\t\t<\/h3>\n\t\t\t\t\n\t\t\t\t\t\t\t\t\t<p class=\"elementor-icon-box-description\">\n\t\t\t\t\t\tPer coloro che richiedono il visto vengono rilasciati di conseguenza i seguenti tipi di visto:\t\t\t\t\t<\/p>\n\t\t\t\t\n\t\t\t<\/div>\n\t\t\t\n\t\t<\/div>\n\t\t\t\t\t\t<\/div>\n\t\t\t\t<\/div>\n\t\t\t\t\t<\/div>\n\t\t<\/div>\n\t\t\t\t\t<\/div>\n\t\t<\/section>\n\t\t\t\t<section class=\"elementor-section elementor-inner-section elementor-element elementor-element-ea1252e elementor-section-boxed elementor-section-height-default elementor-section-height-default\" data-id=\"ea1252e\" data-element_type=\"section\">\n\t\t\t\t\t\t<div class=\"elementor-container elementor-column-gap-default\">\n\t\t\t\t\t<div class=\"elementor-column elementor-col-100 elementor-inner-column elementor-element elementor-element-62aa905\" data-id=\"62aa905\" data-element_type=\"column\">\n\t\t\t<div class=\"elementor-widget-wrap elementor-element-populated\">\n\t\t\t\t\t\t<div class=\"elementor-element elementor-element-834ad61 elementor-invisible elementor-widget elementor-widget-icon-box\" data-id=\"834ad61\" data-element_type=\"widget\" data-settings=\"{&quot;_animation&quot;:&quot;fadeInLeft&quot;,&quot;_animation_tablet&quot;:&quot;none&quot;,&quot;_animation_delay&quot;:100}\" data-widget_type=\"icon-box.default\">\n\t\t\t\t<div class=\"elementor-widget-container\">\n\t\t\t\t\t\t\t<div class=\"elementor-icon-box-wrapper\">\n\n\t\t\t\n\t\t\t\t\t\t<div class=\"elementor-icon-box-content\">\n\n\t\t\t\t\t\t\t\t\t<h3 class=\"elementor-icon-box-title\">\n\t\t\t\t\t\t<span  >\n\t\t\t\t\t\t\tIl VISTO di TIPO \u201cC &quot;\t\t\t\t\t\t<\/span>\n\t\t\t\t\t<\/h3>\n\t\t\t\t\n\t\t\t\t\t\t\t\t\t<p class=\"elementor-icon-box-description\">\n\t\t\t\t\t\tIl VISTO di TIPO \u201cC &quot; d\u00e0 al titolare il diritto di entrare e rimanere nella Repubblica d&#039;Albania per 90 giorni\nentro 180 giorni a partire dalla data del primo ingresso. 2. Tipo &quot; C &quot; visto pu\u00f2 essere visto singolo, due o\npi\u00f9 ingressi. Il periodo di validit\u00e0 non pu\u00f2 superare i 5 anni\t\t\t\t\t<\/p>\n\t\t\t\t\n\t\t\t<\/div>\n\t\t\t\n\t\t<\/div>\n\t\t\t\t\t\t<\/div>\n\t\t\t\t<\/div>\n\t\t\t\t\t<\/div>\n\t\t<\/div>\n\t\t\t\t\t<\/div>\n\t\t<\/section>\n\t\t\t\t<section class=\"elementor-section elementor-inner-section elementor-element elementor-element-093a8bb elementor-section-boxed elementor-section-height-default elementor-section-height-default\" data-id=\"093a8bb\" data-element_type=\"section\">\n\t\t\t\t\t\t<div class=\"elementor-container elementor-column-gap-default\">\n\t\t\t\t\t<div class=\"elementor-column elementor-col-100 elementor-inner-column elementor-element elementor-element-c76a513\" data-id=\"c76a513\" data-element_type=\"column\">\n\t\t\t<div class=\"elementor-widget-wrap elementor-element-populated\">\n\t\t\t\t\t\t<div class=\"elementor-element elementor-element-2a04d1c elementor-invisible elementor-widget elementor-widget-icon-box\" data-id=\"2a04d1c\" data-element_type=\"widget\" data-settings=\"{&quot;_animation&quot;:&quot;fadeInLeft&quot;,&quot;_animation_tablet&quot;:&quot;none&quot;,&quot;_animation_delay&quot;:100}\" data-widget_type=\"icon-box.default\">\n\t\t\t\t<div class=\"elementor-widget-container\">\n\t\t\t\t\t\t\t<div class=\"elementor-icon-box-wrapper\">\n\n\t\t\t\n\t\t\t\t\t\t<div class=\"elementor-icon-box-content\">\n\n\t\t\t\t\t\t\t\t\t<h3 class=\"elementor-icon-box-title\">\n\t\t\t\t\t\t<span  >\n\t\t\t\t\t\t\tIl VISTO di TIPO &quot; D &quot;\t\t\t\t\t\t<\/span>\n\t\t\t\t\t<\/h3>\n\t\t\t\t\n\t\t\t\t\t\t\t\t\t<p class=\"elementor-icon-box-description\">\n\t\t\t\t\t\tIl VISTO di TIPO \" D \" viene rilasciato a uno straniero che intende risiedere nella Repubblica d'Albania\nper pi\u00f9 di 90 giorni entro 180 giorni e se \u00e8 richiesto il visto per questi stranieri in modo che gli venga\nfornito il permesso di soggiorno. Il visto di tipo \u201cD\u201d \u00e8 valido per un anno, con un periodo di validit\u00e0 di\nsoggiorno di 90 giorni, per ingressi singoli, due o multipli che danno diritto al titolare di richiedere il\npermesso di soggiorno dopo l'ingresso nella Repubblica d'Albania\t\t\t\t\t<\/p>\n\t\t\t\t\n\t\t\t<\/div>\n\t\t\t\n\t\t<\/div>\n\t\t\t\t\t\t<\/div>\n\t\t\t\t<\/div>\n\t\t\t\t\t<\/div>\n\t\t<\/div>\n\t\t\t\t\t<\/div>\n\t\t<\/section>\n\t\t\t\t\t<\/div>\n\t\t<\/div>\n\t\t\t\t\t<\/div>\n\t\t<\/section>\n\t\t\t\t<\/div>\n\t\t","protected":false},"excerpt":{"rendered":"<p>Visa information Albania REGIME DEI VISTI PER I CITTADINI STRANIERI Il regime dei visti per i cittadini stranieri nella Repubblica di Albania \u00e8 previsto dalla legge n. 79\/2021 &quot;Sugli stranieri \u201ce dalla Decisione del Consiglio dei Ministri n.858, del 29.12.2021,\u201dSulla definizione dei criteri di procedure e documentazione per l&#39;ingresso, il soggiorno e il trattamento degli [&hellip;]<\/p>\n","protected":false},"author":1,"featured_media":0,"parent":0,"menu_order":0,"comment_status":"closed","ping_status":"closed","template":"","meta":{"footnotes":""},"class_list":["post-6713","page","type-page","status-publish","hentry"],"yoast_head":"<!-- This site is optimized with the Yoast SEO plugin v26.3 - https:\/\/yoast.com\/wordpress\/plugins\/seo\/ -->\n<title>Informazioni sui visti Albania - Fine Travel Albania<\/title>\n<meta name=\"robots\" content=\"index, follow, max-snippet:-1, max-image-preview:large, max-video-preview:-1\" \/>\n<link rel=\"canonical\" href=\"https:\/\/finetravelalbania.com\/albania-visa-requirements\/\" \/>\n<meta property=\"og:locale\" content=\"it_IT\" \/>\n<meta property=\"og:type\" content=\"article\" \/>\n<meta property=\"og:title\" content=\"Informazioni sui visti Albania - Fine Travel Albania\" \/>\n<meta property=\"og:description\" content=\"Visa information Albania REGIME DEI VISTI PER I CITTADINI STRANIERI Il regime dei visti per i cittadini stranieri nella Repubblica di Albania \u00e8 previsto dalla legge n. 79\/2021 &quot;Sugli stranieri \u201ce dalla Decisione del Consiglio dei Ministri n.858, del 29.12.2021,\u201dSulla definizione dei criteri di procedure e documentazione per l&#039;ingresso, il soggiorno e il trattamento degli [&hellip;]\" \/>\n<meta property=\"og:url\" content=\"https:\/\/finetravelalbania.com\/albania-visa-requirements\/\" \/>\n<meta property=\"og:site_name\" content=\"Fine Travel Albania\" \/>\n<meta property=\"article:modified_time\" content=\"2023-02-22T18:25:36+00:00\" \/>\n<meta name=\"twitter:card\" content=\"summary_large_image\" \/>\n<meta name=\"twitter:label1\" content=\"Tempo di lettura stimato\" \/>\n\t<meta name=\"twitter:data1\" content=\"3 minuti\" \/>\n<script type=\"application\/ld+json\" class=\"yoast-schema-graph\">{\"@context\":\"https:\/\/schema.org\",\"@graph\":[{\"@type\":\"WebPage\",\"@id\":\"https:\/\/finetravelalbania.com\/albania-visa-requirements\/\",\"url\":\"https:\/\/finetravelalbania.com\/albania-visa-requirements\/\",\"name\":\"Informazioni sui visti Albania - Fine Travel Albania\",\"isPartOf\":{\"@id\":\"https:\/\/finetravelalbania.com\/#website\"},\"datePublished\":\"2022-12-17T13:05:31+00:00\",\"dateModified\":\"2023-02-22T18:25:36+00:00\",\"breadcrumb\":{\"@id\":\"https:\/\/finetravelalbania.com\/albania-visa-requirements\/#breadcrumb\"},\"inLanguage\":\"it-IT\",\"potentialAction\":[{\"@type\":\"ReadAction\",\"target\":[\"https:\/\/finetravelalbania.com\/albania-visa-requirements\/\"]}]},{\"@type\":\"BreadcrumbList\",\"@id\":\"https:\/\/finetravelalbania.com\/albania-visa-requirements\/#breadcrumb\",\"itemListElement\":[{\"@type\":\"ListItem\",\"position\":1,\"name\":\"Home\",\"item\":\"https:\/\/finetravelalbania.com\/it\/\"},{\"@type\":\"ListItem\",\"position\":2,\"name\":\"Informazioni sui visti Albania\"}]},{\"@type\":\"WebSite\",\"@id\":\"https:\/\/finetravelalbania.com\/#website\",\"url\":\"https:\/\/finetravelalbania.com\/\",\"name\":\"Fine Travel Albania\",\"description\":\"Your Boutique Travel Experts!\",\"publisher\":{\"@id\":\"https:\/\/finetravelalbania.com\/#organization\"},\"potentialAction\":[{\"@type\":\"SearchAction\",\"target\":{\"@type\":\"EntryPoint\",\"urlTemplate\":\"https:\/\/finetravelalbania.com\/?s={search_term_string}\"},\"query-input\":{\"@type\":\"PropertyValueSpecification\",\"valueRequired\":true,\"valueName\":\"search_term_string\"}}],\"inLanguage\":\"it-IT\"},{\"@type\":\"Organization\",\"@id\":\"https:\/\/finetravelalbania.com\/#organization\",\"name\":\"Fine Travel Albania\",\"url\":\"https:\/\/finetravelalbania.com\/\",\"logo\":{\"@type\":\"ImageObject\",\"inLanguage\":\"it-IT\",\"@id\":\"https:\/\/finetravelalbania.com\/#\/schema\/logo\/image\/\",\"url\":\"https:\/\/finetravelalbania.com\/wp-content\/uploads\/2022\/11\/logo-web.png\",\"contentUrl\":\"https:\/\/finetravelalbania.com\/wp-content\/uploads\/2022\/11\/logo-web.png\",\"width\":300,\"height\":243,\"caption\":\"Fine Travel Albania\"},\"image\":{\"@id\":\"https:\/\/finetravelalbania.com\/#\/schema\/logo\/image\/\"}}]}<\/script>\n<!-- \/ Yoast SEO plugin. -->","yoast_head_json":{"title":"Informazioni sui visti Albania - Fine Travel Albania","robots":{"index":"index","follow":"follow","max-snippet":"max-snippet:-1","max-image-preview":"max-image-preview:large","max-video-preview":"max-video-preview:-1"},"canonical":"https:\/\/finetravelalbania.com\/albania-visa-requirements\/","og_locale":"it_IT","og_type":"article","og_title":"Informazioni sui visti Albania - Fine Travel Albania","og_description":"Visa information Albania REGIME DEI VISTI PER I CITTADINI STRANIERI Il regime dei visti per i cittadini stranieri nella Repubblica di Albania \u00e8 previsto dalla legge n. 79\/2021 &quot;Sugli stranieri \u201ce dalla Decisione del Consiglio dei Ministri n.858, del 29.12.2021,\u201dSulla definizione dei criteri di procedure e documentazione per l&#39;ingresso, il soggiorno e il trattamento degli [&hellip;]","og_url":"https:\/\/finetravelalbania.com\/albania-visa-requirements\/","og_site_name":"Fine Travel Albania","article_modified_time":"2023-02-22T18:25:36+00:00","twitter_card":"summary_large_image","twitter_misc":{"Tempo di lettura stimato":"3 minuti"},"schema":{"@context":"https:\/\/schema.org","@graph":[{"@type":"WebPage","@id":"https:\/\/finetravelalbania.com\/albania-visa-requirements\/","url":"https:\/\/finetravelalbania.com\/albania-visa-requirements\/","name":"Informazioni sui visti Albania - Fine Travel Albania","isPartOf":{"@id":"https:\/\/finetravelalbania.com\/#website"},"datePublished":"2022-12-17T13:05:31+00:00","dateModified":"2023-02-22T18:25:36+00:00","breadcrumb":{"@id":"https:\/\/finetravelalbania.com\/albania-visa-requirements\/#breadcrumb"},"inLanguage":"it-IT","potentialAction":[{"@type":"ReadAction","target":["https:\/\/finetravelalbania.com\/albania-visa-requirements\/"]}]},{"@type":"BreadcrumbList","@id":"https:\/\/finetravelalbania.com\/albania-visa-requirements\/#breadcrumb","itemListElement":[{"@type":"ListItem","position":1,"name":"Home","item":"https:\/\/finetravelalbania.com\/it\/"},{"@type":"ListItem","position":2,"name":"Informazioni sui visti Albania"}]},{"@type":"WebSite","@id":"https:\/\/finetravelalbania.com\/#website","url":"https:\/\/finetravelalbania.com\/","name":"Fine Travel Albania","description":"Your Boutique Travel Experts!","publisher":{"@id":"https:\/\/finetravelalbania.com\/#organization"},"potentialAction":[{"@type":"SearchAction","target":{"@type":"EntryPoint","urlTemplate":"https:\/\/finetravelalbania.com\/?s={search_term_string}"},"query-input":{"@type":"PropertyValueSpecification","valueRequired":true,"valueName":"search_term_string"}}],"inLanguage":"it-IT"},{"@type":"Organization","@id":"https:\/\/finetravelalbania.com\/#organization","name":"Fine Travel Albania","url":"https:\/\/finetravelalbania.com\/","logo":{"@type":"ImageObject","inLanguage":"it-IT","@id":"https:\/\/finetravelalbania.com\/#\/schema\/logo\/image\/","url":"https:\/\/finetravelalbania.com\/wp-content\/uploads\/2022\/11\/logo-web.png","contentUrl":"https:\/\/finetravelalbania.com\/wp-content\/uploads\/2022\/11\/logo-web.png","width":300,"height":243,"caption":"Fine Travel Albania"},"image":{"@id":"https:\/\/finetravelalbania.com\/#\/schema\/logo\/image\/"}}]}},"_links":{"self":[{"href":"https:\/\/finetravelalbania.com\/it\/wp-json\/wp\/v2\/pages\/6713","targetHints":{"allow":["GET"]}}],"collection":[{"href":"https:\/\/finetravelalbania.com\/it\/wp-json\/wp\/v2\/pages"}],"about":[{"href":"https:\/\/finetravelalbania.com\/it\/wp-json\/wp\/v2\/types\/page"}],"author":[{"embeddable":true,"href":"https:\/\/finetravelalbania.com\/it\/wp-json\/wp\/v2\/users\/1"}],"replies":[{"embeddable":true,"href":"https:\/\/finetravelalbania.com\/it\/wp-json\/wp\/v2\/comments?post=6713"}],"version-history":[{"count":11,"href":"https:\/\/finetravelalbania.com\/it\/wp-json\/wp\/v2\/pages\/6713\/revisions"}],"predecessor-version":[{"id":7019,"href":"https:\/\/finetravelalbania.com\/it\/wp-json\/wp\/v2\/pages\/6713\/revisions\/7019"}],"wp:attachment":[{"href":"https:\/\/finetravelalbania.com\/it\/wp-json\/wp\/v2\/media?parent=6713"}],"curies":[{"name":"wp","href":"https:\/\/api.w.org\/{rel}","templated":true}]}}