{"id":6734,"date":"2022-12-17T12:51:32","date_gmt":"2022-12-17T12:51:32","guid":{"rendered":"https:\/\/finetravelalbania.com\/getting-to-albania\/"},"modified":"2023-02-19T23:51:24","modified_gmt":"2023-02-19T23:51:24","slug":"come-arrivare-in-albania","status":"publish","type":"page","link":"https:\/\/finetravelalbania.com\/it\/come-arrivare-in-albania\/","title":{"rendered":"Come Arrivare in Albania"},"content":{"rendered":"\t\t<div data-elementor-type=\"wp-page\" data-elementor-id=\"6734\" class=\"elementor elementor-6734 elementor-6331\">\n\t\t\t\t\t\t<section class=\"elementor-section elementor-top-section elementor-element elementor-element-1a3946d elementor-section-boxed elementor-section-height-default elementor-section-height-default\" data-id=\"1a3946d\" data-element_type=\"section\">\n\t\t\t\t\t\t<div class=\"elementor-container elementor-column-gap-default\">\n\t\t\t\t\t<div class=\"elementor-column elementor-col-100 elementor-top-column elementor-element elementor-element-c48853a\" data-id=\"c48853a\" data-element_type=\"column\">\n\t\t\t<div class=\"elementor-widget-wrap elementor-element-populated\">\n\t\t\t\t\t\t<div class=\"elementor-element elementor-element-609947c elementor-widget elementor-widget-text-editor\" data-id=\"609947c\" data-element_type=\"widget\" data-widget_type=\"text-editor.default\">\n\t\t\t\t<div class=\"elementor-widget-container\">\n\t\t\t\t\t\t\t\t\t<p>L&#8217;Albania \u00e8 posizionata favorevolmente nel Mediterraneo, a nord della Grecia, a sud del Montenegro e ad est attraverso una fepora miglia del Mare Adriatico dall&#8217;Italia. I follolizing sono i punti di ingresso nel paese:<\/p><h3>Confini terrestri dell&#8217;Albania<\/h3>\t\t\t\t\t\t\t\t<\/div>\n\t\t\t\t<\/div>\n\t\t\t\t<section class=\"elementor-section elementor-inner-section elementor-element elementor-element-1545915 elementor-section-boxed elementor-section-height-default elementor-section-height-default\" data-id=\"1545915\" data-element_type=\"section\">\n\t\t\t\t\t\t<div class=\"elementor-container elementor-column-gap-default\">\n\t\t\t\t\t<div class=\"elementor-column elementor-col-100 elementor-inner-column elementor-element elementor-element-81a7173\" data-id=\"81a7173\" data-element_type=\"column\">\n\t\t\t<div class=\"elementor-widget-wrap elementor-element-populated\">\n\t\t\t\t\t\t<div class=\"elementor-element elementor-element-38ffb55 elementor-invisible elementor-widget elementor-widget-icon-box\" data-id=\"38ffb55\" data-element_type=\"widget\" data-settings=\"{&quot;_animation&quot;:&quot;fadeInLeft&quot;,&quot;_animation_tablet&quot;:&quot;none&quot;,&quot;_animation_delay&quot;:100}\" data-widget_type=\"icon-box.default\">\n\t\t\t\t<div class=\"elementor-widget-container\">\n\t\t\t\t\t\t\t<div class=\"elementor-icon-box-wrapper\">\n\n\t\t\t\n\t\t\t\t\t\t<div class=\"elementor-icon-box-content\">\n\n\t\t\t\t\t\t\t\t\t<h3 class=\"elementor-icon-box-title\">\n\t\t\t\t\t\t<span  >\n\t\t\t\t\t\t\tCheckpoint di frontiera terreste con la Grecia:\t\t\t\t\t\t<\/span>\n\t\t\t\t\t<\/h3>\n\t\t\t\t\n\t\t\t\t\t\t\t\t\t<p class=\"elementor-icon-box-description\">\n\t\t\t\t\t\t- Kakavija, il confine meridionale, porta a Gjirokaster in Albania da Ioannina <br>\n- Kapshtica, il confine sud-est della Grecia, porta a Korca in Albania da Kastoria in Grecia<br>\n- Qafe Boti-Konispol allega Saranda con Igoumenitsa<br>\n- Il valico di frontiera dei tre ponti ti porta da Konica a permet\t\t\t\t\t<\/p>\n\t\t\t\t\n\t\t\t<\/div>\n\t\t\t\n\t\t<\/div>\n\t\t\t\t\t\t<\/div>\n\t\t\t\t<\/div>\n\t\t\t\t\t<\/div>\n\t\t<\/div>\n\t\t\t\t\t<\/div>\n\t\t<\/section>\n\t\t\t\t<section class=\"elementor-section elementor-inner-section elementor-element elementor-element-ebb744a elementor-section-boxed elementor-section-height-default elementor-section-height-default\" data-id=\"ebb744a\" data-element_type=\"section\">\n\t\t\t\t\t\t<div class=\"elementor-container elementor-column-gap-default\">\n\t\t\t\t\t<div class=\"elementor-column elementor-col-100 elementor-inner-column elementor-element elementor-element-36fb8d7\" data-id=\"36fb8d7\" data-element_type=\"column\">\n\t\t\t<div class=\"elementor-widget-wrap elementor-element-populated\">\n\t\t\t\t\t\t<div class=\"elementor-element elementor-element-454ec73 elementor-invisible elementor-widget elementor-widget-icon-box\" data-id=\"454ec73\" data-element_type=\"widget\" data-settings=\"{&quot;_animation&quot;:&quot;fadeInLeft&quot;,&quot;_animation_tablet&quot;:&quot;none&quot;,&quot;_animation_delay&quot;:100}\" data-widget_type=\"icon-box.default\">\n\t\t\t\t<div class=\"elementor-widget-container\">\n\t\t\t\t\t\t\t<div class=\"elementor-icon-box-wrapper\">\n\n\t\t\t\n\t\t\t\t\t\t<div class=\"elementor-icon-box-content\">\n\n\t\t\t\t\t\t\t\t\t<h3 class=\"elementor-icon-box-title\">\n\t\t\t\t\t\t<span  >\n\t\t\t\t\t\t\tPosti di blocco di frontiera terreste con il Montenegro:\t\t\t\t\t\t<\/span>\n\t\t\t\t\t<\/h3>\n\t\t\t\t\n\t\t\t\t\t\t\t\t\t<p class=\"elementor-icon-box-description\">\n\t\t\t\t\t\t- Attraverso il confine Hani Hoti collega Podgorica a Scutari <br>\n- Attraverso Murriqan-Sukobina si collega Ulcinj, Budva &amp; Bar con la cita di Scutari in Albania <br>\n- Attraverso il confine a Grabom si collega Podgraica e Tuzi con Tamare, Lepushe e Vermosh<br>\n- \u00c8 ora possibile entrare a Vermosh, collegando la regione di Kelmendi in Albania con la regione Plava Gucia-\nMontenegro\t\t\t\t\t<\/p>\n\t\t\t\t\n\t\t\t<\/div>\n\t\t\t\n\t\t<\/div>\n\t\t\t\t\t\t<\/div>\n\t\t\t\t<\/div>\n\t\t\t\t\t<\/div>\n\t\t<\/div>\n\t\t\t\t\t<\/div>\n\t\t<\/section>\n\t\t\t\t<section class=\"elementor-section elementor-inner-section elementor-element elementor-element-a33f6a6 elementor-section-boxed elementor-section-height-default elementor-section-height-default\" data-id=\"a33f6a6\" data-element_type=\"section\">\n\t\t\t\t\t\t<div class=\"elementor-container elementor-column-gap-default\">\n\t\t\t\t\t<div class=\"elementor-column elementor-col-100 elementor-inner-column elementor-element elementor-element-7e8cd81\" data-id=\"7e8cd81\" data-element_type=\"column\">\n\t\t\t<div class=\"elementor-widget-wrap elementor-element-populated\">\n\t\t\t\t\t\t<div class=\"elementor-element elementor-element-3bb387c elementor-invisible elementor-widget elementor-widget-icon-box\" data-id=\"3bb387c\" data-element_type=\"widget\" data-settings=\"{&quot;_animation&quot;:&quot;fadeInLeft&quot;,&quot;_animation_tablet&quot;:&quot;none&quot;,&quot;_animation_delay&quot;:100}\" data-widget_type=\"icon-box.default\">\n\t\t\t\t<div class=\"elementor-widget-container\">\n\t\t\t\t\t\t\t<div class=\"elementor-icon-box-wrapper\">\n\n\t\t\t\n\t\t\t\t\t\t<div class=\"elementor-icon-box-content\">\n\n\t\t\t\t\t\t\t\t\t<h3 class=\"elementor-icon-box-title\">\n\t\t\t\t\t\t<span  >\n\t\t\t\t\t\t\tCheckpoint di frontiera terreste co la Macedonia del Nord:\t\t\t\t\t\t<\/span>\n\t\t\t\t\t<\/h3>\n\t\t\t\t\n\t\t\t\t\t\t\t\t\t<p class=\"elementor-icon-box-description\">\n\t\t\t\t\t\t- Attraverso Qaf-Thana si collega Ohrid &amp; Struga con Pogradec, Elbasan e Librazhd<Br>\n- Tushemisht collega Ohrid &amp; St. Naum in Nord Macedonia con Pogradec in Albania<br>\n- Da Bllata, \u00e8 possibile raggiungere Peshkopi, Bulqiza e Burreli<br>\n- Da Gorica la strada a nord del lago di Prespa porta a Korca in Albania\t\t\t\t\t<\/p>\n\t\t\t\t\n\t\t\t<\/div>\n\t\t\t\n\t\t<\/div>\n\t\t\t\t\t\t<\/div>\n\t\t\t\t<\/div>\n\t\t\t\t\t<\/div>\n\t\t<\/div>\n\t\t\t\t\t<\/div>\n\t\t<\/section>\n\t\t\t\t<section class=\"elementor-section elementor-inner-section elementor-element elementor-element-ea1252e elementor-section-boxed elementor-section-height-default elementor-section-height-default\" data-id=\"ea1252e\" data-element_type=\"section\">\n\t\t\t\t\t\t<div class=\"elementor-container elementor-column-gap-default\">\n\t\t\t\t\t<div class=\"elementor-column elementor-col-100 elementor-inner-column elementor-element elementor-element-62aa905\" data-id=\"62aa905\" data-element_type=\"column\">\n\t\t\t<div class=\"elementor-widget-wrap elementor-element-populated\">\n\t\t\t\t\t\t<div class=\"elementor-element elementor-element-834ad61 elementor-invisible elementor-widget elementor-widget-icon-box\" data-id=\"834ad61\" data-element_type=\"widget\" data-settings=\"{&quot;_animation&quot;:&quot;fadeInLeft&quot;,&quot;_animation_tablet&quot;:&quot;none&quot;,&quot;_animation_delay&quot;:100}\" data-widget_type=\"icon-box.default\">\n\t\t\t\t<div class=\"elementor-widget-container\">\n\t\t\t\t\t\t\t<div class=\"elementor-icon-box-wrapper\">\n\n\t\t\t\n\t\t\t\t\t\t<div class=\"elementor-icon-box-content\">\n\n\t\t\t\t\t\t\t\t\t<h3 class=\"elementor-icon-box-title\">\n\t\t\t\t\t\t<span  >\n\t\t\t\t\t\t\tPostazioni di frontiera terreste tra Kosovo e Albania\t\t\t\t\t\t<\/span>\n\t\t\t\t\t<\/h3>\n\t\t\t\t\n\t\t\t\t\t\t\t\t\t<p class=\"elementor-icon-box-description\">\n\t\t\t\t\t\t- Vermica si trova sulla autostrada della nazione ta Albania e Kosovo collega Kukes\/Albania con Prizren\/Kosovo <br>\n- Prush collo<br>\n- Il collo di Morina collega Gjakova in Kosovo con Bjram Curri in Albania\t\t\t\t\t<\/p>\n\t\t\t\t\n\t\t\t<\/div>\n\t\t\t\n\t\t<\/div>\n\t\t\t\t\t\t<\/div>\n\t\t\t\t<\/div>\n\t\t\t\t\t<\/div>\n\t\t<\/div>\n\t\t\t\t\t<\/div>\n\t\t<\/section>\n\t\t\t\t<section class=\"elementor-section elementor-inner-section elementor-element elementor-element-093a8bb elementor-section-boxed elementor-section-height-default elementor-section-height-default\" data-id=\"093a8bb\" data-element_type=\"section\">\n\t\t\t\t\t\t<div class=\"elementor-container elementor-column-gap-default\">\n\t\t\t\t\t<div class=\"elementor-column elementor-col-100 elementor-inner-column elementor-element elementor-element-c76a513\" data-id=\"c76a513\" data-element_type=\"column\">\n\t\t\t<div class=\"elementor-widget-wrap elementor-element-populated\">\n\t\t\t\t\t\t<div class=\"elementor-element elementor-element-2a04d1c elementor-invisible elementor-widget elementor-widget-icon-box\" data-id=\"2a04d1c\" data-element_type=\"widget\" data-settings=\"{&quot;_animation&quot;:&quot;fadeInLeft&quot;,&quot;_animation_tablet&quot;:&quot;none&quot;,&quot;_animation_delay&quot;:100}\" data-widget_type=\"icon-box.default\">\n\t\t\t\t<div class=\"elementor-widget-container\">\n\t\t\t\t\t\t\t<div class=\"elementor-icon-box-wrapper\">\n\n\t\t\t\n\t\t\t\t\t\t<div class=\"elementor-icon-box-content\">\n\n\t\t\t\t\t\t\t\t\t<h3 class=\"elementor-icon-box-title\">\n\t\t\t\t\t\t<span  >\n\t\t\t\t\t\t\tFrontiere marittime dell'Albania\t\t\t\t\t\t<\/span>\n\t\t\t\t\t<\/h3>\n\t\t\t\t\n\t\t\t\t\t\t\t\t\t<p class=\"elementor-icon-box-description\">\n\t\t\t\t\t\t- Il porto di Durazzo e il prorto principale. Collegamenti con Bari, Brindisi, Ancona, Trieste in Italia e Koperin in\nSlovenia. <br>\n- Il porto di Saranda diversi collegamenti quotidiani eseguiti con l'isola di Corf\u00f9. <br>\n- Il porto di Valona ha collegamenti con Brindisi e Otranto.\t\t\t\t\t<\/p>\n\t\t\t\t\n\t\t\t<\/div>\n\t\t\t\n\t\t<\/div>\n\t\t\t\t\t\t<\/div>\n\t\t\t\t<\/div>\n\t\t\t\t\t<\/div>\n\t\t<\/div>\n\t\t\t\t\t<\/div>\n\t\t<\/section>\n\t\t\t\t<section class=\"elementor-section elementor-inner-section elementor-element elementor-element-7cf58a5 elementor-section-boxed elementor-section-height-default elementor-section-height-default\" data-id=\"7cf58a5\" data-element_type=\"section\">\n\t\t\t\t\t\t<div class=\"elementor-container elementor-column-gap-default\">\n\t\t\t\t\t<div class=\"elementor-column elementor-col-100 elementor-inner-column elementor-element elementor-element-063eb20\" data-id=\"063eb20\" data-element_type=\"column\">\n\t\t\t<div class=\"elementor-widget-wrap elementor-element-populated\">\n\t\t\t\t\t\t<div class=\"elementor-element elementor-element-144614d elementor-invisible elementor-widget elementor-widget-icon-box\" data-id=\"144614d\" data-element_type=\"widget\" data-settings=\"{&quot;_animation&quot;:&quot;fadeInLeft&quot;,&quot;_animation_tablet&quot;:&quot;none&quot;,&quot;_animation_delay&quot;:100}\" data-widget_type=\"icon-box.default\">\n\t\t\t\t<div class=\"elementor-widget-container\">\n\t\t\t\t\t\t\t<div class=\"elementor-icon-box-wrapper\">\n\n\t\t\t\n\t\t\t\t\t\t<div class=\"elementor-icon-box-content\">\n\n\t\t\t\t\t\t\t\t\t<h3 class=\"elementor-icon-box-title\">\n\t\t\t\t\t\t<span  >\n\t\t\t\t\t\t\tAeroporti in Albania\t\t\t\t\t\t<\/span>\n\t\t\t\t\t<\/h3>\n\t\t\t\t\n\t\t\t\t\t\t\t\t\t<p class=\"elementor-icon-box-description\">\n\t\t\t\t\t\tL'Aeroporto internazionale&quot; Madre Teresa &quot; (noto anche come Rinas) \u00e8 il principale aeroporto internazionale del\npaese a circa 20 chilometri da Tirana e ha molti voli diretti dall'Europa. I collegamenti principali della citt\u00e0\nincludono Londra, Parigi, Roma, Vienna, Madrid, Barcellona, Zurigo, Atene, Francoforte, Milano, Bologna,\nBudapest, Istanbul ecc.\nLa citt\u00e0 di Tirana \u00e8 collegata con l'aeroporto da un servizio di autobus. La partenza per l'aeroporto \u00e8 fatta dalla stazione di Kafe Flora ogni ora per l'aeroporto. <br><br>\nAeroporto Internazionale di Kukes e situato nella cita di Kukes nell nord del paese ed e 50 km dalla cita di Prizren\nin Kosovo. Solo ultimamente e stato usato per voli low-cost.\t\t\t\t\t<\/p>\n\t\t\t\t\n\t\t\t<\/div>\n\t\t\t\n\t\t<\/div>\n\t\t\t\t\t\t<\/div>\n\t\t\t\t<\/div>\n\t\t\t\t\t<\/div>\n\t\t<\/div>\n\t\t\t\t\t<\/div>\n\t\t<\/section>\n\t\t\t\t\t<\/div>\n\t\t<\/div>\n\t\t\t\t\t<\/div>\n\t\t<\/section>\n\t\t\t\t<\/div>\n\t\t","protected":false},"excerpt":{"rendered":"<p>L&#8217;Albania \u00e8 posizionata favorevolmente nel Mediterraneo, a nord della Grecia, a sud del Montenegro e ad est attraverso una fepora miglia del Mare Adriatico dall&#8217;Italia. I follolizing sono i punti di ingresso nel paese: Confini terrestri dell&#8217;Albania Checkpoint di frontiera terreste con la Grecia: &#8211; Kakavija, il confine meridionale, porta a Gjirokaster in Albania da [&hellip;]<\/p>\n","protected":false},"author":1,"featured_media":0,"parent":0,"menu_order":0,"comment_status":"closed","ping_status":"closed","template":"elementor_header_footer","meta":{"footnotes":""},"class_list":["post-6734","page","type-page","status-publish","hentry"],"yoast_head":"<!-- This site is optimized with the Yoast SEO plugin v26.3 - https:\/\/yoast.com\/wordpress\/plugins\/seo\/ -->\n<title>Come Arrivare in Albania - Fine Travel Albania<\/title>\n<meta name=\"robots\" content=\"index, follow, max-snippet:-1, max-image-preview:large, max-video-preview:-1\" \/>\n<link rel=\"canonical\" href=\"https:\/\/finetravelalbania.com\/getting-into-albania\/\" \/>\n<meta property=\"og:locale\" content=\"it_IT\" \/>\n<meta property=\"og:type\" content=\"article\" \/>\n<meta property=\"og:title\" content=\"Come Arrivare in Albania - Fine Travel Albania\" \/>\n<meta property=\"og:description\" content=\"L&#8217;Albania \u00e8 posizionata favorevolmente nel Mediterraneo, a nord della Grecia, a sud del Montenegro e ad est attraverso una fepora miglia del Mare Adriatico dall&#8217;Italia. I follolizing sono i punti di ingresso nel paese: Confini terrestri dell&#8217;Albania Checkpoint di frontiera terreste con la Grecia: &#8211; Kakavija, il confine meridionale, porta a Gjirokaster in Albania da [&hellip;]\" \/>\n<meta property=\"og:url\" content=\"https:\/\/finetravelalbania.com\/getting-into-albania\/\" \/>\n<meta property=\"og:site_name\" content=\"Fine Travel Albania\" \/>\n<meta property=\"article:modified_time\" content=\"2023-02-19T23:51:24+00:00\" \/>\n<meta name=\"twitter:card\" content=\"summary_large_image\" \/>\n<meta name=\"twitter:label1\" content=\"Tempo di lettura stimato\" \/>\n\t<meta name=\"twitter:data1\" content=\"2 minuti\" \/>\n<script type=\"application\/ld+json\" class=\"yoast-schema-graph\">{\"@context\":\"https:\/\/schema.org\",\"@graph\":[{\"@type\":\"WebPage\",\"@id\":\"https:\/\/finetravelalbania.com\/getting-into-albania\/\",\"url\":\"https:\/\/finetravelalbania.com\/getting-into-albania\/\",\"name\":\"Come Arrivare in Albania - Fine Travel Albania\",\"isPartOf\":{\"@id\":\"https:\/\/finetravelalbania.com\/#website\"},\"datePublished\":\"2022-12-17T12:51:32+00:00\",\"dateModified\":\"2023-02-19T23:51:24+00:00\",\"breadcrumb\":{\"@id\":\"https:\/\/finetravelalbania.com\/getting-into-albania\/#breadcrumb\"},\"inLanguage\":\"it-IT\",\"potentialAction\":[{\"@type\":\"ReadAction\",\"target\":[\"https:\/\/finetravelalbania.com\/getting-into-albania\/\"]}]},{\"@type\":\"BreadcrumbList\",\"@id\":\"https:\/\/finetravelalbania.com\/getting-into-albania\/#breadcrumb\",\"itemListElement\":[{\"@type\":\"ListItem\",\"position\":1,\"name\":\"Home\",\"item\":\"https:\/\/finetravelalbania.com\/it\/\"},{\"@type\":\"ListItem\",\"position\":2,\"name\":\"Come Arrivare in Albania\"}]},{\"@type\":\"WebSite\",\"@id\":\"https:\/\/finetravelalbania.com\/#website\",\"url\":\"https:\/\/finetravelalbania.com\/\",\"name\":\"Fine Travel Albania\",\"description\":\"Your Boutique Travel Experts!\",\"publisher\":{\"@id\":\"https:\/\/finetravelalbania.com\/#organization\"},\"potentialAction\":[{\"@type\":\"SearchAction\",\"target\":{\"@type\":\"EntryPoint\",\"urlTemplate\":\"https:\/\/finetravelalbania.com\/?s={search_term_string}\"},\"query-input\":{\"@type\":\"PropertyValueSpecification\",\"valueRequired\":true,\"valueName\":\"search_term_string\"}}],\"inLanguage\":\"it-IT\"},{\"@type\":\"Organization\",\"@id\":\"https:\/\/finetravelalbania.com\/#organization\",\"name\":\"Fine Travel Albania\",\"url\":\"https:\/\/finetravelalbania.com\/\",\"logo\":{\"@type\":\"ImageObject\",\"inLanguage\":\"it-IT\",\"@id\":\"https:\/\/finetravelalbania.com\/#\/schema\/logo\/image\/\",\"url\":\"https:\/\/finetravelalbania.com\/wp-content\/uploads\/2022\/11\/logo-web.png\",\"contentUrl\":\"https:\/\/finetravelalbania.com\/wp-content\/uploads\/2022\/11\/logo-web.png\",\"width\":300,\"height\":243,\"caption\":\"Fine Travel Albania\"},\"image\":{\"@id\":\"https:\/\/finetravelalbania.com\/#\/schema\/logo\/image\/\"}}]}<\/script>\n<!-- \/ Yoast SEO plugin. -->","yoast_head_json":{"title":"Come Arrivare in Albania - Fine Travel Albania","robots":{"index":"index","follow":"follow","max-snippet":"max-snippet:-1","max-image-preview":"max-image-preview:large","max-video-preview":"max-video-preview:-1"},"canonical":"https:\/\/finetravelalbania.com\/getting-into-albania\/","og_locale":"it_IT","og_type":"article","og_title":"Come Arrivare in Albania - Fine Travel Albania","og_description":"L&#8217;Albania \u00e8 posizionata favorevolmente nel Mediterraneo, a nord della Grecia, a sud del Montenegro e ad est attraverso una fepora miglia del Mare Adriatico dall&#8217;Italia. I follolizing sono i punti di ingresso nel paese: Confini terrestri dell&#8217;Albania Checkpoint di frontiera terreste con la Grecia: &#8211; Kakavija, il confine meridionale, porta a Gjirokaster in Albania da [&hellip;]","og_url":"https:\/\/finetravelalbania.com\/getting-into-albania\/","og_site_name":"Fine Travel Albania","article_modified_time":"2023-02-19T23:51:24+00:00","twitter_card":"summary_large_image","twitter_misc":{"Tempo di lettura stimato":"2 minuti"},"schema":{"@context":"https:\/\/schema.org","@graph":[{"@type":"WebPage","@id":"https:\/\/finetravelalbania.com\/getting-into-albania\/","url":"https:\/\/finetravelalbania.com\/getting-into-albania\/","name":"Come Arrivare in Albania - Fine Travel Albania","isPartOf":{"@id":"https:\/\/finetravelalbania.com\/#website"},"datePublished":"2022-12-17T12:51:32+00:00","dateModified":"2023-02-19T23:51:24+00:00","breadcrumb":{"@id":"https:\/\/finetravelalbania.com\/getting-into-albania\/#breadcrumb"},"inLanguage":"it-IT","potentialAction":[{"@type":"ReadAction","target":["https:\/\/finetravelalbania.com\/getting-into-albania\/"]}]},{"@type":"BreadcrumbList","@id":"https:\/\/finetravelalbania.com\/getting-into-albania\/#breadcrumb","itemListElement":[{"@type":"ListItem","position":1,"name":"Home","item":"https:\/\/finetravelalbania.com\/it\/"},{"@type":"ListItem","position":2,"name":"Come Arrivare in Albania"}]},{"@type":"WebSite","@id":"https:\/\/finetravelalbania.com\/#website","url":"https:\/\/finetravelalbania.com\/","name":"Fine Travel Albania","description":"Your Boutique Travel Experts!","publisher":{"@id":"https:\/\/finetravelalbania.com\/#organization"},"potentialAction":[{"@type":"SearchAction","target":{"@type":"EntryPoint","urlTemplate":"https:\/\/finetravelalbania.com\/?s={search_term_string}"},"query-input":{"@type":"PropertyValueSpecification","valueRequired":true,"valueName":"search_term_string"}}],"inLanguage":"it-IT"},{"@type":"Organization","@id":"https:\/\/finetravelalbania.com\/#organization","name":"Fine Travel Albania","url":"https:\/\/finetravelalbania.com\/","logo":{"@type":"ImageObject","inLanguage":"it-IT","@id":"https:\/\/finetravelalbania.com\/#\/schema\/logo\/image\/","url":"https:\/\/finetravelalbania.com\/wp-content\/uploads\/2022\/11\/logo-web.png","contentUrl":"https:\/\/finetravelalbania.com\/wp-content\/uploads\/2022\/11\/logo-web.png","width":300,"height":243,"caption":"Fine Travel Albania"},"image":{"@id":"https:\/\/finetravelalbania.com\/#\/schema\/logo\/image\/"}}]}},"_links":{"self":[{"href":"https:\/\/finetravelalbania.com\/it\/wp-json\/wp\/v2\/pages\/6734","targetHints":{"allow":["GET"]}}],"collection":[{"href":"https:\/\/finetravelalbania.com\/it\/wp-json\/wp\/v2\/pages"}],"about":[{"href":"https:\/\/finetravelalbania.com\/it\/wp-json\/wp\/v2\/types\/page"}],"author":[{"embeddable":true,"href":"https:\/\/finetravelalbania.com\/it\/wp-json\/wp\/v2\/users\/1"}],"replies":[{"embeddable":true,"href":"https:\/\/finetravelalbania.com\/it\/wp-json\/wp\/v2\/comments?post=6734"}],"version-history":[{"count":11,"href":"https:\/\/finetravelalbania.com\/it\/wp-json\/wp\/v2\/pages\/6734\/revisions"}],"predecessor-version":[{"id":6995,"href":"https:\/\/finetravelalbania.com\/it\/wp-json\/wp\/v2\/pages\/6734\/revisions\/6995"}],"wp:attachment":[{"href":"https:\/\/finetravelalbania.com\/it\/wp-json\/wp\/v2\/media?parent=6734"}],"curies":[{"name":"wp","href":"https:\/\/api.w.org\/{rel}","templated":true}]}}