{"id":6767,"date":"2022-11-02T10:18:38","date_gmt":"2022-11-02T10:18:38","guid":{"rendered":"https:\/\/finetravelalbania.com\/product\/albanian-culinary-tour\/"},"modified":"2026-02-04T15:00:36","modified_gmt":"2026-02-04T15:00:36","slug":"tour-gastronomico-dellalbania","status":"publish","type":"product","link":"https:\/\/finetravelalbania.com\/it\/tour\/tour-gastronomico-dellalbania\/","title":{"rendered":"Tour gastronomico dell&#8217;Albania"},"content":{"rendered":"\t\t<div data-elementor-type=\"wp-post\" data-elementor-id=\"6767\" class=\"elementor elementor-6767 elementor-5084\">\n\t\t\t\t\t\t<section class=\"elementor-section elementor-top-section elementor-element elementor-element-6f57720 elementor-section-boxed elementor-section-height-default elementor-section-height-default\" data-id=\"6f57720\" data-element_type=\"section\">\n\t\t\t\t\t\t<div class=\"elementor-container elementor-column-gap-default\">\n\t\t\t\t\t<div class=\"elementor-column elementor-col-100 elementor-top-column elementor-element elementor-element-de6d069\" data-id=\"de6d069\" data-element_type=\"column\">\n\t\t\t<div class=\"elementor-widget-wrap elementor-element-populated\">\n\t\t\t\t\t\t<div class=\"elementor-element elementor-element-517d66c elementor-widget elementor-widget-text-editor\" data-id=\"517d66c\" data-element_type=\"widget\" data-widget_type=\"text-editor.default\">\n\t\t\t\t<div class=\"elementor-widget-container\">\n\t\t\t\t\t\t\t\t\t<p>La cucina albanese \u00e8 semplice ma ricca di ingredienti freschi dal giardino alla tavola. La cucina \u00e8 una miscela di influenze della cucina turca, italiana, greca, ma \u00e8 sicuramente mediterranea nel suo nucleo. Simile alla cucina greca anche essa elimina le forti spezie mediorientali presenti nella cucina turca, compensando invece con l&#8217;uso di erbe mediterranee, rendendo i sapori pi\u00f9 sottili. Un movimento di chef con formazione formale ed esperienza all&#8217;estero, ha iniziato a far rivivere le vecchie ricette della cucina tradizionale albanese, con alcuni diventando estremamente popolari tra la gente del posto e i visitatori stranieri. Questo tour \u00e8 stato progettato per darvi una buona introduzzione nella cucina albanese, tradizzionale e quella piu modernata.<\/p><h3>Prezzo Individuale<\/h3><p><strong><a href=\"#\">2199 Euro<\/a> a persona<\/strong> in camera doppia o matrimoniale per minimo 2 partecipanti paganti<br \/><strong>Supplemento singola = <a href=\"#\">270 Euro.<\/a><\/strong> (Le camere singole di solito sono doppie o matrimoniali per uso singola)<\/p><p><strong>(Nota: Lavoriamo a base di alberghi di livello 4*. Contattaci per un itinerario personalizzato!)<\/strong><\/p><h3>Prezzo gruppi<\/h3><p><strong>Minimo 2 pax<\/strong> \u2013 Vi preghiamo di contattarci per un preventivo veloce e competitivo PC compresi i biglietti d&#8217;ingresso.<\/p>\t\t\t\t\t\t\t\t<\/div>\n\t\t\t\t<\/div>\n\t\t\t\t<div class=\"elementor-element elementor-element-f377f44 elementor-widget elementor-widget-text-editor\" data-id=\"f377f44\" data-element_type=\"widget\" data-widget_type=\"text-editor.default\">\n\t\t\t\t<div class=\"elementor-widget-container\">\n\t\t\t\t\t\t\t\t\t<h3>Inclusi nei prezzi individuali esposti:<\/h3><ul><li class=\"item-tour-included\">Trasporto con veicolo comodo, spazioso e moderno con a\/c. compreso trasferta aeroporto andata e ritorno<\/li><li class=\"item-tour-included\">2 x Bottiglie d&#8217;acqua per persona per giorno<\/li><li class=\"item-tour-included\">Guida turistica esperta parlante italiano fluente che e anche l\u2019autista<\/li><li class=\"item-tour-included\">Sistemazione per 7 notti in ottimi hotel centrali livello 4 * boutique con colazione<\/li><li class=\"item-tour-included\">Tutti i pranzi e le cene con acqua minerale e 1 bicchiere di vino o birra dalla cena 1\u00b0 Giorno alla cena dell 7\u00b0 giorno<\/li><li class=\"item-tour-included\">Tutte le tasse<\/li><\/ul>\t\t\t\t\t\t\t\t<\/div>\n\t\t\t\t<\/div>\n\t\t\t\t<div class=\"elementor-element elementor-element-4f35e8c elementor-widget elementor-widget-text-editor\" data-id=\"4f35e8c\" data-element_type=\"widget\" data-widget_type=\"text-editor.default\">\n\t\t\t\t<div class=\"elementor-widget-container\">\n\t\t\t\t\t\t\t\t\t<h3>Non inclusi:<\/h3>\n<ul>\n \t<li class=\"item-tour-excluded\"> Biglietto aereo<\/li>\n \t<li class=\"item-tour-excluded\">Mance per l\u2019autista, la guida, il personale dell&#39;hotel e del ristorante.<\/li>\n \t<li class=\"item-tour-excluded\">Biglietti d&#39;ingresso siti menzionati (ca. 25-30 Euro a persona dipende dal interese in diversi siti )<\/li>\n \t<li class=\"item-tour-excluded\">Tutto cio non menzionato nella sezione inclusa<\/li>\n \t\t\t\t\t\t\t\t<\/div>\n\t\t\t\t<\/div>\n\t\t\t\t\t<\/div>\n\t\t<\/div>\n\t\t\t\t\t<\/div>\n\t\t<\/section>\n\t\t\t\t<\/div>\n\t\t","protected":false},"excerpt":{"rendered":"<p>La cucina albanese \u00e8 semplice ma ricca di ingredienti freschi dal giardino alla tavola. La cucina \u00e8 una miscela di influenze della cucina turca, italiana, greca, ma \u00e8 sicuramente mediterranea nel suo nucleo. Simile alla cucina greca anche essa elimina le forti spezie mediorientali presenti nella cucina turca, compensando invece con l&#8217;uso di erbe mediterranee, [&hellip;]<\/p>\n","protected":false},"featured_media":6618,"template":"","meta":[],"product_brand":[],"product_cat":[73],"product_tag":[],"class_list":{"0":"post-6767","1":"product","2":"type-product","3":"status-publish","4":"has-post-thumbnail","6":"product_cat-albania-tours-it","8":"first","9":"instock","10":"shipping-taxable","11":"purchasable","12":"product-type-ovabrw_car_rental"},"yoast_head":"<!-- This site is optimized with the Yoast SEO plugin v26.3 - https:\/\/yoast.com\/wordpress\/plugins\/seo\/ -->\n<title>Tour gastronomico dell&#039;Albania - Fine Travel Albania<\/title>\n<meta name=\"robots\" content=\"index, follow, max-snippet:-1, max-image-preview:large, max-video-preview:-1\" \/>\n<link rel=\"canonical\" href=\"https:\/\/finetravelalbania.com\/es\/tour\/tour-culinario-albanes\/\" \/>\n<meta property=\"og:locale\" content=\"it_IT\" \/>\n<meta property=\"og:type\" content=\"article\" \/>\n<meta property=\"og:title\" content=\"Tour gastronomico dell&#039;Albania - Fine Travel Albania\" \/>\n<meta property=\"og:description\" content=\"La cucina albanese \u00e8 semplice ma ricca di ingredienti freschi dal giardino alla tavola. La cucina \u00e8 una miscela di influenze della cucina turca, italiana, greca, ma \u00e8 sicuramente mediterranea nel suo nucleo. Simile alla cucina greca anche essa elimina le forti spezie mediorientali presenti nella cucina turca, compensando invece con l&#8217;uso di erbe mediterranee, [&hellip;]\" \/>\n<meta property=\"og:url\" content=\"https:\/\/finetravelalbania.com\/es\/tour\/tour-culinario-albanes\/\" \/>\n<meta property=\"og:site_name\" content=\"Fine Travel Albania\" \/>\n<meta property=\"article:modified_time\" content=\"2026-02-04T15:00:36+00:00\" \/>\n<meta property=\"og:image\" content=\"https:\/\/finetravelalbania.com\/wp-content\/uploads\/2022\/10\/foto6-min-2.jpg\" \/>\n\t<meta property=\"og:image:width\" content=\"800\" \/>\n\t<meta property=\"og:image:height\" content=\"450\" \/>\n\t<meta property=\"og:image:type\" content=\"image\/jpeg\" \/>\n<meta name=\"twitter:card\" content=\"summary_large_image\" \/>\n<meta name=\"twitter:label1\" content=\"Tempo di lettura stimato\" \/>\n\t<meta name=\"twitter:data1\" content=\"2 minuti\" \/>\n<script type=\"application\/ld+json\" class=\"yoast-schema-graph\">{\"@context\":\"https:\/\/schema.org\",\"@graph\":[{\"@type\":\"WebPage\",\"@id\":\"https:\/\/finetravelalbania.com\/es\/tour\/tour-culinario-albanes\/\",\"url\":\"https:\/\/finetravelalbania.com\/es\/tour\/tour-culinario-albanes\/\",\"name\":\"Tour gastronomico dell'Albania - Fine Travel Albania\",\"isPartOf\":{\"@id\":\"https:\/\/finetravelalbania.com\/#website\"},\"primaryImageOfPage\":{\"@id\":\"https:\/\/finetravelalbania.com\/es\/tour\/tour-culinario-albanes\/#primaryimage\"},\"image\":{\"@id\":\"https:\/\/finetravelalbania.com\/es\/tour\/tour-culinario-albanes\/#primaryimage\"},\"thumbnailUrl\":\"https:\/\/finetravelalbania.com\/wp-content\/uploads\/2022\/10\/foto6-min-2.jpg\",\"datePublished\":\"2022-11-02T10:18:38+00:00\",\"dateModified\":\"2026-02-04T15:00:36+00:00\",\"breadcrumb\":{\"@id\":\"https:\/\/finetravelalbania.com\/es\/tour\/tour-culinario-albanes\/#breadcrumb\"},\"inLanguage\":\"it-IT\",\"potentialAction\":[{\"@type\":\"ReadAction\",\"target\":[\"https:\/\/finetravelalbania.com\/es\/tour\/tour-culinario-albanes\/\"]}]},{\"@type\":\"ImageObject\",\"inLanguage\":\"it-IT\",\"@id\":\"https:\/\/finetravelalbania.com\/es\/tour\/tour-culinario-albanes\/#primaryimage\",\"url\":\"https:\/\/finetravelalbania.com\/wp-content\/uploads\/2022\/10\/foto6-min-2.jpg\",\"contentUrl\":\"https:\/\/finetravelalbania.com\/wp-content\/uploads\/2022\/10\/foto6-min-2.jpg\",\"width\":800,\"height\":450,\"caption\":\"Excursiones en Albania, Albania Destino, Albania Cocina, Gu\u00eda de Albania, Viaje a Albania, Albania tiempo - Fine Travel Albania\"},{\"@type\":\"BreadcrumbList\",\"@id\":\"https:\/\/finetravelalbania.com\/es\/tour\/tour-culinario-albanes\/#breadcrumb\",\"itemListElement\":[{\"@type\":\"ListItem\",\"position\":1,\"name\":\"Home\",\"item\":\"https:\/\/finetravelalbania.com\/it\/\"},{\"@type\":\"ListItem\",\"position\":2,\"name\":\"Shop\",\"item\":\"https:\/\/finetravelalbania.com\/?page_id=13\"},{\"@type\":\"ListItem\",\"position\":3,\"name\":\"Tour gastronomico dell&#8217;Albania\"}]},{\"@type\":\"WebSite\",\"@id\":\"https:\/\/finetravelalbania.com\/#website\",\"url\":\"https:\/\/finetravelalbania.com\/\",\"name\":\"Fine Travel Albania\",\"description\":\"Your Boutique Travel Experts!\",\"publisher\":{\"@id\":\"https:\/\/finetravelalbania.com\/#organization\"},\"potentialAction\":[{\"@type\":\"SearchAction\",\"target\":{\"@type\":\"EntryPoint\",\"urlTemplate\":\"https:\/\/finetravelalbania.com\/?s={search_term_string}\"},\"query-input\":{\"@type\":\"PropertyValueSpecification\",\"valueRequired\":true,\"valueName\":\"search_term_string\"}}],\"inLanguage\":\"it-IT\"},{\"@type\":\"Organization\",\"@id\":\"https:\/\/finetravelalbania.com\/#organization\",\"name\":\"Fine Travel Albania\",\"url\":\"https:\/\/finetravelalbania.com\/\",\"logo\":{\"@type\":\"ImageObject\",\"inLanguage\":\"it-IT\",\"@id\":\"https:\/\/finetravelalbania.com\/#\/schema\/logo\/image\/\",\"url\":\"https:\/\/finetravelalbania.com\/wp-content\/uploads\/2022\/11\/logo-web.png\",\"contentUrl\":\"https:\/\/finetravelalbania.com\/wp-content\/uploads\/2022\/11\/logo-web.png\",\"width\":300,\"height\":243,\"caption\":\"Fine Travel Albania\"},\"image\":{\"@id\":\"https:\/\/finetravelalbania.com\/#\/schema\/logo\/image\/\"}}]}<\/script>\n<!-- \/ Yoast SEO plugin. -->","yoast_head_json":{"title":"Tour gastronomico dell'Albania - Fine Travel Albania","robots":{"index":"index","follow":"follow","max-snippet":"max-snippet:-1","max-image-preview":"max-image-preview:large","max-video-preview":"max-video-preview:-1"},"canonical":"https:\/\/finetravelalbania.com\/es\/tour\/tour-culinario-albanes\/","og_locale":"it_IT","og_type":"article","og_title":"Tour gastronomico dell'Albania - Fine Travel Albania","og_description":"La cucina albanese \u00e8 semplice ma ricca di ingredienti freschi dal giardino alla tavola. La cucina \u00e8 una miscela di influenze della cucina turca, italiana, greca, ma \u00e8 sicuramente mediterranea nel suo nucleo. Simile alla cucina greca anche essa elimina le forti spezie mediorientali presenti nella cucina turca, compensando invece con l&#8217;uso di erbe mediterranee, [&hellip;]","og_url":"https:\/\/finetravelalbania.com\/es\/tour\/tour-culinario-albanes\/","og_site_name":"Fine Travel Albania","article_modified_time":"2026-02-04T15:00:36+00:00","og_image":[{"width":800,"height":450,"url":"https:\/\/finetravelalbania.com\/wp-content\/uploads\/2022\/10\/foto6-min-2.jpg","type":"image\/jpeg"}],"twitter_card":"summary_large_image","twitter_misc":{"Tempo di lettura stimato":"2 minuti"},"schema":{"@context":"https:\/\/schema.org","@graph":[{"@type":"WebPage","@id":"https:\/\/finetravelalbania.com\/es\/tour\/tour-culinario-albanes\/","url":"https:\/\/finetravelalbania.com\/es\/tour\/tour-culinario-albanes\/","name":"Tour gastronomico dell'Albania - Fine Travel Albania","isPartOf":{"@id":"https:\/\/finetravelalbania.com\/#website"},"primaryImageOfPage":{"@id":"https:\/\/finetravelalbania.com\/es\/tour\/tour-culinario-albanes\/#primaryimage"},"image":{"@id":"https:\/\/finetravelalbania.com\/es\/tour\/tour-culinario-albanes\/#primaryimage"},"thumbnailUrl":"https:\/\/finetravelalbania.com\/wp-content\/uploads\/2022\/10\/foto6-min-2.jpg","datePublished":"2022-11-02T10:18:38+00:00","dateModified":"2026-02-04T15:00:36+00:00","breadcrumb":{"@id":"https:\/\/finetravelalbania.com\/es\/tour\/tour-culinario-albanes\/#breadcrumb"},"inLanguage":"it-IT","potentialAction":[{"@type":"ReadAction","target":["https:\/\/finetravelalbania.com\/es\/tour\/tour-culinario-albanes\/"]}]},{"@type":"ImageObject","inLanguage":"it-IT","@id":"https:\/\/finetravelalbania.com\/es\/tour\/tour-culinario-albanes\/#primaryimage","url":"https:\/\/finetravelalbania.com\/wp-content\/uploads\/2022\/10\/foto6-min-2.jpg","contentUrl":"https:\/\/finetravelalbania.com\/wp-content\/uploads\/2022\/10\/foto6-min-2.jpg","width":800,"height":450,"caption":"Excursiones en Albania, Albania Destino, Albania Cocina, Gu\u00eda de Albania, Viaje a Albania, Albania tiempo - Fine Travel Albania"},{"@type":"BreadcrumbList","@id":"https:\/\/finetravelalbania.com\/es\/tour\/tour-culinario-albanes\/#breadcrumb","itemListElement":[{"@type":"ListItem","position":1,"name":"Home","item":"https:\/\/finetravelalbania.com\/it\/"},{"@type":"ListItem","position":2,"name":"Shop","item":"https:\/\/finetravelalbania.com\/?page_id=13"},{"@type":"ListItem","position":3,"name":"Tour gastronomico dell&#8217;Albania"}]},{"@type":"WebSite","@id":"https:\/\/finetravelalbania.com\/#website","url":"https:\/\/finetravelalbania.com\/","name":"Fine Travel Albania","description":"Your Boutique Travel Experts!","publisher":{"@id":"https:\/\/finetravelalbania.com\/#organization"},"potentialAction":[{"@type":"SearchAction","target":{"@type":"EntryPoint","urlTemplate":"https:\/\/finetravelalbania.com\/?s={search_term_string}"},"query-input":{"@type":"PropertyValueSpecification","valueRequired":true,"valueName":"search_term_string"}}],"inLanguage":"it-IT"},{"@type":"Organization","@id":"https:\/\/finetravelalbania.com\/#organization","name":"Fine Travel Albania","url":"https:\/\/finetravelalbania.com\/","logo":{"@type":"ImageObject","inLanguage":"it-IT","@id":"https:\/\/finetravelalbania.com\/#\/schema\/logo\/image\/","url":"https:\/\/finetravelalbania.com\/wp-content\/uploads\/2022\/11\/logo-web.png","contentUrl":"https:\/\/finetravelalbania.com\/wp-content\/uploads\/2022\/11\/logo-web.png","width":300,"height":243,"caption":"Fine Travel Albania"},"image":{"@id":"https:\/\/finetravelalbania.com\/#\/schema\/logo\/image\/"}}]}},"_links":{"self":[{"href":"https:\/\/finetravelalbania.com\/it\/wp-json\/wp\/v2\/product\/6767","targetHints":{"allow":["GET"]}}],"collection":[{"href":"https:\/\/finetravelalbania.com\/it\/wp-json\/wp\/v2\/product"}],"about":[{"href":"https:\/\/finetravelalbania.com\/it\/wp-json\/wp\/v2\/types\/product"}],"version-history":[{"count":20,"href":"https:\/\/finetravelalbania.com\/it\/wp-json\/wp\/v2\/product\/6767\/revisions"}],"predecessor-version":[{"id":8883,"href":"https:\/\/finetravelalbania.com\/it\/wp-json\/wp\/v2\/product\/6767\/revisions\/8883"}],"wp:featuredmedia":[{"embeddable":true,"href":"https:\/\/finetravelalbania.com\/it\/wp-json\/wp\/v2\/media\/6618"}],"wp:attachment":[{"href":"https:\/\/finetravelalbania.com\/it\/wp-json\/wp\/v2\/media?parent=6767"}],"wp:term":[{"taxonomy":"product_brand","embeddable":true,"href":"https:\/\/finetravelalbania.com\/it\/wp-json\/wp\/v2\/product_brand?post=6767"},{"taxonomy":"product_cat","embeddable":true,"href":"https:\/\/finetravelalbania.com\/it\/wp-json\/wp\/v2\/product_cat?post=6767"},{"taxonomy":"product_tag","embeddable":true,"href":"https:\/\/finetravelalbania.com\/it\/wp-json\/wp\/v2\/product_tag?post=6767"}],"curies":[{"name":"wp","href":"https:\/\/api.w.org\/{rel}","templated":true}]}}